{"id":7076,"date":"2024-04-11T15:52:55","date_gmt":"2024-04-11T13:52:55","guid":{"rendered":"https:\/\/probion.com\/?post_type=product&#038;p=7076"},"modified":"2024-04-26T09:52:25","modified_gmt":"2024-04-26T07:52:25","slug":"probion-clinica","status":"publish","type":"product","link":"https:\/\/probion.com\/sv\/produkt\/probion-clinica","title":{"rendered":"ProBion Clinica"},"content":{"rendered":"<h2> Passar de flesta och som komplement till active och basic.<\/h2>\n<p>Farmaceutisk grad av potens med terapeutisk kvalitet av h\u00e4lsosamma bakterier som st\u00f6der v\u00e4lbefinnande. Stammar noggrant utvalda f\u00f6r att harmonisera med varandra f\u00f6r att passa de flesta m\u00e4nniskors matsm\u00e4ltningsvanor.<\/p>\n<p>ProBion Clinica \u00e4r ett probiotiskt kosttillskott med h\u00f6g styrka som \u00e4r l\u00e4mpligt f\u00f6r alla matsituationer n\u00e4r extra h\u00f6g styrka \u00f6nskas eller om du bara b\u00f6rjar med probiotika. Anv\u00e4nd ocks\u00e5 f\u00f6rst\u00e4rkning av Active, Basic, samtidigt som du anv\u00e4nder antibiotika eller detox.<\/p>\n<p>10 miljarder bakterier per tablett, med stammar:<\/p>\n<ul>\n<li>Bifidobacterium lactis<\/li>\n<li>Lactobacillus acidophilus<\/li>\n<\/ul>\n<p>Bakterierna har producerats utan tillsats av GMO, mj\u00f6lk, soja, vete och gluten. l\u00e4mplig f\u00f6r veganer, gravida kvinnor, m\u00e4n och barn inklusive sm\u00e5barn och \u00e4ldre<\/p>\n<blockquote>\n<h2>\ud83d\udd30 Detox &#8211; vad kan man f\u00f6rv\u00e4nta sig?<\/h2>\n<p>\u2705 ProBion syftar till att \u00e5terst\u00e4lla balansen av v\u00e5ra tarmbakterier. Genom att fr\u00e4mja tillv\u00e4xten av gynnsamma bakterier kommer de ocks\u00e5 att orsaka avd\u00f6endet av skadliga bakterier. Detta \u00e4r en process av avgiftning som kan leda till l\u00e4kningskriser i form av tarmbesv\u00e4r och andra symptom relaterade till kroniska h\u00e4lsoproblem under de f\u00f6rsta 2-3 veckorna. Dessa symptom kommer att f\u00f6rsvinna n\u00e4r kroppen anpassar sig till en h\u00e4lsosam tarmflora, vilket leder till l\u00e5ngsiktig f\u00f6rb\u00e4ttring av h\u00e4lsan.<\/p>\n<p>\u2705 M\u00e5nga oh\u00e4lsosamma tillst\u00e5nd idag \u00e4r relaterade till en d\u00e5ligt balanserad mikroflora, eller vad som \u00e4r k\u00e4nt som dysbios. Vetenskapliga studier pekar alltmer p\u00e5 samband mellan dysbios och olika \u00e5kommor. Anv\u00e4ndningen av antibiotika inom h\u00e4lso- och sjukv\u00e5rd, jordbruk och djurh\u00e5llning \u00f6kar. Vi har p\u00e5 m\u00e5nga s\u00e4tt steriliserat v\u00e5r milj\u00f6, och detta \u00e4r skadligt f\u00f6r v\u00e5r mikroflorabalans. N\u00e4r vi inte f\u00e5r tillr\u00e4ckligt med gynnsamma mikrober, eller d\u00f6dar dem p\u00e5 grund av att vi beh\u00f6ver antibiotika, beh\u00f6ver vi probiotika-tillskott mer \u00e4n n\u00e5gonsin.<\/p>\n<h5><strong>\ud83d\udc4d Som tumregel rekommenderar vi att man b\u00f6rjar med ProBion Clinica och\/eller anv\u00e4nder det som starkt st\u00f6d f\u00f6r Active, Basic eller Daily.<\/strong><\/h5>\n<p>&nbsp;<\/p>\n<p>\u2705 Garanterad styrka med terapeutisk kvalitet av h\u00e4lsosamma bakterier som st\u00f6der v\u00e4lbefinnandet. Stammar noggrant utvalda f\u00f6r att harmonisera med varandra f\u00f6r att passa de flesta m\u00e4nniskors matsituationer oavsett \u00e5lder och k\u00f6n.<\/p><\/blockquote>\n<blockquote><p>\n<!--h2>\ud83d\udd30 Recommended Dosage<\/h2>\n\n\n\u00bb Start with 1 tablet a day in the first week, and gradually increase to 2 tablets a day or more as needed. This initiation period normally would last within 3 weeks.\n\u00bb Children under the age of 7 should take half the dosage of adults. Infants should take 1\/4 the dosage of adults with tablets ground into powder and mixed with water or milk, to be fed little by little throughout the day.<\/blockquote>\n\n\n\n\n<blockquote>\n\n\n<h2>\ud83d\udd30 Why\u00a0 Should You Choose ProBion?<\/h2-->\n<strong><br \/>\n\u2705 Garanterade Levande Kulturer<\/strong><br \/>\n<strong>\u00bb<\/strong> V\u00e5ra torra tabletter har 4 \u00e5rs h\u00e5llbarhet utan behov av kylning, med 10 g\u00e5nger \u00f6verl\u00e4gsen h\u00e5llbarhet j\u00e4mf\u00f6rt med konventionella kapslar. Laboratorieanalyser visar att majoriteten av gynnsamma bakterier = 90% fortfarande \u00e4r oskadade efter 4 \u00e5r. Kliniska studier visar dessutom att bakterierna kan f\u00f6rbli livskraftiga i tunntarmen och tjocktarmen d\u00e4r de kan st\u00f6dja terapeutiska effekter.<\/p>\n<p><strong>\u2705\u00a0V\u00e4ltestade Stammar<\/strong><br \/>\n<strong>\u00bb<\/strong> Vi v\u00e4ljer stammar med bevisade f\u00f6rdelar som st\u00f6ds av hundratals peer-reviewed studier, och vi kombinerar dem i en matris med innovativ teknologi f\u00f6r att s\u00e4kerst\u00e4lla deras s\u00e4kra passage till tarmen d\u00e4r de kan lindra matsm\u00e4ltningsbesv\u00e4r.<\/p>\n<p><strong>\u2705 Terapeutisk Kvalitet<\/strong><br \/>\n<strong>\u00bb<\/strong> Kraftfulla kulturer skyddas och levereras till tarmen f\u00f6r att fr\u00e4mja en sund flora och s\u00e4kerst\u00e4lla att de \u00f6vertr\u00e4ffar skadliga bakterier, vilket bygger grunden f\u00f6r att eliminera matsm\u00e4ltnings &#8211; och andra h\u00e4lsoproblem.<\/p>\n<p><strong>\u2705 F\u00f6rl\u00e4ngd Probiotisk Prestanda<\/strong><br \/>\n<strong>\u00bb<\/strong> ProBion levererar kraftfulla, friska bakterier till mag-tarmkanalen med kontrollerad fris\u00e4ttning \u00f6ver 180 minuter, vilket m\u00f6jligg\u00f6r 10 g\u00e5nger s\u00e5 mycket deposition och aktivering av levande kulturer j\u00e4mf\u00f6rt med konventionella probiotiska kapslar.<\/p>\n<p><strong>\u2705 Matrix Teknologi<br \/>\n<\/strong><strong>\u00bb<\/strong>Wasa Medicals PLC (Prolongation of Life Concept) Matrix &#8211; en unik struktur av denna geniala tablettform tillverkas med en l\u00e5gkompressionsfrysteknologi d\u00e4r mindre \u00e4n 10% av den konventionella kompressionskraften anv\u00e4nds. Detta s\u00e4kerst\u00e4ller den st\u00f6rsta livskraften hos kulturerna under och efter produktionen. Bakterierna som \u00e4r inb\u00e4ddade i matrisen skyddas fr\u00e5n skador av syre och fuktighet.<\/p>\n<p>Bakterierna har producerats utan tillsats av GMO, mejeriprodukter, soja, vete och gluten. l\u00e4mplig f\u00f6r veganer, gravida kvinnor, m\u00e4n och barn inklusive sm\u00e5barn och \u00e4ldre.<\/p>\n<p><b>\u2705 Anpassat f\u00f6r Din Matsm\u00e4ltning<\/b><\/p>\n<p>V\u00e5ra bakteriestammar \u00e4r kliniskt valda och kombinerade av svenska forskare f\u00f6r att m\u00e5linrikta olika matsm\u00e4ltningsf\u00f6rh\u00e5llanden, inklusive tarmmotilitet som \u00e4r antingen f\u00f6r l\u00e5ngsam eller f\u00f6r snabb eller \u00e4r f\u00f6r k\u00e4nslig och orsakar oregelbundenhet. Stammar harmoniserar med varandra och \u00e4r s\u00e4kra och effektiva f\u00f6r alla oavsett \u00e5lder och k\u00f6n.<\/p><\/blockquote>\n<blockquote>\n<h2>\u00bb Vad Inneh\u00e5ller ProBion? <\/h2>\n<p>\u00bb Prebiotisk inulin &#8211; fr\u00e4mjar tillv\u00e4xten och aktiviteten f\u00f6r den endogena floran. Ofta utvunnet fr\u00e5n r\u00f6tterna p\u00e5 endiver.<\/p>\n<p>\u00bb Xantangummi &#8211;\u00a0 ett slemproducerande \u00e4mne framst\u00e4llt genom j\u00e4sning av kolhydrater. Det skyddar bakterierna i tarmen och kontrollerar uppl\u00f6sningen av tabletterna f\u00f6r att optimera exponeringen av livskraftiga bakterier.<\/p>\n<p>\u00bb Magnesiumstearat &#8211; En f\u00f6rening av magnesium och stearinsyror, det \u00e4r en fl\u00f6desmedel som ger mer konsistens \u00e5t tabletterna. RSPO-certifierad.<\/p>\n","protected":false},"excerpt":{"rendered":"<p>Passar de flesta och som komplement till active och basic<br \/>\nLaktosfri!<\/p>\n","protected":false},"featured_media":5918,"template":"","meta":{"inline_featured_image":false,"_uag_custom_page_level_css":"","site-sidebar-layout":"default","site-content-layout":"default","ast-site-content-layout":"default","site-content-style":"default","site-sidebar-style":"default","ast-global-header-display":"","ast-banner-title-visibility":"","ast-main-header-display":"","ast-hfb-above-header-display":"","ast-hfb-below-header-display":"","ast-hfb-mobile-header-display":"","site-post-title":"","ast-breadcrumbs-content":"","ast-featured-img":"","footer-sml-layout":"","ast-disable-related-posts":"","theme-transparent-header-meta":"default","adv-header-id-meta":"","stick-header-meta":"default","header-above-stick-meta":"","header-main-stick-meta":"","header-below-stick-meta":"","astra-migrate-meta-layouts":"set","ast-page-background-enabled":"default","ast-page-background-meta":{"desktop":{"background-color":"","background-image":"","background-repeat":"repeat","background-position":"center center","background-size":"auto","background-attachment":"scroll","background-type":"","background-media":"","overlay-type":"","overlay-color":"","overlay-opacity":"","overlay-gradient":""},"tablet":{"background-color":"","background-image":"","background-repeat":"repeat","background-position":"center center","background-size":"auto","background-attachment":"scroll","background-type":"","background-media":"","overlay-type":"","overlay-color":"","overlay-opacity":"","overlay-gradient":""},"mobile":{"background-color":"","background-image":"","background-repeat":"repeat","background-position":"center center","background-size":"auto","background-attachment":"scroll","background-type":"","background-media":"","overlay-type":"","overlay-color":"","overlay-opacity":"","overlay-gradient":""}},"ast-content-background-meta":{"desktop":{"background-color":"var(--ast-global-color-5)","background-image":"","background-repeat":"repeat","background-position":"center center","background-size":"auto","background-attachment":"scroll","background-type":"","background-media":"","overlay-type":"","overlay-color":"","overlay-opacity":"","overlay-gradient":""},"tablet":{"background-color":"var(--ast-global-color-5)","background-image":"","background-repeat":"repeat","background-position":"center center","background-size":"auto","background-attachment":"scroll","background-type":"","background-media":"","overlay-type":"","overlay-color":"","overlay-opacity":"","overlay-gradient":""},"mobile":{"background-color":"var(--ast-global-color-5)","background-image":"","background-repeat":"repeat","background-position":"center center","background-size":"auto","background-attachment":"scroll","background-type":"","background-media":"","overlay-type":"","overlay-color":"","overlay-opacity":"","overlay-gradient":""}}},"product_brand":[],"product_cat":[26],"product_tag":[42],"class_list":{"0":"post-7076","1":"product","2":"type-product","3":"status-publish","4":"has-post-thumbnail","6":"product_cat-probion-probiotika","7":"product_tag-probion-sv","8":"desktop-align-center","9":"tablet-align-center","10":"mobile-align-center","11":"ast-product-gallery-layout-horizontal","12":"ast-product-gallery-with-no-image","13":"ast-magnify-disabled","14":"ast-product-tabs-layout-horizontal","16":"first","17":"outofstock","18":"taxable","19":"shipping-taxable","20":"purchasable","21":"product-type-simple"},"uagb_featured_image_src":{"full":["https:\/\/probion.com\/wp-content\/uploads\/2020\/12\/probion_clinica_s.jpg",620,768,false],"thumbnail":["https:\/\/probion.com\/wp-content\/uploads\/2020\/12\/probion_clinica_s-150x150.jpg",150,150,true],"medium":["https:\/\/probion.com\/wp-content\/uploads\/2020\/12\/probion_clinica_s-242x300.jpg",242,300,true],"medium_large":["https:\/\/probion.com\/wp-content\/uploads\/2020\/12\/probion_clinica_s.jpg",620,768,false],"large":["https:\/\/probion.com\/wp-content\/uploads\/2020\/12\/probion_clinica_s.jpg",620,768,false],"1536x1536":["https:\/\/probion.com\/wp-content\/uploads\/2020\/12\/probion_clinica_s.jpg",620,768,false],"2048x2048":["https:\/\/probion.com\/wp-content\/uploads\/2020\/12\/probion_clinica_s.jpg",620,768,false],"woocommerce_thumbnail":["https:\/\/probion.com\/wp-content\/uploads\/2020\/12\/probion_clinica_s-250x310.jpg",250,310,true],"woocommerce_single":["https:\/\/probion.com\/wp-content\/uploads\/2020\/12\/probion_clinica_s-325x403.jpg",325,403,true],"woocommerce_gallery_thumbnail":["https:\/\/probion.com\/wp-content\/uploads\/2020\/12\/probion_clinica_s-100x100.jpg",100,100,true]},"uagb_author_info":{"display_name":"Michal","author_link":"https:\/\/probion.com\/sv\/probion-blog\/author"},"uagb_comment_info":0,"uagb_excerpt":"Passar de flesta och som komplement till active och basic Laktosfri!","_links":{"self":[{"href":"https:\/\/probion.com\/sv\/wp-json\/wp\/v2\/product\/7076","targetHints":{"allow":["GET"]}}],"collection":[{"href":"https:\/\/probion.com\/sv\/wp-json\/wp\/v2\/product"}],"about":[{"href":"https:\/\/probion.com\/sv\/wp-json\/wp\/v2\/types\/product"}],"wp:featuredmedia":[{"embeddable":true,"href":"https:\/\/probion.com\/sv\/wp-json\/wp\/v2\/media\/5918"}],"wp:attachment":[{"href":"https:\/\/probion.com\/sv\/wp-json\/wp\/v2\/media?parent=7076"}],"wp:term":[{"taxonomy":"product_brand","embeddable":true,"href":"https:\/\/probion.com\/sv\/wp-json\/wp\/v2\/product_brand?post=7076"},{"taxonomy":"product_cat","embeddable":true,"href":"https:\/\/probion.com\/sv\/wp-json\/wp\/v2\/product_cat?post=7076"},{"taxonomy":"product_tag","embeddable":true,"href":"https:\/\/probion.com\/sv\/wp-json\/wp\/v2\/product_tag?post=7076"}],"curies":[{"name":"wp","href":"https:\/\/api.w.org\/{rel}","templated":true}]}}