{"id":6959,"date":"2023-09-06T18:33:13","date_gmt":"2023-09-06T16:33:13","guid":{"rendered":"https:\/\/probion.com\/homepage-probion-2-2"},"modified":"2024-04-26T09:11:40","modified_gmt":"2024-04-26T07:11:40","slug":"homepage-probion-2-2","status":"publish","type":"page","link":"https:\/\/probion.com\/sv","title":{"rendered":"HomePage ProBion 2"},"content":{"rendered":"\n<section class=\"wp-block-uagb-columns uagb-columns__wrap uagb-columns__background-none uagb-columns__stack-mobile uagb-columns__valign- uagb-columns__gap-0 align uagb-block-bbb12b2d uagb-columns__columns-1 uagb-columns__max_width-theme full-width header_content\"><div class=\"uagb-columns__overlay\"><\/div><div class=\"uagb-columns__inner-wrap uagb-columns__columns-1\">\n<div class=\"wp-block-uagb-column uagb-column__wrap uagb-column__background-undefined uagb-block-75743520\"><div class=\"uagb-column__overlay\"><\/div>\n<div style=\"height:98px\" aria-hidden=\"true\" class=\"wp-block-spacer\"><\/div>\n\n\n\n<h1 class=\"wp-block-heading has-text-align-center\">H\u00e5llbar och <br\/>Livskraftig Probiotika <br\/>Anpassad f\u00f6r din Matsm\u00e4ltning<\/h1>\n\n\n\n<p class=\"has-small-font-size has-text-align-center\"><mark style=\"background-color:rgba(0, 0, 0, 0)\" class=\"has-inline-color has-vivid-cyan-blue-color\"><strong>MADE IN SWEDEN<\/strong><\/mark><\/p>\n\n\n\n<div style=\"height:98px\" aria-hidden=\"true\" class=\"wp-block-spacer\"><\/div>\n\n\n\n<p><\/p>\n\n\n\n<p><\/p>\n<\/div>\n<\/div><\/section>\n\n<div style=\"height:31px\" aria-hidden=\"true\" class=\"wp-block-spacer\"><\/div>\n\n<div style=\"height:31px\" aria-hidden=\"true\" class=\"wp-block-spacer\"><\/div>\n\n<div class=\"woocommerce columns-4 \"><ul class=\"products columns-4\">\n<li class=\"desktop-align-center tablet-align-center mobile-align-center ast-product-gallery-layout-horizontal ast-product-gallery-with-no-image ast-magnify-disabled ast-product-tabs-layout-horizontal product type-product post-7072 status-publish first outofstock product_cat-probion-probiotika product_tag-probion-sv has-post-thumbnail taxable shipping-taxable purchasable product-type-simple\">\n\t<a href=\"https:\/\/probion.com\/sv\/produkt\/probion-active\" class=\"woocommerce-LoopProduct-link woocommerce-loop-product__link\"><img loading=\"lazy\" decoding=\"async\" width=\"250\" height=\"311\" src=\"https:\/\/probion.com\/wp-content\/uploads\/2020\/12\/probion_active_s-1-250x311.jpg\" class=\"attachment-woocommerce_thumbnail size-woocommerce_thumbnail\" alt=\"natural probiotics lactose free probiotics\" srcset=\"https:\/\/probion.com\/wp-content\/uploads\/2020\/12\/probion_active_s-1-250x311.jpg 250w, https:\/\/probion.com\/wp-content\/uploads\/2020\/12\/probion_active_s-1-241x300.jpg 241w, https:\/\/probion.com\/wp-content\/uploads\/2020\/12\/probion_active_s-1-325x404.jpg 325w, https:\/\/probion.com\/wp-content\/uploads\/2020\/12\/probion_active_s-1.jpg 618w\" sizes=\"auto, (max-width: 250px) 100vw, 250px\" \/><h2 class=\"woocommerce-loop-product__title\">ProBion Active<\/h2>\n\t<span class=\"price\"><span class=\"woocommerce-Price-amount amount\"><bdi><span class=\"woocommerce-Price-currencySymbol\">&#107;&#114;<\/span>&nbsp;305,97<\/bdi><\/span><\/span>\n<span data-content_category=\"Probiotika\"><\/span><\/a><a href=\"https:\/\/probion.com\/sv\/produkt\/probion-active\" aria-describedby=\"woocommerce_loop_add_to_cart_link_describedby_7072\" data-quantity=\"1\" class=\"button product_type_simple \" data-product_id=\"7072\" data-product_sku=\"7350092800013\" aria-label=\"L\u00e4s mer om \u201dProBion Active\u201d\" rel=\"nofollow\" data-success_message=\"\">L\u00e4s mer<\/a>\t<span id=\"woocommerce_loop_add_to_cart_link_describedby_7072\" class=\"screen-reader-text\">\n\t\t\t<\/span>\n<\/li>\n<li class=\"desktop-align-center tablet-align-center mobile-align-center ast-product-gallery-layout-horizontal ast-product-gallery-with-no-image ast-magnify-disabled ast-product-tabs-layout-horizontal product type-product post-7077 status-publish outofstock product_cat-probion-probiotika product_tag-probion-sv has-post-thumbnail taxable shipping-taxable purchasable product-type-simple\">\n\t<a href=\"https:\/\/probion.com\/sv\/produkt\/probion-basic\" class=\"woocommerce-LoopProduct-link woocommerce-loop-product__link\"><img loading=\"lazy\" decoding=\"async\" width=\"250\" height=\"310\" src=\"https:\/\/probion.com\/wp-content\/uploads\/2020\/07\/probion_basic_s-250x310.jpg\" class=\"attachment-woocommerce_thumbnail size-woocommerce_thumbnail\" alt=\"natural probiotics lactose free probiotics\" srcset=\"https:\/\/probion.com\/wp-content\/uploads\/2020\/07\/probion_basic_s-250x310.jpg 250w, https:\/\/probion.com\/wp-content\/uploads\/2020\/07\/probion_basic_s-242x300.jpg 242w, https:\/\/probion.com\/wp-content\/uploads\/2020\/07\/probion_basic_s-325x403.jpg 325w, https:\/\/probion.com\/wp-content\/uploads\/2020\/07\/probion_basic_s.jpg 620w\" sizes=\"auto, (max-width: 250px) 100vw, 250px\" \/><h2 class=\"woocommerce-loop-product__title\">ProBion Basic<\/h2>\n\t<span class=\"price\"><span class=\"woocommerce-Price-amount amount\"><bdi><span class=\"woocommerce-Price-currencySymbol\">&#107;&#114;<\/span>&nbsp;325,97<\/bdi><\/span><\/span>\n<span data-content_category=\"Probiotika\"><\/span><\/a><a href=\"https:\/\/probion.com\/sv\/produkt\/probion-basic\" aria-describedby=\"woocommerce_loop_add_to_cart_link_describedby_7077\" data-quantity=\"1\" class=\"button product_type_simple \" data-product_id=\"7077\" data-product_sku=\"7350092800020\" aria-label=\"L\u00e4s mer om \u201dProBion Basic\u201d\" rel=\"nofollow\" data-success_message=\"\">L\u00e4s mer<\/a>\t<span id=\"woocommerce_loop_add_to_cart_link_describedby_7077\" class=\"screen-reader-text\">\n\t\t\t<\/span>\n<\/li>\n<li class=\"desktop-align-center tablet-align-center mobile-align-center ast-product-gallery-layout-horizontal ast-product-gallery-with-no-image ast-magnify-disabled ast-product-tabs-layout-horizontal product type-product post-7076 status-publish outofstock product_cat-probion-probiotika product_tag-probion-sv has-post-thumbnail taxable shipping-taxable purchasable product-type-simple\">\n\t<a href=\"https:\/\/probion.com\/sv\/produkt\/probion-clinica\" class=\"woocommerce-LoopProduct-link woocommerce-loop-product__link\"><img loading=\"lazy\" decoding=\"async\" width=\"250\" height=\"310\" src=\"https:\/\/probion.com\/wp-content\/uploads\/2020\/12\/probion_clinica_s-250x310.jpg\" class=\"attachment-woocommerce_thumbnail size-woocommerce_thumbnail\" alt=\"ProBion Clinica\" srcset=\"https:\/\/probion.com\/wp-content\/uploads\/2020\/12\/probion_clinica_s-250x310.jpg 250w, https:\/\/probion.com\/wp-content\/uploads\/2020\/12\/probion_clinica_s-242x300.jpg 242w, https:\/\/probion.com\/wp-content\/uploads\/2020\/12\/probion_clinica_s-325x403.jpg 325w, https:\/\/probion.com\/wp-content\/uploads\/2020\/12\/probion_clinica_s.jpg 620w\" sizes=\"auto, (max-width: 250px) 100vw, 250px\" \/><h2 class=\"woocommerce-loop-product__title\">ProBion Clinica<\/h2>\n\t<span class=\"price\"><span class=\"woocommerce-Price-amount amount\"><bdi><span class=\"woocommerce-Price-currencySymbol\">&#107;&#114;<\/span>&nbsp;550,00<\/bdi><\/span><\/span>\n<span data-content_category=\"Probiotika\"><\/span><\/a><a href=\"https:\/\/probion.com\/sv\/produkt\/probion-clinica\" aria-describedby=\"woocommerce_loop_add_to_cart_link_describedby_7076\" data-quantity=\"1\" class=\"button product_type_simple \" data-product_id=\"7076\" data-product_sku=\"\" aria-label=\"L\u00e4s mer om \u201dProBion Clinica\u201d\" rel=\"nofollow\" data-success_message=\"\">L\u00e4s mer<\/a>\t<span id=\"woocommerce_loop_add_to_cart_link_describedby_7076\" class=\"screen-reader-text\">\n\t\t\t<\/span>\n<\/li>\n<li class=\"desktop-align-center tablet-align-center mobile-align-center ast-product-gallery-layout-horizontal ast-product-gallery-with-no-image ast-magnify-disabled ast-product-tabs-layout-horizontal product type-product post-7074 status-publish last outofstock product_cat-probion-probiotika product_tag-probion-sv has-post-thumbnail taxable shipping-taxable purchasable product-type-simple\">\n\t<a href=\"https:\/\/probion.com\/sv\/produkt\/probion-daily\" class=\"woocommerce-LoopProduct-link woocommerce-loop-product__link\"><img loading=\"lazy\" decoding=\"async\" width=\"250\" height=\"311\" src=\"https:\/\/probion.com\/wp-content\/uploads\/2020\/12\/probion_daily_s-250x311.jpg\" class=\"attachment-woocommerce_thumbnail size-woocommerce_thumbnail\" alt=\"natural probiotics lactose free probiotics\" srcset=\"https:\/\/probion.com\/wp-content\/uploads\/2020\/12\/probion_daily_s-250x311.jpg 250w, https:\/\/probion.com\/wp-content\/uploads\/2020\/12\/probion_daily_s-241x300.jpg 241w, https:\/\/probion.com\/wp-content\/uploads\/2020\/12\/probion_daily_s-325x404.jpg 325w, https:\/\/probion.com\/wp-content\/uploads\/2020\/12\/probion_daily_s.jpg 618w\" sizes=\"auto, (max-width: 250px) 100vw, 250px\" \/><h2 class=\"woocommerce-loop-product__title\">ProBion Daily<\/h2>\n\t<span class=\"price\"><span class=\"woocommerce-Price-amount amount\"><bdi><span class=\"woocommerce-Price-currencySymbol\">&#107;&#114;<\/span>&nbsp;365,97<\/bdi><\/span><\/span>\n<span data-content_category=\"Probiotika\"><\/span><\/a><a href=\"https:\/\/probion.com\/sv\/produkt\/probion-daily\" aria-describedby=\"woocommerce_loop_add_to_cart_link_describedby_7074\" data-quantity=\"1\" class=\"button product_type_simple \" data-product_id=\"7074\" data-product_sku=\"7350092800044\" aria-label=\"L\u00e4s mer om \u201dProBion Daily\u201d\" rel=\"nofollow\" data-success_message=\"\">L\u00e4s mer<\/a>\t<span id=\"woocommerce_loop_add_to_cart_link_describedby_7074\" class=\"screen-reader-text\">\n\t\t\t<\/span>\n<\/li>\n<\/ul>\n<\/div>\n\n<div style=\"height:100px\" aria-hidden=\"true\" class=\"wp-block-spacer\"><\/div>\n\n<section class=\"wp-block-uagb-columns uagb-columns__wrap uagb-columns__background-gradient uagb-columns__stack-mobile uagb-columns__valign- uagb-columns__gap-10 align uagb-block-2bb6a530 uagb-columns__columns-2 uagb-columns__max_width-theme\"><div class=\"uagb-columns__overlay\"><\/div><div class=\"uagb-columns__inner-wrap uagb-columns__columns-2\">\n<div class=\"wp-block-uagb-column uagb-column__wrap uagb-column__background-undefined uagb-block-a05bfc02\"><div class=\"uagb-column__overlay\"><\/div>\n<h3 class=\"wp-block-heading header_bold\">#1 Probiotika f\u00f6r Din Mage<br\/><\/h3>\n\n\n\n<p><\/p>\n\n\n\n<figure class=\"wp-block-image alignleft size-large is-resized is-style-rounded\"><img loading=\"lazy\" decoding=\"async\" width=\"350\" height=\"350\" src=\"https:\/\/probion.com\/wp-content\/uploads\/2020\/07\/lennart_cedgard_ceo_probion.jpg\" alt=\"\" class=\"wp-image-987\" style=\"width:120px;height:120px\" srcset=\"https:\/\/probion.com\/wp-content\/uploads\/2020\/07\/lennart_cedgard_ceo_probion.jpg 350w, https:\/\/probion.com\/wp-content\/uploads\/2020\/07\/lennart_cedgard_ceo_probion-300x300.jpg 300w, https:\/\/probion.com\/wp-content\/uploads\/2020\/07\/lennart_cedgard_ceo_probion-150x150.jpg 150w, https:\/\/probion.com\/wp-content\/uploads\/2020\/07\/lennart_cedgard_ceo_probion-250x250.jpg 250w, https:\/\/probion.com\/wp-content\/uploads\/2020\/07\/lennart_cedgard_ceo_probion-325x325.jpg 325w, https:\/\/probion.com\/wp-content\/uploads\/2020\/07\/lennart_cedgard_ceo_probion-100x100.jpg 100w\" sizes=\"auto, (max-width: 350px) 100vw, 350px\" \/><\/figure>\n\n\n\n<p class=\"has-text-align-center\">&#8221;<em>ProBion \u00e4r exlusivt anpassad f\u00f6r att passa alla magar oavsett \u00e5lder. V\u00e4l utvalda bakteriestammar f\u00f6r att harmonisera tillsammans och garantera terapeutisk kvalitet under l\u00e5ng tid.<\/em>&#8221; <strong> &#8212; Dr. Lennart Cedg\u00e5rd<\/strong> &#8211; Innovat\u00f6r<\/p>\n\n\n\n<p class=\"has-text-align-center\"> <a href=\"https:\/\/probion.com\/sv\/probion-medicinska-probiotika\" data-type=\"page\" data-id=\"191\"><button type=\"button\">L\u00e4s mer<\/button> <\/a><\/p>\n<\/div>\n\n\n\n<div class=\"wp-block-uagb-column uagb-column__wrap uagb-column__background-image uagb-block-ca8e9d13\"><div class=\"uagb-column__overlay\"><\/div>\n<figure class=\"wp-block-image aligncenter size-large is-resized\"><img loading=\"lazy\" decoding=\"async\" width=\"300\" height=\"260\" src=\"https:\/\/probion.com\/wp-content\/uploads\/2020\/06\/icon-probionheart-small-svg.svg\" alt=\"\" class=\"wp-image-115\" style=\"width:315px;height:273px\"\/><\/figure>\n\n\n\n<p><\/p>\n<\/div>\n<\/div><\/section>\n\n<p><\/p>\n\n<!-- <section class=\"wp-block-uagb-columns uagb-columns__wrap uagb-columns__background-gradient uagb-columns__stack-mobile uagb-columns__valign-undefined uagb-columns__gap-10 alignundefined uagb-block-ce24a542\"><div class=\"uagb-columns__overlay\"><\/div><div class=\"uagb-columns__inner-wrap uagb-columns__columns-2\">\n\n<\/div><\/section>-->\n\n<style>\n#primary, .ast-plain-container #primary {\n    margin-top: 0;\n}\n.ast-separate-container #primary, .ast-separate-container.ast-left-sidebar #primary, .ast-separate-container.ast-right-sidebar #primary {\n\tmargin: 0;\n\tpadding: 0;\n}\n.ast-separate-container .ast-article-post, .ast-separate-container .ast-article-single {\n\tpadding: 0;\n}\n\/\/comment\n<\/style>\n","protected":false},"excerpt":{"rendered":"<p>H\u00e5llbar och Livskraftig Probiotika Anpassad f\u00f6r din Matsm\u00e4ltning MADE IN SWEDEN #1 Probiotika f\u00f6r Din Mage &#8221;ProBion \u00e4r exlusivt anpassad f\u00f6r att passa alla magar oavsett \u00e5lder. V\u00e4l utvalda bakteriestammar f\u00f6r att harmonisera tillsammans och garantera terapeutisk kvalitet under l\u00e5ng tid.&#8221; &#8212; Dr. Lennart Cedg\u00e5rd &#8211; Innovat\u00f6r L\u00e4s mer<\/p>\n","protected":false},"author":1980,"featured_media":0,"parent":0,"menu_order":0,"comment_status":"closed","ping_status":"closed","template":"","meta":{"inline_featured_image":false,"_uag_custom_page_level_css":"","site-sidebar-layout":"default","site-content-layout":"default","ast-site-content-layout":"default","site-content-style":"default","site-sidebar-style":"default","ast-global-header-display":"","ast-banner-title-visibility":"","ast-main-header-display":"","ast-hfb-above-header-display":"","ast-hfb-below-header-display":"","ast-hfb-mobile-header-display":"","site-post-title":"disabled","ast-breadcrumbs-content":"","ast-featured-img":"","footer-sml-layout":"","ast-disable-related-posts":"","theme-transparent-header-meta":"default","adv-header-id-meta":"","stick-header-meta":"default","header-above-stick-meta":"","header-main-stick-meta":"","header-below-stick-meta":"","astra-migrate-meta-layouts":"default","ast-page-background-enabled":"default","ast-page-background-meta":{"desktop":{"background-color":"","background-image":"","background-repeat":"repeat","background-position":"center center","background-size":"auto","background-attachment":"scroll","background-type":"","background-media":"","overlay-type":"","overlay-color":"","overlay-opacity":"","overlay-gradient":""},"tablet":{"background-color":"","background-image":"","background-repeat":"repeat","background-position":"center center","background-size":"auto","background-attachment":"scroll","background-type":"","background-media":"","overlay-type":"","overlay-color":"","overlay-opacity":"","overlay-gradient":""},"mobile":{"background-color":"","background-image":"","background-repeat":"repeat","background-position":"center center","background-size":"auto","background-attachment":"scroll","background-type":"","background-media":"","overlay-type":"","overlay-color":"","overlay-opacity":"","overlay-gradient":""}},"ast-content-background-meta":{"desktop":{"background-color":"var(--ast-global-color-5)","background-image":"","background-repeat":"repeat","background-position":"center center","background-size":"auto","background-attachment":"scroll","background-type":"","background-media":"","overlay-type":"","overlay-color":"","overlay-opacity":"","overlay-gradient":""},"tablet":{"background-color":"var(--ast-global-color-5)","background-image":"","background-repeat":"repeat","background-position":"center center","background-size":"auto","background-attachment":"scroll","background-type":"","background-media":"","overlay-type":"","overlay-color":"","overlay-opacity":"","overlay-gradient":""},"mobile":{"background-color":"var(--ast-global-color-5)","background-image":"","background-repeat":"repeat","background-position":"center center","background-size":"auto","background-attachment":"scroll","background-type":"","background-media":"","overlay-type":"","overlay-color":"","overlay-opacity":"","overlay-gradient":""}},"footnotes":""},"class_list":["post-6959","page","type-page","status-publish","hentry"],"uagb_featured_image_src":{"full":false,"thumbnail":false,"medium":false,"medium_large":false,"large":false,"1536x1536":false,"2048x2048":false,"woocommerce_thumbnail":false,"woocommerce_single":false,"woocommerce_gallery_thumbnail":false},"uagb_author_info":{"display_name":"Michal","author_link":"https:\/\/probion.com\/sv\/probion-blog\/author\/michalwernik"},"uagb_comment_info":0,"uagb_excerpt":"H\u00e5llbar och Livskraftig Probiotika Anpassad f\u00f6r din Matsm\u00e4ltning MADE IN SWEDEN #1 Probiotika f\u00f6r Din Mage &#8221;ProBion \u00e4r exlusivt anpassad f\u00f6r att passa alla magar oavsett \u00e5lder. V\u00e4l utvalda bakteriestammar f\u00f6r att harmonisera tillsammans och garantera terapeutisk kvalitet under l\u00e5ng tid.&#8221; &#8212; Dr. Lennart Cedg\u00e5rd &#8211; Innovat\u00f6r L\u00e4s mer","_links":{"self":[{"href":"https:\/\/probion.com\/sv\/wp-json\/wp\/v2\/pages\/6959","targetHints":{"allow":["GET"]}}],"collection":[{"href":"https:\/\/probion.com\/sv\/wp-json\/wp\/v2\/pages"}],"about":[{"href":"https:\/\/probion.com\/sv\/wp-json\/wp\/v2\/types\/page"}],"author":[{"embeddable":true,"href":"https:\/\/probion.com\/sv\/wp-json\/wp\/v2\/users\/1980"}],"replies":[{"embeddable":true,"href":"https:\/\/probion.com\/sv\/wp-json\/wp\/v2\/comments?post=6959"}],"version-history":[{"count":10,"href":"https:\/\/probion.com\/sv\/wp-json\/wp\/v2\/pages\/6959\/revisions"}],"predecessor-version":[{"id":7095,"href":"https:\/\/probion.com\/sv\/wp-json\/wp\/v2\/pages\/6959\/revisions\/7095"}],"wp:attachment":[{"href":"https:\/\/probion.com\/sv\/wp-json\/wp\/v2\/media?parent=6959"}],"curies":[{"name":"wp","href":"https:\/\/api.w.org\/{rel}","templated":true}]}}