{"id":628,"date":"2020-07-06T10:18:08","date_gmt":"2020-07-06T08:18:08","guid":{"rendered":"https:\/\/probion.com\/forskning-och-innovation-pa-probiotika"},"modified":"2021-07-20T13:13:27","modified_gmt":"2021-07-20T11:13:27","slug":"probion-probiotika-forskning","status":"publish","type":"page","link":"https:\/\/probion.com\/sv\/probion-probiotika-forskning","title":{"rendered":"Forskning och Innovation p\u00e5 Probiotika"},"content":{"rendered":"\n<h2 class=\"has-text-align-center wp-block-heading\">Forskning och Innovation p\u00e5 Probiotika<\/h2>\n\n<p>ProBions terapeutiska kvalitet \u00e4r baserat med <a href=\"https:\/\/probion.com\/probion-blog\/90-colon-cancer-microbes-altered-by-probiotic-intervention\">vetenskaplig evidens med adekvata protokoll<\/a>. ProBion tablet disintegration profile has been verified according to the <a href=\"https:\/\/www.edqm.eu\/en\/european-pharmacopoeia-ph-eur-10th-edition\">European Pharmacopoeia<\/a>. Detta medf\u00f6r vanlig kvalitetskontroll i hela den farmaceutiska industrin i Europa f\u00f6r att kontrollera kvaliteten av l\u00e4kemedel och substanserna som anv\u00e4nds f\u00f6r att producera produkterna.<\/p>\n\n<section class=\"wp-block-uagb-columns uagb-columns__wrap uagb-columns__background-undefined uagb-columns__stack-mobile uagb-columns__valign-undefined uagb-columns__gap-10 alignundefined uagb-block-e1cb7100\"><div class=\"uagb-columns__overlay\"><\/div><div class=\"uagb-columns__inner-wrap uagb-columns__columns-2\">\n<div class=\"wp-block-uagb-column uagb-column__wrap uagb-column__background-undefined uagb-block-03a38ece\"><div class=\"uagb-column__overlay\"><\/div><div class=\"uagb-column__inner-wrap\">\n<div class=\"wp-block-image\"><figure class=\"aligncenter size-large is-resized\"><img loading=\"lazy\" decoding=\"async\" src=\"https:\/\/probion.com\/wp-content\/uploads\/2020\/06\/cluster-science-1024x785.png\" alt=\"\" class=\"wp-image-342\" width=\"360\" height=\"276\" srcset=\"https:\/\/probion.com\/wp-content\/uploads\/2020\/06\/cluster-science-1024x785.png 1024w, https:\/\/probion.com\/wp-content\/uploads\/2020\/06\/cluster-science-300x230.png 300w, https:\/\/probion.com\/wp-content\/uploads\/2020\/06\/cluster-science-768x589.png 768w, https:\/\/probion.com\/wp-content\/uploads\/2020\/06\/cluster-science-250x192.png 250w, https:\/\/probion.com\/wp-content\/uploads\/2020\/06\/cluster-science-325x249.png 325w, https:\/\/probion.com\/wp-content\/uploads\/2020\/06\/cluster-science.png 1230w\" sizes=\"auto, (max-width: 360px) 100vw, 360px\" \/><\/figure><\/div>\n<\/div><\/div>\n\n\n\n<div class=\"wp-block-uagb-column uagb-column__wrap uagb-column__background-undefined uagb-block-15824fb8\"><div class=\"uagb-column__overlay\"><\/div><div class=\"uagb-column__inner-wrap\">\n<h2 class=\"wp-block-heading\">Studier publicerade i BMJ open gastro<\/h2>\n\n\n\n<p>ProBion Clinica anv\u00e4ndes som den f\u00f6redragna produkten vid den senaste tjocktarmscancer kliniska studien som publicerades i<a rel=\"noreferrer noopener\" href=\"https:\/\/bmjopengastro.bmj.com\/content\/4\/1\/e000145\" target=\"_blank\">British Medical Journal (BMJ Open Gastro) July 2017<\/a>.<\/p>\n\n\n\n<p><a href=\"https:\/\/probion.com\/probion-blog\/90-colon-cancer-microbes-altered-by-probiotic-intervention\" data-type=\"post\" data-id=\"443\">F\u00f6r mer information maila till info@probion.se<\/a><\/p>\n\n\n\n<h2 class=\"wp-block-heading\">ProBion Matrix<\/h2>\n\n\n\n<p><a href=\"https:\/\/probion.com\/sv\/probion-probiotika-forskning\/probion-matrix\" data-type=\"page\" data-id=\"187\">Matrix utg\u00f6res av en sinnrik struktur som produceras med torr teknologi d\u00e4r endast 10% av kompressionskraften appliceras j\u00e4mf\u00f6rt med konventionell teknik. Bakterierna \u00e4r inb\u00e4ddade i sm\u00e5 klusters och skyddas fr\u00e5n fukt och syre inne tabletten.<\/a><\/p>\n<\/div><\/div>\n<\/div><\/section>\n","protected":false},"excerpt":{"rendered":"<p>Forskning och Innovation p\u00e5 Probiotika ProBions terapeutiska kvalitet \u00e4r baserat med vetenskaplig evidens med adekvata protokoll. ProBion tablet disintegration profile has been verified according to the European Pharmacopoeia. Detta medf\u00f6r vanlig kvalitetskontroll i hela den farmaceutiska industrin i Europa f\u00f6r att kontrollera kvaliteten av l\u00e4kemedel och substanserna som anv\u00e4nds f\u00f6r att producera produkterna. Studier publicerade [&hellip;]<\/p>\n","protected":false},"author":1,"featured_media":0,"parent":0,"menu_order":0,"comment_status":"closed","ping_status":"closed","template":"","meta":{"inline_featured_image":false,"_uag_custom_page_level_css":"","site-sidebar-layout":"default","site-content-layout":"default","ast-site-content-layout":"default","site-content-style":"default","site-sidebar-style":"default","ast-global-header-display":"","ast-banner-title-visibility":"","ast-main-header-display":"","ast-hfb-above-header-display":"","ast-hfb-below-header-display":"","ast-hfb-mobile-header-display":"","site-post-title":"disabled","ast-breadcrumbs-content":"","ast-featured-img":"","footer-sml-layout":"","ast-disable-related-posts":"","theme-transparent-header-meta":"default","adv-header-id-meta":"","stick-header-meta":"","header-above-stick-meta":"","header-main-stick-meta":"","header-below-stick-meta":"","astra-migrate-meta-layouts":"default","ast-page-background-enabled":"default","ast-page-background-meta":{"desktop":{"background-color":"","background-image":"","background-repeat":"repeat","background-position":"center center","background-size":"auto","background-attachment":"scroll","background-type":"","background-media":"","overlay-type":"","overlay-color":"","overlay-opacity":"","overlay-gradient":""},"tablet":{"background-color":"","background-image":"","background-repeat":"repeat","background-position":"center center","background-size":"auto","background-attachment":"scroll","background-type":"","background-media":"","overlay-type":"","overlay-color":"","overlay-opacity":"","overlay-gradient":""},"mobile":{"background-color":"","background-image":"","background-repeat":"repeat","background-position":"center center","background-size":"auto","background-attachment":"scroll","background-type":"","background-media":"","overlay-type":"","overlay-color":"","overlay-opacity":"","overlay-gradient":""}},"ast-content-background-meta":{"desktop":{"background-color":"var(--ast-global-color-5)","background-image":"","background-repeat":"repeat","background-position":"center center","background-size":"auto","background-attachment":"scroll","background-type":"","background-media":"","overlay-type":"","overlay-color":"","overlay-opacity":"","overlay-gradient":""},"tablet":{"background-color":"var(--ast-global-color-5)","background-image":"","background-repeat":"repeat","background-position":"center center","background-size":"auto","background-attachment":"scroll","background-type":"","background-media":"","overlay-type":"","overlay-color":"","overlay-opacity":"","overlay-gradient":""},"mobile":{"background-color":"var(--ast-global-color-5)","background-image":"","background-repeat":"repeat","background-position":"center center","background-size":"auto","background-attachment":"scroll","background-type":"","background-media":"","overlay-type":"","overlay-color":"","overlay-opacity":"","overlay-gradient":""}},"footnotes":""},"class_list":["post-628","page","type-page","status-publish","hentry"],"uagb_featured_image_src":{"full":false,"thumbnail":false,"medium":false,"medium_large":false,"large":false,"1536x1536":false,"2048x2048":false,"woocommerce_thumbnail":false,"woocommerce_single":false,"woocommerce_gallery_thumbnail":false},"uagb_author_info":{"display_name":"Mad","author_link":"https:\/\/probion.com\/sv\/probion-blog\/author\/mad"},"uagb_comment_info":0,"uagb_excerpt":"Forskning och Innovation p\u00e5 Probiotika ProBions terapeutiska kvalitet \u00e4r baserat med vetenskaplig evidens med adekvata protokoll. ProBion tablet disintegration profile has been verified according to the European Pharmacopoeia. Detta medf\u00f6r vanlig kvalitetskontroll i hela den farmaceutiska industrin i Europa f\u00f6r att kontrollera kvaliteten av l\u00e4kemedel och substanserna som anv\u00e4nds f\u00f6r att producera produkterna. Studier publicerade&hellip;","_links":{"self":[{"href":"https:\/\/probion.com\/sv\/wp-json\/wp\/v2\/pages\/628","targetHints":{"allow":["GET"]}}],"collection":[{"href":"https:\/\/probion.com\/sv\/wp-json\/wp\/v2\/pages"}],"about":[{"href":"https:\/\/probion.com\/sv\/wp-json\/wp\/v2\/types\/page"}],"author":[{"embeddable":true,"href":"https:\/\/probion.com\/sv\/wp-json\/wp\/v2\/users\/1"}],"replies":[{"embeddable":true,"href":"https:\/\/probion.com\/sv\/wp-json\/wp\/v2\/comments?post=628"}],"version-history":[{"count":0,"href":"https:\/\/probion.com\/sv\/wp-json\/wp\/v2\/pages\/628\/revisions"}],"wp:attachment":[{"href":"https:\/\/probion.com\/sv\/wp-json\/wp\/v2\/media?parent=628"}],"curies":[{"name":"wp","href":"https:\/\/api.w.org\/{rel}","templated":true}]}}