{"id":626,"date":"2020-07-06T10:08:19","date_gmt":"2020-07-06T08:08:19","guid":{"rendered":"https:\/\/probion.com\/hemsida-probion"},"modified":"2020-10-19T14:21:45","modified_gmt":"2020-10-19T12:21:45","slug":"hemsida-probion","status":"publish","type":"page","link":"https:\/\/probion.com\/sv\/hemsida-probion","title":{"rendered":"Hemsida ProBion"},"content":{"rendered":"\n<section class=\"wp-block-uagb-columns uagb-columns__wrap uagb-columns__background-undefined uagb-columns__stack-mobile uagb-columns__valign-undefined uagb-columns__gap-10 alignundefined uagb-block-7d2727ee full-width header_content\"><div class=\"uagb-columns__overlay\"><\/div><div class=\"uagb-columns__inner-wrap uagb-columns__columns-2\">\n<div class=\"wp-block-uagb-column uagb-column__wrap uagb-column__background-undefined uagb-block-970c5348\"><div class=\"uagb-column__overlay\"><\/div><div class=\"uagb-column__inner-wrap\">\n<h2 class=\"has-text-align-center wp-block-heading\">Livskraftig och Sinnrik<br\/>Probiota med Terapeutisk Kvalitet<br\/> Anpassad f\u00f6r Din Mage.<\/h2>\n\n\n\n<p class=\"has-text-align-center has-medium-font-size\"><span class=\"has-inline-color has-vivid-cyan-blue-color\"><strong>MADE IN SWEDEN<\/strong><\/span><\/p>\n\n\n\n<p class=\"has-text-align-center header_button\"> <a href=\"https:\/\/probion.com\/sv\/kop-probion\"><button type=\"button\">\u2757Beg\u00e4ra GRATIS Prov\u2757<\/button><\/a><\/p>\n<\/div><\/div>\n\n\n\n<div class=\"wp-block-uagb-column uagb-column__wrap uagb-column__background-undefined uagb-block-625c0623\"><div class=\"uagb-column__overlay\"><\/div><div class=\"uagb-column__inner-wrap\">\n<p><\/p>\n<\/div><\/div>\n<\/div><\/section>\n\n<section class=\"wp-block-uagb-columns uagb-columns__wrap uagb-columns__background-gradient uagb-columns__stack-mobile uagb-columns__valign-undefined uagb-columns__gap-10 alignundefined uagb-block-d7806b1f\"><div class=\"uagb-columns__overlay\"><\/div><div class=\"uagb-columns__inner-wrap uagb-columns__columns-2\">\n<div class=\"wp-block-uagb-column uagb-column__wrap uagb-column__background-undefined uagb-block-2e522d2d\"><div class=\"uagb-column__overlay\"><\/div><div class=\"uagb-column__inner-wrap\">\n<p><\/p>\n\n\n\n<h3 class=\"header_bold wp-block-heading\">#1 Probiota f\u00f6r Din Mage<\/h3>\n\n\n\n<p><\/p>\n\n\n\n<div class=\"wp-block-image is-style-rounded\"><figure class=\"alignleft size-large is-resized\"><img loading=\"lazy\" decoding=\"async\" src=\"https:\/\/probion.com\/wp-content\/uploads\/2020\/07\/lennart_cedgard_ceo_probion.jpg\" alt=\"\" class=\"wp-image-987\" width=\"120\" height=\"120\" srcset=\"https:\/\/probion.com\/wp-content\/uploads\/2020\/07\/lennart_cedgard_ceo_probion.jpg 350w, https:\/\/probion.com\/wp-content\/uploads\/2020\/07\/lennart_cedgard_ceo_probion-300x300.jpg 300w, https:\/\/probion.com\/wp-content\/uploads\/2020\/07\/lennart_cedgard_ceo_probion-150x150.jpg 150w, https:\/\/probion.com\/wp-content\/uploads\/2020\/07\/lennart_cedgard_ceo_probion-250x250.jpg 250w, https:\/\/probion.com\/wp-content\/uploads\/2020\/07\/lennart_cedgard_ceo_probion-325x325.jpg 325w, https:\/\/probion.com\/wp-content\/uploads\/2020\/07\/lennart_cedgard_ceo_probion-100x100.jpg 100w\" sizes=\"auto, (max-width: 120px) 100vw, 120px\" \/><\/figure><\/div>\n\n\n\n<p class=\"has-text-align-center\">&#8221;<em>ProBion \u00e4r exlusivt anpassad f\u00f6r att passa alla magar oavsett \u00e5lder. V\u00e4l utvalda bakteriestammar f\u00f6r att harmonisera tillsammans och garantera terapeutisk kvalitet under l\u00e5ng tid.<\/em>&#8221; <strong> &#8212; Dr. Lennart Cedg\u00e5rd<\/strong> &#8211; Innovat\u00f6r<\/p>\n\n\n\n<p> <a href=\"https:\/\/probion.com\/sv\/probion-medicinska-probiotika\" data-type=\"page\" data-id=\"191\"><button type=\"button\">L\u00e4s mer<\/button> <\/a><\/p>\n<\/div><\/div>\n\n\n\n<div class=\"wp-block-uagb-column uagb-column__wrap uagb-column__background-image uagb-block-d9e956ae\"><div class=\"uagb-column__overlay\"><\/div><div class=\"uagb-column__inner-wrap\">\n<div class=\"wp-block-image\"><figure class=\"aligncenter size-large is-resized\"><img loading=\"lazy\" decoding=\"async\" src=\"https:\/\/probion.com\/wp-content\/uploads\/2020\/06\/icon-probionheart-small-svg.svg\" alt=\"\" class=\"wp-image-115\" width=\"315\" height=\"273\"\/><\/figure><\/div>\n<\/div><\/div>\n<\/div><\/section>\n\n<div class=\"wp-block-group full-width header_margin\"><div class=\"wp-block-group__inner-container is-layout-flow wp-block-group-is-layout-flow\">\n<p class=\"has-text-align-center header_bar header_bar_l\">ProBion \u00e4r anpassat f\u00f6r olika magar<br\/>Detta eftersom vi alla har olika typer av f\u00f6dointag<\/p>\n\n\n\n<p class=\"has-text-align-center header_bar header_bar_h\">Vissa har l\u00e5ngsamma och andra snabba och oroliga magar<\/p>\n<\/div><\/div>\n\n<section class=\"wp-block-uagb-columns uagb-columns__wrap uagb-columns__background-undefined uagb-columns__stack-mobile uagb-columns__valign-undefined uagb-columns__gap-10 alignundefined uagb-block-d686d3dd\"><div class=\"uagb-columns__overlay\"><\/div><div class=\"uagb-columns__shape uagb-columns__shape-top\"><svg xmlns=\"http:\/\/www.w3.org\/2000\/svg\" viewbox=\"0 0 1000 100\" preserveaspectratio=\"none\"><path class=\"uagb-columns__shape-fill\" opacity=\"0.33\" d=\"M473,67.3c-203.9,88.3-263.1-34-320.3,0C66,119.1,0,59.7,0,59.7V0h1000v59.7 c0,0-62.1,26.1-94.9,29.3c-32.8,3.3-62.8-12.3-75.8-22.1C806,49.6,745.3,8.7,694.9,4.7S492.4,59,473,67.3z\"><\/path><path class=\"uagb-columns__shape-fill\" opacity=\"0.66\" d=\"M734,67.3c-45.5,0-77.2-23.2-129.1-39.1c-28.6-8.7-150.3-10.1-254,39.1 s-91.7-34.4-149.2,0C115.7,118.3,0,39.8,0,39.8V0h1000v36.5c0,0-28.2-18.5-92.1-18.5C810.2,18.1,775.7,67.3,734,67.3z\"><\/path><path class=\"uagb-columns__shape-fill\" d=\"M766.1,28.9c-200-57.5-266,65.5-395.1,19.5C242,1.8,242,5.4,184.8,20.6C128,35.8,132.3,44.9,89.9,52.5C28.6,63.7,0,0,0,0 h1000c0,0-9.9,40.9-83.6,48.1S829.6,47,766.1,28.9z\"><\/path><\/svg><\/div><div class=\"uagb-columns__inner-wrap uagb-columns__columns-4\">\n<div class=\"wp-block-uagb-column uagb-column__wrap uagb-column__background-undefined uagb-block-51961a59\"><div class=\"uagb-column__overlay\"><\/div><div class=\"uagb-column__inner-wrap\">\n<p class=\"custom-review-title\"><strong>ProBion Basic<\/strong><\/p>\n\n\n\n<p class=\"custom-review-text\">F\u00f6r den l\u00e5ngsamma och k\u00e4nsliga magen<\/p>\n<\/div><\/div>\n\n\n\n<div class=\"wp-block-uagb-column uagb-column__wrap uagb-column__background-undefined uagb-block-c9337c0e\"><div class=\"uagb-column__overlay\"><\/div><div class=\"uagb-column__inner-wrap\">\n<p class=\"custom-review-title\"><strong>ProBion Daily<\/strong><\/p>\n\n\n\n<p class=\"custom-review-text\"> F\u00f6r normal eller orolig mage<br\/><\/p>\n\n\n\n<p><\/p>\n<\/div><\/div>\n\n\n\n<div class=\"wp-block-uagb-column uagb-column__wrap uagb-column__background-undefined uagb-block-7fa55c30\"><div class=\"uagb-column__overlay\"><\/div><div class=\"uagb-column__inner-wrap\">\n<p class=\"custom-review-title\"><strong>ProBion Clinica<\/strong><\/p>\n\n\n\n<p class=\"custom-review-text\">F\u00f6r de flesta och som komplement till A\/B\/D (<a rel=\"noreferrer noopener\" href=\"https:\/\/www.reviews.co.uk\/company-review\/store\/probion-com\/6375988\" target=\"_blank\">mer<\/a>)<\/p>\n\n\n\n<p><\/p>\n<\/div><\/div>\n\n\n\n<div class=\"wp-block-uagb-column uagb-column__wrap uagb-column__background-undefined uagb-block-4f5b0af6\"><div class=\"uagb-column__overlay\"><\/div><div class=\"uagb-column__inner-wrap\">\n<p class=\"custom-review-title\"><strong>ProBion Active<\/strong><\/p>\n\n\n\n<p class=\"custom-review-text\">F\u00f6r den snabba eller l\u00f6sa magen samt vid resa<\/p>\n\n\n\n<p><\/p>\n<\/div><\/div>\n<\/div><\/section>\n\n<h2 class=\"has-text-align-center wp-block-heading\">K\u00f6p ProBion anpassat f\u00f6r olika magar<\/h2>\n\n<h4 class=\"has-text-align-center wp-block-heading\">\u2757 <strong>F\u00e5 gratis 2 Clinica 50 tabletter f\u00f6r varje ProBion 150 tabletter<\/strong>\u2757<\/h4>\n\n<h6 class=\"has-text-align-center wp-block-heading\">(l\u00e4gg bara till i korgen)<\/h6>\n\n<div class=\"woocommerce columns-4 \"><ul class=\"products columns-4\">\n<li class=\"desktop-align-center tablet-align-center mobile-align-center ast-product-gallery-layout-horizontal ast-product-gallery-with-no-image ast-magnify-disabled ast-product-tabs-layout-horizontal product type-product post-7072 status-publish first outofstock product_cat-probion-probiotika product_tag-probion-sv has-post-thumbnail taxable shipping-taxable purchasable product-type-simple\">\n\t<a href=\"https:\/\/probion.com\/sv\/produkt\/probion-active\" class=\"woocommerce-LoopProduct-link woocommerce-loop-product__link\"><img loading=\"lazy\" decoding=\"async\" width=\"250\" height=\"311\" src=\"https:\/\/probion.com\/wp-content\/uploads\/2020\/12\/probion_active_s-1-250x311.jpg\" class=\"attachment-woocommerce_thumbnail size-woocommerce_thumbnail\" alt=\"natural probiotics lactose free probiotics\" srcset=\"https:\/\/probion.com\/wp-content\/uploads\/2020\/12\/probion_active_s-1-250x311.jpg 250w, https:\/\/probion.com\/wp-content\/uploads\/2020\/12\/probion_active_s-1-241x300.jpg 241w, https:\/\/probion.com\/wp-content\/uploads\/2020\/12\/probion_active_s-1-325x404.jpg 325w, https:\/\/probion.com\/wp-content\/uploads\/2020\/12\/probion_active_s-1.jpg 618w\" sizes=\"auto, (max-width: 250px) 100vw, 250px\" \/><h2 class=\"woocommerce-loop-product__title\">ProBion Active<\/h2>\n\t<span class=\"price\"><span class=\"woocommerce-Price-amount amount\"><bdi><span class=\"woocommerce-Price-currencySymbol\">&#107;&#114;<\/span>&nbsp;305,97<\/bdi><\/span><\/span>\n<span data-content_category=\"Probiotika\"><\/span><\/a><a href=\"https:\/\/probion.com\/sv\/produkt\/probion-active\" aria-describedby=\"woocommerce_loop_add_to_cart_link_describedby_7072\" data-quantity=\"1\" class=\"button product_type_simple \" data-product_id=\"7072\" data-product_sku=\"7350092800013\" aria-label=\"L\u00e4s mer om \u201dProBion Active\u201d\" rel=\"nofollow\" data-success_message=\"\">L\u00e4s mer<\/a>\t<span id=\"woocommerce_loop_add_to_cart_link_describedby_7072\" class=\"screen-reader-text\">\n\t\t\t<\/span>\n<\/li>\n<li class=\"desktop-align-center tablet-align-center mobile-align-center ast-product-gallery-layout-horizontal ast-product-gallery-with-no-image ast-magnify-disabled ast-product-tabs-layout-horizontal product type-product post-7077 status-publish outofstock product_cat-probion-probiotika product_tag-probion-sv has-post-thumbnail taxable shipping-taxable purchasable product-type-simple\">\n\t<a href=\"https:\/\/probion.com\/sv\/produkt\/probion-basic\" class=\"woocommerce-LoopProduct-link woocommerce-loop-product__link\"><img loading=\"lazy\" decoding=\"async\" width=\"250\" height=\"310\" src=\"https:\/\/probion.com\/wp-content\/uploads\/2020\/07\/probion_basic_s-250x310.jpg\" class=\"attachment-woocommerce_thumbnail size-woocommerce_thumbnail\" alt=\"natural probiotics lactose free probiotics\" srcset=\"https:\/\/probion.com\/wp-content\/uploads\/2020\/07\/probion_basic_s-250x310.jpg 250w, https:\/\/probion.com\/wp-content\/uploads\/2020\/07\/probion_basic_s-242x300.jpg 242w, https:\/\/probion.com\/wp-content\/uploads\/2020\/07\/probion_basic_s-325x403.jpg 325w, https:\/\/probion.com\/wp-content\/uploads\/2020\/07\/probion_basic_s.jpg 620w\" sizes=\"auto, (max-width: 250px) 100vw, 250px\" \/><h2 class=\"woocommerce-loop-product__title\">ProBion Basic<\/h2>\n\t<span class=\"price\"><span class=\"woocommerce-Price-amount amount\"><bdi><span class=\"woocommerce-Price-currencySymbol\">&#107;&#114;<\/span>&nbsp;325,97<\/bdi><\/span><\/span>\n<span data-content_category=\"Probiotika\"><\/span><\/a><a href=\"https:\/\/probion.com\/sv\/produkt\/probion-basic\" aria-describedby=\"woocommerce_loop_add_to_cart_link_describedby_7077\" data-quantity=\"1\" class=\"button product_type_simple \" data-product_id=\"7077\" data-product_sku=\"7350092800020\" aria-label=\"L\u00e4s mer om \u201dProBion Basic\u201d\" rel=\"nofollow\" data-success_message=\"\">L\u00e4s mer<\/a>\t<span id=\"woocommerce_loop_add_to_cart_link_describedby_7077\" class=\"screen-reader-text\">\n\t\t\t<\/span>\n<\/li>\n<li class=\"desktop-align-center tablet-align-center mobile-align-center ast-product-gallery-layout-horizontal ast-product-gallery-with-no-image ast-magnify-disabled ast-product-tabs-layout-horizontal product type-product post-7076 status-publish outofstock product_cat-probion-probiotika product_tag-probion-sv has-post-thumbnail taxable shipping-taxable purchasable product-type-simple\">\n\t<a href=\"https:\/\/probion.com\/sv\/produkt\/probion-clinica\" class=\"woocommerce-LoopProduct-link woocommerce-loop-product__link\"><img loading=\"lazy\" decoding=\"async\" width=\"250\" height=\"310\" src=\"https:\/\/probion.com\/wp-content\/uploads\/2020\/12\/probion_clinica_s-250x310.jpg\" class=\"attachment-woocommerce_thumbnail size-woocommerce_thumbnail\" alt=\"ProBion Clinica\" srcset=\"https:\/\/probion.com\/wp-content\/uploads\/2020\/12\/probion_clinica_s-250x310.jpg 250w, https:\/\/probion.com\/wp-content\/uploads\/2020\/12\/probion_clinica_s-242x300.jpg 242w, https:\/\/probion.com\/wp-content\/uploads\/2020\/12\/probion_clinica_s-325x403.jpg 325w, https:\/\/probion.com\/wp-content\/uploads\/2020\/12\/probion_clinica_s.jpg 620w\" sizes=\"auto, (max-width: 250px) 100vw, 250px\" \/><h2 class=\"woocommerce-loop-product__title\">ProBion Clinica<\/h2>\n\t<span class=\"price\"><span class=\"woocommerce-Price-amount amount\"><bdi><span class=\"woocommerce-Price-currencySymbol\">&#107;&#114;<\/span>&nbsp;550,00<\/bdi><\/span><\/span>\n<span data-content_category=\"Probiotika\"><\/span><\/a><a href=\"https:\/\/probion.com\/sv\/produkt\/probion-clinica\" aria-describedby=\"woocommerce_loop_add_to_cart_link_describedby_7076\" data-quantity=\"1\" class=\"button product_type_simple \" data-product_id=\"7076\" data-product_sku=\"\" aria-label=\"L\u00e4s mer om \u201dProBion Clinica\u201d\" rel=\"nofollow\" data-success_message=\"\">L\u00e4s mer<\/a>\t<span id=\"woocommerce_loop_add_to_cart_link_describedby_7076\" class=\"screen-reader-text\">\n\t\t\t<\/span>\n<\/li>\n<li class=\"desktop-align-center tablet-align-center mobile-align-center ast-product-gallery-layout-horizontal ast-product-gallery-with-no-image ast-magnify-disabled ast-product-tabs-layout-horizontal product type-product post-7074 status-publish last outofstock product_cat-probion-probiotika product_tag-probion-sv has-post-thumbnail taxable shipping-taxable purchasable product-type-simple\">\n\t<a href=\"https:\/\/probion.com\/sv\/produkt\/probion-daily\" class=\"woocommerce-LoopProduct-link woocommerce-loop-product__link\"><img loading=\"lazy\" decoding=\"async\" width=\"250\" height=\"311\" src=\"https:\/\/probion.com\/wp-content\/uploads\/2020\/12\/probion_daily_s-250x311.jpg\" class=\"attachment-woocommerce_thumbnail size-woocommerce_thumbnail\" alt=\"natural probiotics lactose free probiotics\" srcset=\"https:\/\/probion.com\/wp-content\/uploads\/2020\/12\/probion_daily_s-250x311.jpg 250w, https:\/\/probion.com\/wp-content\/uploads\/2020\/12\/probion_daily_s-241x300.jpg 241w, https:\/\/probion.com\/wp-content\/uploads\/2020\/12\/probion_daily_s-325x404.jpg 325w, https:\/\/probion.com\/wp-content\/uploads\/2020\/12\/probion_daily_s.jpg 618w\" sizes=\"auto, (max-width: 250px) 100vw, 250px\" \/><h2 class=\"woocommerce-loop-product__title\">ProBion Daily<\/h2>\n\t<span class=\"price\"><span class=\"woocommerce-Price-amount amount\"><bdi><span class=\"woocommerce-Price-currencySymbol\">&#107;&#114;<\/span>&nbsp;365,97<\/bdi><\/span><\/span>\n<span data-content_category=\"Probiotika\"><\/span><\/a><a href=\"https:\/\/probion.com\/sv\/produkt\/probion-daily\" aria-describedby=\"woocommerce_loop_add_to_cart_link_describedby_7074\" data-quantity=\"1\" class=\"button product_type_simple \" data-product_id=\"7074\" data-product_sku=\"7350092800044\" aria-label=\"L\u00e4s mer om \u201dProBion Daily\u201d\" rel=\"nofollow\" data-success_message=\"\">L\u00e4s mer<\/a>\t<span id=\"woocommerce_loop_add_to_cart_link_describedby_7074\" class=\"screen-reader-text\">\n\t\t\t<\/span>\n<\/li>\n<\/ul>\n<\/div>\n\n<section class=\"wp-block-uagb-columns uagb-columns__wrap uagb-columns__background-color uagb-columns__stack-mobile uagb-columns__valign-undefined uagb-columns__gap-10 alignundefined uagb-block-40e1a3cb\"><div class=\"uagb-columns__overlay\"><\/div><div class=\"uagb-columns__inner-wrap uagb-columns__columns-1\">\n<div class=\"wp-block-uagb-column uagb-column__wrap uagb-column__background-undefined uagb-block-5c004b57\"><div class=\"uagb-column__overlay\"><\/div><div class=\"uagb-column__inner-wrap\">\n<h2 class=\"wp-block-heading\"><a href=\"http:\/\/www.reviews.co.uk\/company-reviews\/store\/probion-com\" target=\"_blank\" rel=\"noreferrer noopener\">ProBion Vad V\u00e5ra Kunder S\u00e4ger?<\/a><\/h2>\n\n\n\n<p>[rio_shortcode]<\/p>\n<\/div><\/div>\n<\/div><\/section>\n\n<h3 class=\"has-text-align-center wp-block-heading\">Som visas i<\/h3>\n\n<section class=\"wp-block-uagb-columns uagb-columns__wrap uagb-columns__background-undefined uagb-columns__stack-mobile uagb-columns__valign-undefined uagb-columns__gap-10 alignundefined uagb-block-67780451\"><div class=\"uagb-columns__overlay\"><\/div><div class=\"uagb-columns__inner-wrap uagb-columns__columns-3\">\n<div class=\"wp-block-uagb-column uagb-column__wrap uagb-column__background-undefined uagb-block-fc7b0bce\"><div class=\"uagb-column__overlay\"><\/div><div class=\"uagb-column__inner-wrap\">\n<figure class=\"wp-block-image size-large\"><img loading=\"lazy\" decoding=\"async\" width=\"350\" height=\"105\" src=\"https:\/\/probion.com\/wp-content\/uploads\/2020\/08\/ipa-icon.png\" alt=\"Wasa Medicals &#xE4;r medlem i International Probiotics Association\" class=\"wp-image-1238\" srcset=\"https:\/\/probion.com\/wp-content\/uploads\/2020\/08\/ipa-icon.png 350w, https:\/\/probion.com\/wp-content\/uploads\/2020\/08\/ipa-icon-300x90.png 300w, https:\/\/probion.com\/wp-content\/uploads\/2020\/08\/ipa-icon-250x75.png 250w, https:\/\/probion.com\/wp-content\/uploads\/2020\/08\/ipa-icon-325x98.png 325w\" sizes=\"auto, (max-width: 350px) 100vw, 350px\" \/><\/figure>\n<\/div><\/div>\n\n\n\n<div class=\"wp-block-uagb-column uagb-column__wrap uagb-column__background-undefined uagb-block-5546c66d\"><div class=\"uagb-column__overlay\"><\/div><div class=\"uagb-column__inner-wrap\">\n<figure class=\"wp-block-image size-large is-resized\"><a href=\"https:\/\/bmjopengastro.bmj.com\/content\/4\/1\/e000145\" target=\"_blank\" rel=\"noopener noreferrer\"><img loading=\"lazy\" decoding=\"async\" src=\"https:\/\/probion.com\/wp-content\/uploads\/2020\/08\/bmj-icon.png\" alt=\"V&#xE5;ra publikationer i BMJ\" class=\"wp-image-1240\" width=\"350\" height=\"105\" srcset=\"https:\/\/probion.com\/wp-content\/uploads\/2020\/08\/bmj-icon.png 350w, https:\/\/probion.com\/wp-content\/uploads\/2020\/08\/bmj-icon-300x90.png 300w, https:\/\/probion.com\/wp-content\/uploads\/2020\/08\/bmj-icon-250x75.png 250w, https:\/\/probion.com\/wp-content\/uploads\/2020\/08\/bmj-icon-325x98.png 325w\" sizes=\"auto, (max-width: 350px) 100vw, 350px\" \/><\/a><\/figure>\n<\/div><\/div>\n\n\n\n<div class=\"wp-block-uagb-column uagb-column__wrap uagb-column__background-undefined uagb-block-93048c81\"><div class=\"uagb-column__overlay\"><\/div><div class=\"uagb-column__inner-wrap\">\n<figure class=\"wp-block-image size-large\"><img loading=\"lazy\" decoding=\"async\" width=\"350\" height=\"105\" src=\"https:\/\/probion.com\/wp-content\/uploads\/2020\/08\/LA_logo_bw-55-55.png\" alt=\"\" class=\"wp-image-1242\" srcset=\"https:\/\/probion.com\/wp-content\/uploads\/2020\/08\/LA_logo_bw-55-55.png 350w, https:\/\/probion.com\/wp-content\/uploads\/2020\/08\/LA_logo_bw-55-55-300x90.png 300w, https:\/\/probion.com\/wp-content\/uploads\/2020\/08\/LA_logo_bw-55-55-250x75.png 250w, https:\/\/probion.com\/wp-content\/uploads\/2020\/08\/LA_logo_bw-55-55-325x98.png 325w\" sizes=\"auto, (max-width: 350px) 100vw, 350px\" \/><\/figure>\n\n\n\n<p><\/p>\n<\/div><\/div>\n<\/div><\/section>\n\n<section class=\"wp-block-uagb-columns uagb-columns__wrap uagb-columns__background-gradient uagb-columns__stack-mobile uagb-columns__valign-undefined uagb-columns__gap-10 alignundefined uagb-block-1c27e6a4\"><div class=\"uagb-columns__overlay\"><\/div><div class=\"uagb-columns__inner-wrap uagb-columns__columns-2\">\n<div class=\"wp-block-uagb-column uagb-column__wrap uagb-column__background-undefined uagb-block-5cf4d58a\"><div class=\"uagb-column__overlay\"><\/div><div class=\"uagb-column__inner-wrap\">\n<h3 class=\"wp-block-heading\"> \ud83d\udc49 Gratis ProBion Clinica?<\/h3>\n\n\n\n<h5 class=\"wp-block-heading\">H\u00e5ll Dig uppdaterad! Registrera dig f\u00f6r att f\u00e5 gratis ProBion Clinica<\/h5>\n<\/div><\/div>\n\n\n\n<div class=\"wp-block-uagb-column uagb-column__wrap uagb-column__background-undefined uagb-block-9bed8fde\"><div class=\"uagb-column__overlay\"><\/div><div class=\"uagb-column__inner-wrap\">\n<form class=\"form subscribe\" action=\"https:\/\/www.getdrip.com\/forms\/168708329\/submissions\" method=\"post\" data-drip-embedded-form=\"168708329\"><div class=\"field newsletter\"> <input type=\"email\" id=\"drip-email\" name=\"fields[email]\" value=\"\" placeholder=\"100% PRIVAT\"\/><input name=\"email\" class=\"action subscribe primary\" type=\"submit\" value=\"S&#xE4;nd mig en\" data-drip-attribute=\"sign-up-button\"\/><\/div><\/form>\n<\/div><\/div>\n<\/div><\/section>\n\n<style><![CDATA[ #primary, .ast-plain-container #primary { margin-top: 0; } .ast-separate-container #primary, .ast-separate-container.ast-left-sidebar #primary, .ast-separate-container.ast-right-sidebar #primary { margin: 0; padding: 0; } .ast-separate-container .ast-article-post, .ast-separate-container .ast-article-single { padding: 0; } ]]]]><![CDATA[><\/style>\n\n<p><\/p>\n","protected":false},"excerpt":{"rendered":"<p>Livskraftig och SinnrikProbiota med Terapeutisk Kvalitet Anpassad f\u00f6r Din Mage. MADE IN SWEDEN \u2757Beg\u00e4ra GRATIS Prov\u2757 #1 Probiota f\u00f6r Din Mage &#8221;ProBion \u00e4r exlusivt anpassad f\u00f6r att passa alla magar oavsett \u00e5lder. V\u00e4l utvalda bakteriestammar f\u00f6r att harmonisera tillsammans och garantera terapeutisk kvalitet under l\u00e5ng tid.&#8221; &#8212; Dr. Lennart Cedg\u00e5rd &#8211; Innovat\u00f6r L\u00e4s mer ProBion [&hellip;]<\/p>\n","protected":false},"author":1,"featured_media":0,"parent":0,"menu_order":0,"comment_status":"closed","ping_status":"closed","template":"","meta":{"inline_featured_image":false,"_uag_custom_page_level_css":"","site-sidebar-layout":"default","site-content-layout":"default","ast-site-content-layout":"default","site-content-style":"default","site-sidebar-style":"default","ast-global-header-display":"","ast-banner-title-visibility":"","ast-main-header-display":"","ast-hfb-above-header-display":"","ast-hfb-below-header-display":"","ast-hfb-mobile-header-display":"","site-post-title":"disabled","ast-breadcrumbs-content":"","ast-featured-img":"","footer-sml-layout":"","ast-disable-related-posts":"","theme-transparent-header-meta":"default","adv-header-id-meta":"","stick-header-meta":"","header-above-stick-meta":"","header-main-stick-meta":"","header-below-stick-meta":"","astra-migrate-meta-layouts":"default","ast-page-background-enabled":"default","ast-page-background-meta":{"desktop":{"background-color":"","background-image":"","background-repeat":"repeat","background-position":"center center","background-size":"auto","background-attachment":"scroll","background-type":"","background-media":"","overlay-type":"","overlay-color":"","overlay-opacity":"","overlay-gradient":""},"tablet":{"background-color":"","background-image":"","background-repeat":"repeat","background-position":"center center","background-size":"auto","background-attachment":"scroll","background-type":"","background-media":"","overlay-type":"","overlay-color":"","overlay-opacity":"","overlay-gradient":""},"mobile":{"background-color":"","background-image":"","background-repeat":"repeat","background-position":"center center","background-size":"auto","background-attachment":"scroll","background-type":"","background-media":"","overlay-type":"","overlay-color":"","overlay-opacity":"","overlay-gradient":""}},"ast-content-background-meta":{"desktop":{"background-color":"var(--ast-global-color-5)","background-image":"","background-repeat":"repeat","background-position":"center center","background-size":"auto","background-attachment":"scroll","background-type":"","background-media":"","overlay-type":"","overlay-color":"","overlay-opacity":"","overlay-gradient":""},"tablet":{"background-color":"var(--ast-global-color-5)","background-image":"","background-repeat":"repeat","background-position":"center center","background-size":"auto","background-attachment":"scroll","background-type":"","background-media":"","overlay-type":"","overlay-color":"","overlay-opacity":"","overlay-gradient":""},"mobile":{"background-color":"var(--ast-global-color-5)","background-image":"","background-repeat":"repeat","background-position":"center center","background-size":"auto","background-attachment":"scroll","background-type":"","background-media":"","overlay-type":"","overlay-color":"","overlay-opacity":"","overlay-gradient":""}},"footnotes":""},"class_list":["post-626","page","type-page","status-publish","hentry"],"uagb_featured_image_src":{"full":false,"thumbnail":false,"medium":false,"medium_large":false,"large":false,"1536x1536":false,"2048x2048":false,"woocommerce_thumbnail":false,"woocommerce_single":false,"woocommerce_gallery_thumbnail":false},"uagb_author_info":{"display_name":"Mad","author_link":"https:\/\/probion.com\/sv\/probion-blog\/author\/mad"},"uagb_comment_info":0,"uagb_excerpt":"Livskraftig och SinnrikProbiota med Terapeutisk Kvalitet Anpassad f\u00f6r Din Mage. MADE IN SWEDEN \u2757Beg\u00e4ra GRATIS Prov\u2757 #1 Probiota f\u00f6r Din Mage &#8221;ProBion \u00e4r exlusivt anpassad f\u00f6r att passa alla magar oavsett \u00e5lder. V\u00e4l utvalda bakteriestammar f\u00f6r att harmonisera tillsammans och garantera terapeutisk kvalitet under l\u00e5ng tid.&#8221; &#8212; Dr. Lennart Cedg\u00e5rd &#8211; Innovat\u00f6r L\u00e4s mer ProBion&hellip;","_links":{"self":[{"href":"https:\/\/probion.com\/sv\/wp-json\/wp\/v2\/pages\/626","targetHints":{"allow":["GET"]}}],"collection":[{"href":"https:\/\/probion.com\/sv\/wp-json\/wp\/v2\/pages"}],"about":[{"href":"https:\/\/probion.com\/sv\/wp-json\/wp\/v2\/types\/page"}],"author":[{"embeddable":true,"href":"https:\/\/probion.com\/sv\/wp-json\/wp\/v2\/users\/1"}],"replies":[{"embeddable":true,"href":"https:\/\/probion.com\/sv\/wp-json\/wp\/v2\/comments?post=626"}],"version-history":[{"count":0,"href":"https:\/\/probion.com\/sv\/wp-json\/wp\/v2\/pages\/626\/revisions"}],"wp:attachment":[{"href":"https:\/\/probion.com\/sv\/wp-json\/wp\/v2\/media?parent=626"}],"curies":[{"name":"wp","href":"https:\/\/api.w.org\/{rel}","templated":true}]}}