{"id":615,"date":"2020-07-06T09:27:54","date_gmt":"2020-07-06T07:27:54","guid":{"rendered":"https:\/\/probion.com\/om-probion"},"modified":"2024-05-03T10:49:29","modified_gmt":"2024-05-03T08:49:29","slug":"om-probion","status":"publish","type":"page","link":"https:\/\/probion.com\/sv\/om-probion","title":{"rendered":"Om ProBion"},"content":{"rendered":"\n<section class=\"wp-block-uagb-columns uagb-columns__wrap uagb-columns__background-color uagb-columns__stack-mobile uagb-columns__valign- uagb-columns__gap-10 align uagb-block-820a286f uagb-columns__columns-1 uagb-columns__max_width-theme\"><div class=\"uagb-columns__overlay\"><\/div><div class=\"uagb-columns__inner-wrap uagb-columns__columns-1\">\n<div class=\"wp-block-uagb-column uagb-column__wrap uagb-column__background-undefined uagb-block-c13686aa\"><div class=\"uagb-column__overlay\"><\/div>\n<h1 class=\"wp-block-heading has-text-align-center header_bar_h has-text-color\" style=\"color:#155196\">Om ProBion<\/h1>\n\n\n\n<h2 class=\"wp-block-heading has-text-align-center\">Vi \u00e4r f\u00f6reg\u00e5ngare med Probiotika f\u00f6r m\u00e4nsklig h\u00e4lsa<\/h2>\n\n\n\n<hr class=\"wp-block-separator has-css-opacity\"\/>\n\n\n\n<section class=\"wp-block-uagb-columns uagb-columns__wrap uagb-columns__stack-mobile uagb-columns__valign- uagb-columns__gap-10 align uagb-block-f3277760 uagb-columns__columns-3 uagb-columns__max_width-theme\"><div class=\"uagb-columns__overlay\"><\/div><div class=\"uagb-columns__inner-wrap uagb-columns__columns-3\">\n<div class=\"wp-block-uagb-column uagb-column__wrap uagb-column__background-undefined uagb-block-bb07c00a\"><div class=\"uagb-column__overlay\"><\/div>\n<div class=\"wp-block-uagb-info-box uagb-block-4d7bbb2b uagb-infobox__content-wrap  uagb-infobox-icon-above-title uagb-infobox-image-valign-top uagb-infobox__outer-wrap\"><div class=\"uagb-ifb-content\"><div class=\"uagb-ifb-icon-wrap\"><svg xmlns=\"https:\/\/www.w3.org\/2000\/svg\" viewbox=\"0 0 448 512\"><path d=\"M103.3 344.3c-6.5-14.2-6.9-18.3 7.4-23.1 25.6-8 8 9.2 43.2 49.2h.3v-93.9c1.2-50.2 44-92.2 97.7-92.2 53.9 0 97.7 43.5 97.7 96.8 0 63.4-60.8 113.2-128.5 93.3-10.5-4.2-2.1-31.7 8.5-28.6 53 0 89.4-10.1 89.4-64.4 0-61-77.1-89.6-116.9-44.6-23.5 26.4-17.6 42.1-17.6 157.6 50.7 31 118.3 22 160.4-20.1 24.8-24.8 38.5-58 38.5-93 0-35.2-13.8-68.2-38.8-93.3-24.8-24.8-57.8-38.5-93.3-38.5s-68.8 13.8-93.5 38.5c-.3 .3-16 16.5-21.2 23.9l-.5 .6c-3.3 4.7-6.3 9.1-20.1 6.1-6.9-1.7-14.3-5.8-14.3-11.8V20c0-5 3.9-10.5 10.5-10.5h241.3c8.3 0 8.3 11.6 8.3 15.1 0 3.9 0 15.1-8.3 15.1H130.3v132.9h.3c104.2-109.8 282.8-36 282.8 108.9 0 178.1-244.8 220.3-310.1 62.8zm63.3-260.8c-.5 4.2 4.6 24.5 14.6 20.6C306 56.6 384 144.5 390.6 144.5c4.8 0 22.8-15.3 14.3-22.8-93.2-89-234.5-57-238.3-38.2zM393 414.7C283 524.6 94 475.5 61 310.5c0-12.2-30.4-7.4-28.9 3.3 24 173.4 246 256.9 381.6 121.3 6.9-7.8-12.6-28.4-20.7-20.4zM213.6 306.6c0 4 4.3 7.3 5.5 8.5 3 3 6.1 4.4 8.5 4.4 3.8 0 2.6 .2 22.3-19.5 19.6 19.3 19.1 19.5 22.3 19.5 5.4 0 18.5-10.4 10.7-18.2L265.6 284l18.2-18.2c6.3-6.8-10.1-21.8-16.2-15.7L249.7 268c-18.6-18.8-18.4-19.5-21.5-19.5-5 0-18 11.7-12.4 17.3L234 284c-18.1 17.9-20.4 19.2-20.4 22.6z\"><\/path><\/svg><\/div><div class=\"uagb-ifb-title-wrap\"><h3 class=\"uagb-ifb-title\"> Kvalitet och Innovation<\/h3><\/div><p class=\"uagb-ifb-desc\">ProBion representerar kvalitet och innovation. Den produceras i Sverige av Wasa Medicals<\/p><\/div><\/div>\n<\/div>\n\n\n\n<div class=\"wp-block-uagb-column uagb-column__wrap uagb-column__background-undefined uagb-block-339ffb67\"><div class=\"uagb-column__overlay\"><\/div>\n<div class=\"wp-block-uagb-info-box uagb-block-5e740fb9 uagb-infobox__content-wrap  uagb-infobox-icon-above-title uagb-infobox-image-valign-top uagb-infobox__outer-wrap\"><div class=\"uagb-ifb-content\"><div class=\"uagb-ifb-image-content\"><img decoding=\"async\" src=\"https:\/\/probion.com\/wp-content\/uploads\/2020\/07\/lennart_cedgard_ceo_probion-150x150.jpg\" alt=\"\" width=\"75\" height=\"75\" loading=\"lazy\"\/><\/div><div class=\"uagb-ifb-title-wrap\"><h3 class=\"uagb-ifb-title\">Dr. Lennart Cedg\u00e5rd<\/h3><\/div><p class=\"uagb-ifb-desc\">Drivs av MD. Lennart Cedgard med 35+ \u00e5rs klinisk erfarenhet inom tarmmikroekologi och probiotika bland terapeuter<\/p><\/div><\/div>\n<\/div>\n\n\n\n<div class=\"wp-block-uagb-column uagb-column__wrap uagb-column__background-undefined uagb-block-4db7f2b6\"><div class=\"uagb-column__overlay\"><\/div>\n<div class=\"wp-block-uagb-info-box uagb-block-30fcf16c uagb-infobox__content-wrap  uagb-infobox-icon-above-title uagb-infobox-image-valign-top uagb-infobox__outer-wrap\"><div class=\"uagb-ifb-content\"><div class=\"uagb-ifb-icon-wrap\"><svg xmlns=\"https:\/\/www.w3.org\/2000\/svg\" viewbox=\"0 0 512 512\"><path d=\"M200 32h-176C10.75 32 0 42.74 0 56C0 69.25 10.75 80 24 80H32v320C32 444.1 67.88 480 112 480S192 444.1 192 400v-320h8C213.3 80 224 69.25 224 56C224 42.74 213.3 32 200 32zM144 256h-64V80h64V256zM488 32h-176C298.7 32 288 42.74 288 56c0 13.25 10.75 24 24 24H320v320c0 44.13 35.88 80 80 80s80-35.88 80-80v-320h8C501.3 80 512 69.25 512 56C512 42.74 501.3 32 488 32zM432 256h-64V80h64V256z\"><\/path><\/svg><\/div><div class=\"uagb-ifb-title-wrap\"><h3 class=\"uagb-ifb-title\">Garanterat livskraftiga kulturer<\/h3><\/div><p class=\"uagb-ifb-desc\">Analyser av oberoende laboratorier med Fl\u00f6des-cytometri visar p\u00e5 bevarad bakteriell integritet och livskraft i \u00f6ver 5 \u00e5r f\u00f6rvarat i rumstemperatur<\/p><\/div><\/div>\n<\/div>\n<\/div><\/section>\n\n\n\n<section class=\"wp-block-uagb-columns uagb-columns__wrap uagb-columns__stack-mobile uagb-columns__valign- uagb-columns__gap-10 align uagb-block-5093027e uagb-columns__columns-3 uagb-columns__max_width-theme\"><div class=\"uagb-columns__overlay\"><\/div><div class=\"uagb-columns__inner-wrap uagb-columns__columns-3\">\n<div class=\"wp-block-uagb-column uagb-column__wrap uagb-column__background-undefined uagb-block-76f4beb5\"><div class=\"uagb-column__overlay\"><\/div>\n<div class=\"wp-block-uagb-info-box uagb-block-c7c3d1c5 uagb-infobox__content-wrap  uagb-infobox-icon-above-title uagb-infobox-image-valign-top uagb-infobox__outer-wrap\"><div class=\"uagb-ifb-content\"><div class=\"uagb-ifb-icon-wrap\"><svg xmlns=\"https:\/\/www.w3.org\/2000\/svg\" viewbox=\"0 0 640 512\"><path d=\"M192 48C192 21.49 213.5 0 240 0H400C426.5 0 448 21.49 448 48V512H368V432C368 405.5 346.5 384 320 384C293.5 384 272 405.5 272 432V512H192V48zM312 64C303.2 64 296 71.16 296 80V104H272C263.2 104 256 111.2 256 120V136C256 144.8 263.2 152 272 152H296V176C296 184.8 303.2 192 312 192H328C336.8 192 344 184.8 344 176V152H368C376.8 152 384 144.8 384 136V120C384 111.2 376.8 104 368 104H344V80C344 71.16 336.8 64 328 64H312zM160 96V512H48C21.49 512 0 490.5 0 464V320H80C88.84 320 96 312.8 96 304C96 295.2 88.84 288 80 288H0V224H80C88.84 224 96 216.8 96 208C96 199.2 88.84 192 80 192H0V144C0 117.5 21.49 96 48 96H160zM592 96C618.5 96 640 117.5 640 144V192H560C551.2 192 544 199.2 544 208C544 216.8 551.2 224 560 224H640V288H560C551.2 288 544 295.2 544 304C544 312.8 551.2 320 560 320H640V464C640 490.5 618.5 512 592 512H480V96H592z\"><\/path><\/svg><\/div><div class=\"uagb-ifb-title-wrap\"><h3 class=\"uagb-ifb-title\">V\u00e5r Teknologi<\/h3><\/div><p class=\"uagb-ifb-desc\">ProBions terapeutiska kvalitet \u00e4r baserat med vetenskaplig evidens med adekvata protokoll.  Detta medf\u00f6r kvalitet-standard som appliceras i Europa ref l\u00e4kemedel och de substanser som ing\u00e5r i produkterna<\/p><\/div><\/div>\n<\/div>\n\n\n\n<div class=\"wp-block-uagb-column uagb-column__wrap uagb-column__background-undefined uagb-block-09bd864d\"><div class=\"uagb-column__overlay\"><\/div>\n<div class=\"wp-block-uagb-info-box uagb-block-7290af4e uagb-infobox__content-wrap  uagb-infobox-icon-above-title uagb-infobox-image-valign-top uagb-infobox__outer-wrap\"><div class=\"uagb-ifb-content\"><div class=\"uagb-ifb-image-content\"><img decoding=\"async\" src=\"https:\/\/probion.com\/wp-content\/uploads\/2020\/06\/icon-probionheart-small-svg.svg\" alt=\"\" width=\"75\" height=\"65\" loading=\"lazy\"\/><\/div><div class=\"uagb-ifb-title-wrap\"><h3 class=\"uagb-ifb-title\">Koloncancer<\/h3><\/div><p class=\"uagb-ifb-desc\">ProBion anv\u00e4ndes vid en klinisk studie presenterad i BMJ med intervention av probiotiska bakterier hos patienter med tjocktarmscancer. ProBion \u00e4r en sj\u00e4lvklar kandidat vid kliniska studier oavsett val av bakteriestammar.<\/p><\/div><\/div>\n<\/div>\n\n\n\n<div class=\"wp-block-uagb-column uagb-column__wrap uagb-column__background-undefined uagb-block-ab919120\"><div class=\"uagb-column__overlay\"><\/div>\n<div class=\"wp-block-uagb-info-box uagb-block-b71afe29 uagb-infobox__content-wrap  uagb-infobox-icon-above-title uagb-infobox-image-valign-top uagb-infobox__outer-wrap\"><div class=\"uagb-ifb-content\"><div class=\"uagb-ifb-icon-wrap\"><\/div><div class=\"uagb-ifb-title-wrap\"><h3 class=\"uagb-ifb-title\">\u00c4rlig vetenskap<\/h3><\/div><p class=\"uagb-ifb-desc\">V\u00e5rt fokus \u00e4r b\u00e5de grundvetenskapliga och kliniska studier \u00f6ver de tillf\u00f6rda probiotiska mikrobernas effekt p\u00e5 olika sjukdomar, som tjocktarmscancer, metaboliska sjukdomar, celiaki, infertilitet och IBS. Vi samarbetar med universitet och sjukhus runt om i v\u00e4rlden. Vi tror att v\u00e5ra aktiviteter kan bidra till f\u00f6rb\u00e4ttrad h\u00e4lsa och livskvalitet hos m\u00e4nniskor.<\/p><\/div><\/div>\n<\/div>\n<\/div><\/section>\n\n\n\n<p class=\"has-text-align-center\">\u27a4 <a href=\"https:\/\/probion.com\/sv\/kontakt-probion\">Kontakta ProBion<\/a><\/p>\n<\/div>\n<\/div><\/section>\n","protected":false},"excerpt":{"rendered":"<p>Om ProBion Vi \u00e4r f\u00f6reg\u00e5ngare med Probiotika f\u00f6r m\u00e4nsklig h\u00e4lsa \u27a4 Kontakta ProBion<\/p>\n","protected":false},"author":1,"featured_media":0,"parent":0,"menu_order":0,"comment_status":"closed","ping_status":"closed","template":"","meta":{"inline_featured_image":false,"_uag_custom_page_level_css":"","site-sidebar-layout":"default","site-content-layout":"default","ast-site-content-layout":"default","site-content-style":"default","site-sidebar-style":"default","ast-global-header-display":"","ast-banner-title-visibility":"","ast-main-header-display":"","ast-hfb-above-header-display":"","ast-hfb-below-header-display":"","ast-hfb-mobile-header-display":"","site-post-title":"disabled","ast-breadcrumbs-content":"","ast-featured-img":"","footer-sml-layout":"","ast-disable-related-posts":"","theme-transparent-header-meta":"default","adv-header-id-meta":"","stick-header-meta":"","header-above-stick-meta":"","header-main-stick-meta":"","header-below-stick-meta":"","astra-migrate-meta-layouts":"default","ast-page-background-enabled":"default","ast-page-background-meta":{"desktop":{"background-color":"","background-image":"","background-repeat":"repeat","background-position":"center center","background-size":"auto","background-attachment":"scroll","background-type":"","background-media":"","overlay-type":"","overlay-color":"","overlay-opacity":"","overlay-gradient":""},"tablet":{"background-color":"","background-image":"","background-repeat":"repeat","background-position":"center center","background-size":"auto","background-attachment":"scroll","background-type":"","background-media":"","overlay-type":"","overlay-color":"","overlay-opacity":"","overlay-gradient":""},"mobile":{"background-color":"","background-image":"","background-repeat":"repeat","background-position":"center center","background-size":"auto","background-attachment":"scroll","background-type":"","background-media":"","overlay-type":"","overlay-color":"","overlay-opacity":"","overlay-gradient":""}},"ast-content-background-meta":{"desktop":{"background-color":"var(--ast-global-color-5)","background-image":"","background-repeat":"repeat","background-position":"center center","background-size":"auto","background-attachment":"scroll","background-type":"","background-media":"","overlay-type":"","overlay-color":"","overlay-opacity":"","overlay-gradient":""},"tablet":{"background-color":"var(--ast-global-color-5)","background-image":"","background-repeat":"repeat","background-position":"center center","background-size":"auto","background-attachment":"scroll","background-type":"","background-media":"","overlay-type":"","overlay-color":"","overlay-opacity":"","overlay-gradient":""},"mobile":{"background-color":"var(--ast-global-color-5)","background-image":"","background-repeat":"repeat","background-position":"center center","background-size":"auto","background-attachment":"scroll","background-type":"","background-media":"","overlay-type":"","overlay-color":"","overlay-opacity":"","overlay-gradient":""}},"footnotes":""},"class_list":["post-615","page","type-page","status-publish","hentry"],"uagb_featured_image_src":{"full":false,"thumbnail":false,"medium":false,"medium_large":false,"large":false,"1536x1536":false,"2048x2048":false,"woocommerce_thumbnail":false,"woocommerce_single":false,"woocommerce_gallery_thumbnail":false},"uagb_author_info":{"display_name":"Mad","author_link":"https:\/\/probion.com\/sv\/probion-blog\/author\/mad"},"uagb_comment_info":0,"uagb_excerpt":"Om ProBion Vi \u00e4r f\u00f6reg\u00e5ngare med Probiotika f\u00f6r m\u00e4nsklig h\u00e4lsa \u27a4 Kontakta ProBion","_links":{"self":[{"href":"https:\/\/probion.com\/sv\/wp-json\/wp\/v2\/pages\/615","targetHints":{"allow":["GET"]}}],"collection":[{"href":"https:\/\/probion.com\/sv\/wp-json\/wp\/v2\/pages"}],"about":[{"href":"https:\/\/probion.com\/sv\/wp-json\/wp\/v2\/types\/page"}],"author":[{"embeddable":true,"href":"https:\/\/probion.com\/sv\/wp-json\/wp\/v2\/users\/1"}],"replies":[{"embeddable":true,"href":"https:\/\/probion.com\/sv\/wp-json\/wp\/v2\/comments?post=615"}],"version-history":[{"count":4,"href":"https:\/\/probion.com\/sv\/wp-json\/wp\/v2\/pages\/615\/revisions"}],"predecessor-version":[{"id":7137,"href":"https:\/\/probion.com\/sv\/wp-json\/wp\/v2\/pages\/615\/revisions\/7137"}],"wp:attachment":[{"href":"https:\/\/probion.com\/sv\/wp-json\/wp\/v2\/media?parent=615"}],"curies":[{"name":"wp","href":"https:\/\/api.w.org\/{rel}","templated":true}]}}