{"id":611,"date":"2020-07-06T08:59:02","date_gmt":"2020-07-06T06:59:02","guid":{"rendered":"https:\/\/probion.com\/kop-probion"},"modified":"2023-09-07T12:57:43","modified_gmt":"2023-09-07T10:57:43","slug":"kop-probion","status":"publish","type":"page","link":"https:\/\/probion.com\/sv\/kop-probion","title":{"rendered":"K\u00f6p ProBion"},"content":{"rendered":"\n<div style=\"height:51px\" aria-hidden=\"true\" class=\"wp-block-spacer\"><\/div>\n\n\n\n<h3 class=\"has-text-align-center wp-block-heading\">Livskraftiga bakterier utvalda med referens till forskning och Probiotika mot symtom p\u00e5 <a href=\"https:\/\/probion.com\/probion-blog\/probiotics-for-ibs#constipation\">f\u00f6rstoppning<\/a>, <a href=\"https:\/\/probion.com\/probion-blog\/probiotics-for-ibs#diarrhoea\">diarr\u00e9<\/a> och <a href=\"https:\/\/probion.com\/probion-blog\/probiotics-for-ibs\">IBS<\/a><\/h3>\n\n\n\n<div style=\"height:50px\" aria-hidden=\"true\" class=\"wp-block-spacer\"><\/div>\n\n\n\n<div class=\"woocommerce columns-4 \"><ul class=\"products columns-4\">\n<li class=\"desktop-align-center tablet-align-center mobile-align-center ast-product-gallery-layout-horizontal ast-product-gallery-with-no-image ast-magnify-disabled ast-product-tabs-layout-horizontal product type-product post-7072 status-publish first outofstock product_cat-probion-probiotika product_tag-probion-sv has-post-thumbnail taxable shipping-taxable purchasable product-type-simple\">\n\t<a href=\"https:\/\/probion.com\/sv\/produkt\/probion-active\" class=\"woocommerce-LoopProduct-link woocommerce-loop-product__link\"><img loading=\"lazy\" decoding=\"async\" width=\"250\" height=\"311\" src=\"https:\/\/probion.com\/wp-content\/uploads\/2020\/12\/probion_active_s-1-250x311.jpg\" class=\"attachment-woocommerce_thumbnail size-woocommerce_thumbnail\" alt=\"natural probiotics lactose free probiotics\" srcset=\"https:\/\/probion.com\/wp-content\/uploads\/2020\/12\/probion_active_s-1-250x311.jpg 250w, https:\/\/probion.com\/wp-content\/uploads\/2020\/12\/probion_active_s-1-241x300.jpg 241w, https:\/\/probion.com\/wp-content\/uploads\/2020\/12\/probion_active_s-1-325x404.jpg 325w, https:\/\/probion.com\/wp-content\/uploads\/2020\/12\/probion_active_s-1.jpg 618w\" sizes=\"auto, (max-width: 250px) 100vw, 250px\" \/><h2 class=\"woocommerce-loop-product__title\">ProBion Active<\/h2>\n\t<span class=\"price\"><span class=\"woocommerce-Price-amount amount\"><bdi><span class=\"woocommerce-Price-currencySymbol\">&#107;&#114;<\/span>&nbsp;305,97<\/bdi><\/span><\/span>\n<span data-content_category=\"Probiotika\"><\/span><\/a><a href=\"https:\/\/probion.com\/sv\/produkt\/probion-active\" aria-describedby=\"woocommerce_loop_add_to_cart_link_describedby_7072\" data-quantity=\"1\" class=\"button product_type_simple \" data-product_id=\"7072\" data-product_sku=\"7350092800013\" aria-label=\"L\u00e4s mer om \u201dProBion Active\u201d\" rel=\"nofollow\" data-success_message=\"\">L\u00e4s mer<\/a>\t<span id=\"woocommerce_loop_add_to_cart_link_describedby_7072\" class=\"screen-reader-text\">\n\t\t\t<\/span>\n<\/li>\n<li class=\"desktop-align-center tablet-align-center mobile-align-center ast-product-gallery-layout-horizontal ast-product-gallery-with-no-image ast-magnify-disabled ast-product-tabs-layout-horizontal product type-product post-7077 status-publish outofstock product_cat-probion-probiotika product_tag-probion-sv has-post-thumbnail taxable shipping-taxable purchasable product-type-simple\">\n\t<a href=\"https:\/\/probion.com\/sv\/produkt\/probion-basic\" class=\"woocommerce-LoopProduct-link woocommerce-loop-product__link\"><img loading=\"lazy\" decoding=\"async\" width=\"250\" height=\"310\" src=\"https:\/\/probion.com\/wp-content\/uploads\/2020\/07\/probion_basic_s-250x310.jpg\" class=\"attachment-woocommerce_thumbnail size-woocommerce_thumbnail\" alt=\"natural probiotics lactose free probiotics\" srcset=\"https:\/\/probion.com\/wp-content\/uploads\/2020\/07\/probion_basic_s-250x310.jpg 250w, https:\/\/probion.com\/wp-content\/uploads\/2020\/07\/probion_basic_s-242x300.jpg 242w, https:\/\/probion.com\/wp-content\/uploads\/2020\/07\/probion_basic_s-325x403.jpg 325w, https:\/\/probion.com\/wp-content\/uploads\/2020\/07\/probion_basic_s.jpg 620w\" sizes=\"auto, (max-width: 250px) 100vw, 250px\" \/><h2 class=\"woocommerce-loop-product__title\">ProBion Basic<\/h2>\n\t<span class=\"price\"><span class=\"woocommerce-Price-amount amount\"><bdi><span class=\"woocommerce-Price-currencySymbol\">&#107;&#114;<\/span>&nbsp;325,97<\/bdi><\/span><\/span>\n<span data-content_category=\"Probiotika\"><\/span><\/a><a href=\"https:\/\/probion.com\/sv\/produkt\/probion-basic\" aria-describedby=\"woocommerce_loop_add_to_cart_link_describedby_7077\" data-quantity=\"1\" class=\"button product_type_simple \" data-product_id=\"7077\" data-product_sku=\"7350092800020\" aria-label=\"L\u00e4s mer om \u201dProBion Basic\u201d\" rel=\"nofollow\" data-success_message=\"\">L\u00e4s mer<\/a>\t<span id=\"woocommerce_loop_add_to_cart_link_describedby_7077\" class=\"screen-reader-text\">\n\t\t\t<\/span>\n<\/li>\n<li class=\"desktop-align-center tablet-align-center mobile-align-center ast-product-gallery-layout-horizontal ast-product-gallery-with-no-image ast-magnify-disabled ast-product-tabs-layout-horizontal product type-product post-7076 status-publish outofstock product_cat-probion-probiotika product_tag-probion-sv has-post-thumbnail taxable shipping-taxable purchasable product-type-simple\">\n\t<a href=\"https:\/\/probion.com\/sv\/produkt\/probion-clinica\" class=\"woocommerce-LoopProduct-link woocommerce-loop-product__link\"><img loading=\"lazy\" decoding=\"async\" width=\"250\" height=\"310\" src=\"https:\/\/probion.com\/wp-content\/uploads\/2020\/12\/probion_clinica_s-250x310.jpg\" class=\"attachment-woocommerce_thumbnail size-woocommerce_thumbnail\" alt=\"ProBion Clinica\" srcset=\"https:\/\/probion.com\/wp-content\/uploads\/2020\/12\/probion_clinica_s-250x310.jpg 250w, https:\/\/probion.com\/wp-content\/uploads\/2020\/12\/probion_clinica_s-242x300.jpg 242w, https:\/\/probion.com\/wp-content\/uploads\/2020\/12\/probion_clinica_s-325x403.jpg 325w, https:\/\/probion.com\/wp-content\/uploads\/2020\/12\/probion_clinica_s.jpg 620w\" sizes=\"auto, (max-width: 250px) 100vw, 250px\" \/><h2 class=\"woocommerce-loop-product__title\">ProBion Clinica<\/h2>\n\t<span class=\"price\"><span class=\"woocommerce-Price-amount amount\"><bdi><span class=\"woocommerce-Price-currencySymbol\">&#107;&#114;<\/span>&nbsp;550,00<\/bdi><\/span><\/span>\n<span data-content_category=\"Probiotika\"><\/span><\/a><a href=\"https:\/\/probion.com\/sv\/produkt\/probion-clinica\" aria-describedby=\"woocommerce_loop_add_to_cart_link_describedby_7076\" data-quantity=\"1\" class=\"button product_type_simple \" data-product_id=\"7076\" data-product_sku=\"\" aria-label=\"L\u00e4s mer om \u201dProBion Clinica\u201d\" rel=\"nofollow\" data-success_message=\"\">L\u00e4s mer<\/a>\t<span id=\"woocommerce_loop_add_to_cart_link_describedby_7076\" class=\"screen-reader-text\">\n\t\t\t<\/span>\n<\/li>\n<li class=\"desktop-align-center tablet-align-center mobile-align-center ast-product-gallery-layout-horizontal ast-product-gallery-with-no-image ast-magnify-disabled ast-product-tabs-layout-horizontal product type-product post-7074 status-publish last outofstock product_cat-probion-probiotika product_tag-probion-sv has-post-thumbnail taxable shipping-taxable purchasable product-type-simple\">\n\t<a href=\"https:\/\/probion.com\/sv\/produkt\/probion-daily\" class=\"woocommerce-LoopProduct-link woocommerce-loop-product__link\"><img loading=\"lazy\" decoding=\"async\" width=\"250\" height=\"311\" src=\"https:\/\/probion.com\/wp-content\/uploads\/2020\/12\/probion_daily_s-250x311.jpg\" class=\"attachment-woocommerce_thumbnail size-woocommerce_thumbnail\" alt=\"natural probiotics lactose free probiotics\" srcset=\"https:\/\/probion.com\/wp-content\/uploads\/2020\/12\/probion_daily_s-250x311.jpg 250w, https:\/\/probion.com\/wp-content\/uploads\/2020\/12\/probion_daily_s-241x300.jpg 241w, https:\/\/probion.com\/wp-content\/uploads\/2020\/12\/probion_daily_s-325x404.jpg 325w, https:\/\/probion.com\/wp-content\/uploads\/2020\/12\/probion_daily_s.jpg 618w\" sizes=\"auto, (max-width: 250px) 100vw, 250px\" \/><h2 class=\"woocommerce-loop-product__title\">ProBion Daily<\/h2>\n\t<span class=\"price\"><span class=\"woocommerce-Price-amount amount\"><bdi><span class=\"woocommerce-Price-currencySymbol\">&#107;&#114;<\/span>&nbsp;365,97<\/bdi><\/span><\/span>\n<span data-content_category=\"Probiotika\"><\/span><\/a><a href=\"https:\/\/probion.com\/sv\/produkt\/probion-daily\" aria-describedby=\"woocommerce_loop_add_to_cart_link_describedby_7074\" data-quantity=\"1\" class=\"button product_type_simple \" data-product_id=\"7074\" data-product_sku=\"7350092800044\" aria-label=\"L\u00e4s mer om \u201dProBion Daily\u201d\" rel=\"nofollow\" data-success_message=\"\">L\u00e4s mer<\/a>\t<span id=\"woocommerce_loop_add_to_cart_link_describedby_7074\" class=\"screen-reader-text\">\n\t\t\t<\/span>\n<\/li>\n<\/ul>\n<\/div>\n\n\n\n<style><![CDATA[ .entry-content h2, .entry-content h4, .entry-content h6 { margin-bottom: 0.2em; } ]]]]><![CDATA[><\/style>\n","protected":false},"excerpt":{"rendered":"<p>Livskraftiga bakterier utvalda med referens till forskning och Probiotika mot symtom p\u00e5 f\u00f6rstoppning, diarr\u00e9 och IBS<\/p>\n","protected":false},"author":1,"featured_media":0,"parent":0,"menu_order":0,"comment_status":"closed","ping_status":"closed","template":"","meta":{"inline_featured_image":false,"_uag_custom_page_level_css":"","site-sidebar-layout":"default","site-content-layout":"default","ast-site-content-layout":"default","site-content-style":"default","site-sidebar-style":"default","ast-global-header-display":"","ast-banner-title-visibility":"","ast-main-header-display":"","ast-hfb-above-header-display":"","ast-hfb-below-header-display":"","ast-hfb-mobile-header-display":"","site-post-title":"disabled","ast-breadcrumbs-content":"","ast-featured-img":"","footer-sml-layout":"","ast-disable-related-posts":"","theme-transparent-header-meta":"default","adv-header-id-meta":"","stick-header-meta":"default","header-above-stick-meta":"","header-main-stick-meta":"","header-below-stick-meta":"","astra-migrate-meta-layouts":"default","ast-page-background-enabled":"default","ast-page-background-meta":{"desktop":{"background-color":"","background-image":"","background-repeat":"repeat","background-position":"center center","background-size":"auto","background-attachment":"scroll","background-type":"","background-media":"","overlay-type":"","overlay-color":"","overlay-opacity":"","overlay-gradient":""},"tablet":{"background-color":"","background-image":"","background-repeat":"repeat","background-position":"center center","background-size":"auto","background-attachment":"scroll","background-type":"","background-media":"","overlay-type":"","overlay-color":"","overlay-opacity":"","overlay-gradient":""},"mobile":{"background-color":"","background-image":"","background-repeat":"repeat","background-position":"center center","background-size":"auto","background-attachment":"scroll","background-type":"","background-media":"","overlay-type":"","overlay-color":"","overlay-opacity":"","overlay-gradient":""}},"ast-content-background-meta":{"desktop":{"background-color":"var(--ast-global-color-5)","background-image":"","background-repeat":"repeat","background-position":"center center","background-size":"auto","background-attachment":"scroll","background-type":"","background-media":"","overlay-type":"","overlay-color":"","overlay-opacity":"","overlay-gradient":""},"tablet":{"background-color":"var(--ast-global-color-5)","background-image":"","background-repeat":"repeat","background-position":"center center","background-size":"auto","background-attachment":"scroll","background-type":"","background-media":"","overlay-type":"","overlay-color":"","overlay-opacity":"","overlay-gradient":""},"mobile":{"background-color":"var(--ast-global-color-5)","background-image":"","background-repeat":"repeat","background-position":"center center","background-size":"auto","background-attachment":"scroll","background-type":"","background-media":"","overlay-type":"","overlay-color":"","overlay-opacity":"","overlay-gradient":""}},"footnotes":""},"class_list":["post-611","page","type-page","status-publish","hentry"],"uagb_featured_image_src":{"full":false,"thumbnail":false,"medium":false,"medium_large":false,"large":false,"1536x1536":false,"2048x2048":false,"woocommerce_thumbnail":false,"woocommerce_single":false,"woocommerce_gallery_thumbnail":false},"uagb_author_info":{"display_name":"Mad","author_link":"https:\/\/probion.com\/sv\/probion-blog\/author\/mad"},"uagb_comment_info":0,"uagb_excerpt":"Livskraftiga bakterier utvalda med referens till forskning och Probiotika mot symtom p\u00e5 f\u00f6rstoppning, diarr\u00e9 och IBS","_links":{"self":[{"href":"https:\/\/probion.com\/sv\/wp-json\/wp\/v2\/pages\/611","targetHints":{"allow":["GET"]}}],"collection":[{"href":"https:\/\/probion.com\/sv\/wp-json\/wp\/v2\/pages"}],"about":[{"href":"https:\/\/probion.com\/sv\/wp-json\/wp\/v2\/types\/page"}],"author":[{"embeddable":true,"href":"https:\/\/probion.com\/sv\/wp-json\/wp\/v2\/users\/1"}],"replies":[{"embeddable":true,"href":"https:\/\/probion.com\/sv\/wp-json\/wp\/v2\/comments?post=611"}],"version-history":[{"count":3,"href":"https:\/\/probion.com\/sv\/wp-json\/wp\/v2\/pages\/611\/revisions"}],"predecessor-version":[{"id":6983,"href":"https:\/\/probion.com\/sv\/wp-json\/wp\/v2\/pages\/611\/revisions\/6983"}],"wp:attachment":[{"href":"https:\/\/probion.com\/sv\/wp-json\/wp\/v2\/media?parent=611"}],"curies":[{"name":"wp","href":"https:\/\/api.w.org\/{rel}","templated":true}]}}