{"id":597,"date":"2020-07-05T17:18:57","date_gmt":"2020-07-05T15:18:57","guid":{"rendered":"https:\/\/probion.com\/probion-matrix"},"modified":"2024-04-26T11:00:43","modified_gmt":"2024-04-26T09:00:43","slug":"probion-matrix","status":"publish","type":"page","link":"https:\/\/probion.com\/sv\/probion-probiotika-forskning\/probion-matrix","title":{"rendered":"ProBion Matrix"},"content":{"rendered":"\n<section class=\"wp-block-uagb-columns uagb-columns__wrap uagb-columns__background-none uagb-columns__stack-mobile uagb-columns__valign- uagb-columns__gap-10 align uagb-block-1f25c554 uagb-columns__columns-1 uagb-columns__max_width-theme greybg\"><div class=\"uagb-columns__overlay\"><\/div><div class=\"uagb-columns__inner-wrap uagb-columns__columns-1\">\n<div class=\"wp-block-uagb-column uagb-column__wrap uagb-column__background-undefined uagb-block-9a99bc53\"><div class=\"uagb-column__overlay\"><\/div>\n<style>.entry-title a, .entry-content h1, .entry-content h3 {\n\tcolor: #155196;\n}\n.entry-content h1 {\n  margin-bottom: 0;\n}\n<\/style>\n\n\n\n<h1 class=\"wp-block-heading has-text-align-center header_bar_h\">ProBion Matrix<\/h1>\n\n\n\n<h2 class=\"wp-block-heading has-text-align-center\">Innovativ produktions-teknik<\/h2>\n\n\n\n<section class=\"wp-block-uagb-columns uagb-columns__wrap uagb-columns__background-none uagb-columns__stack-mobile uagb-columns__valign- uagb-columns__gap-10 align uagb-block-be3510ae uagb-columns__columns-2 uagb-columns__max_width-theme\"><div class=\"uagb-columns__overlay\"><\/div><div class=\"uagb-columns__inner-wrap uagb-columns__columns-2\">\n<div class=\"wp-block-uagb-column uagb-column__wrap uagb-column__background-undefined uagb-block-0aa4937f\"><div class=\"uagb-column__overlay\"><\/div>\n<figure class=\"wp-block-image aligncenter size-large is-resized\"><img loading=\"lazy\" decoding=\"async\" width=\"1667\" height=\"1667\" src=\"https:\/\/probion.com\/wp-content\/uploads\/2020\/05\/icon-probion-matrix-svg-color.svg\" alt=\"\" class=\"wp-image-61\" style=\"width:260px;height:417px\"\/><\/figure>\n\n\n\n<p><\/p>\n<\/div>\n\n\n\n<div class=\"wp-block-uagb-column uagb-column__wrap uagb-column__background-undefined uagb-block-4ac7faff\"><div class=\"uagb-column__overlay\"><\/div>\n<h4 class=\"wp-block-heading\">\u00bb Innovativ produktions-teknik levererar, matar och skyddar livskraftiga och oskadade mj\u00f6lksyra-bakterier i mage och tarm under f\u00f6rl\u00e4ngd tid.<\/h4>\n\n\n\n<figure class=\"wp-block-image alignleft size-large is-resized is-style-rounded\"><img loading=\"lazy\" decoding=\"async\" width=\"350\" height=\"350\" src=\"https:\/\/probion.com\/wp-content\/uploads\/2020\/07\/lennart_cedgard_ceo_probion.jpg\" alt=\"\" class=\"wp-image-987\" style=\"width:100px;height:100px\" srcset=\"https:\/\/probion.com\/wp-content\/uploads\/2020\/07\/lennart_cedgard_ceo_probion.jpg 350w, https:\/\/probion.com\/wp-content\/uploads\/2020\/07\/lennart_cedgard_ceo_probion-300x300.jpg 300w, https:\/\/probion.com\/wp-content\/uploads\/2020\/07\/lennart_cedgard_ceo_probion-150x150.jpg 150w, https:\/\/probion.com\/wp-content\/uploads\/2020\/07\/lennart_cedgard_ceo_probion-250x250.jpg 250w, https:\/\/probion.com\/wp-content\/uploads\/2020\/07\/lennart_cedgard_ceo_probion-325x325.jpg 325w, https:\/\/probion.com\/wp-content\/uploads\/2020\/07\/lennart_cedgard_ceo_probion-100x100.jpg 100w\" sizes=\"auto, (max-width: 350px) 100vw, 350px\" \/><\/figure>\n\n\n\n<p>&#8221;<em>Inulin och Xanthan reglerar uppl\u00f6sningen av tabletten genom ett skyddande kluster runt bakterierna. Tabletten l\u00f6ses upp l\u00e5ngsamt under passagen genom mage och tarm. Bakterierna blir p\u00e5 detta s\u00e4tt exponerade \u00f6ver ett stort omr\u00e5de i digestions-kanalen. <span style=\"text-decoration: underline;\">Detta \u00e4r unikt f\u00f6r denna tablett j\u00e4mf\u00f6rt med andra tabletter, pulver eller kapslar och avg\u00f6rande f\u00f6r den stora skillnaden i livskraft.<\/span><\/em>&#8221;<strong>&#8211; Doktor Lennart Cedg\u00e5rd<\/strong> &#8211; <em>Innovat\u00f6r<\/em><\/p>\n\n\n\n<p><\/p>\n\n\n\n<p><\/p>\n<\/div>\n<\/div><\/section>\n\n\n\n<section class=\"wp-block-uagb-columns uagb-columns__wrap uagb-columns__background-none uagb-columns__stack-mobile uagb-columns__valign- uagb-columns__gap-10 align uagb-block-edce22ce uagb-columns__columns-2 uagb-columns__max_width-theme\"><div class=\"uagb-columns__overlay\"><\/div><div class=\"uagb-columns__inner-wrap uagb-columns__columns-2\">\n<div class=\"wp-block-uagb-column uagb-column__wrap uagb-column__background-undefined uagb-block-64d0ab02\"><div class=\"uagb-column__overlay\"><\/div>\n<div class=\"wp-block-uagb-info-box uagb-block-1ef485b9 uagb-infobox__content-wrap  uagb-infobox-icon-left uagb-infobox-left uagb-infobox-stacked-tablet uagb-infobox-image-valign-top uagb-infobox__outer-wrap\"><div class=\"uagb-ifb-icon-wrap\"><svg xmlns=\"https:\/\/www.w3.org\/2000\/svg\" viewbox=\"0 0 448 512\"><path d=\"M103.3 344.3c-6.5-14.2-6.9-18.3 7.4-23.1 25.6-8 8 9.2 43.2 49.2h.3v-93.9c1.2-50.2 44-92.2 97.7-92.2 53.9 0 97.7 43.5 97.7 96.8 0 63.4-60.8 113.2-128.5 93.3-10.5-4.2-2.1-31.7 8.5-28.6 53 0 89.4-10.1 89.4-64.4 0-61-77.1-89.6-116.9-44.6-23.5 26.4-17.6 42.1-17.6 157.6 50.7 31 118.3 22 160.4-20.1 24.8-24.8 38.5-58 38.5-93 0-35.2-13.8-68.2-38.8-93.3-24.8-24.8-57.8-38.5-93.3-38.5s-68.8 13.8-93.5 38.5c-.3 .3-16 16.5-21.2 23.9l-.5 .6c-3.3 4.7-6.3 9.1-20.1 6.1-6.9-1.7-14.3-5.8-14.3-11.8V20c0-5 3.9-10.5 10.5-10.5h241.3c8.3 0 8.3 11.6 8.3 15.1 0 3.9 0 15.1-8.3 15.1H130.3v132.9h.3c104.2-109.8 282.8-36 282.8 108.9 0 178.1-244.8 220.3-310.1 62.8zm63.3-260.8c-.5 4.2 4.6 24.5 14.6 20.6C306 56.6 384 144.5 390.6 144.5c4.8 0 22.8-15.3 14.3-22.8-93.2-89-234.5-57-238.3-38.2zM393 414.7C283 524.6 94 475.5 61 310.5c0-12.2-30.4-7.4-28.9 3.3 24 173.4 246 256.9 381.6 121.3 6.9-7.8-12.6-28.4-20.7-20.4zM213.6 306.6c0 4 4.3 7.3 5.5 8.5 3 3 6.1 4.4 8.5 4.4 3.8 0 2.6 .2 22.3-19.5 19.6 19.3 19.1 19.5 22.3 19.5 5.4 0 18.5-10.4 10.7-18.2L265.6 284l18.2-18.2c6.3-6.8-10.1-21.8-16.2-15.7L249.7 268c-18.6-18.8-18.4-19.5-21.5-19.5-5 0-18 11.7-12.4 17.3L234 284c-18.1 17.9-20.4 19.2-20.4 22.6z\"><\/path><\/svg><\/div><div class=\"uagb-ifb-content\"><div class=\"uagb-ifb-title-wrap\"><\/div><p class=\"uagb-ifb-desc\">ProBion Matrix Tabletten levererar, matar och skyddar livskraftiga och oskadade mj\u00f6lksyra- bakterier i mage och tarm under f\u00f6rl\u00e4ngd tid.<\/p><\/div><\/div>\n<\/div>\n\n\n\n<div class=\"wp-block-uagb-column uagb-column__wrap uagb-column__background-undefined uagb-block-03d50b0a\"><div class=\"uagb-column__overlay\"><\/div>\n<div class=\"wp-block-uagb-info-box uagb-block-1b2fac04-4f47-4f1b-95a0-023bae7b7e25 uagb-infobox__content-wrap  uagb-infobox-icon-left uagb-infobox-left uagb-infobox-stacked-tablet uagb-infobox-image-valign-top uagb-infobox__outer-wrap\"><div class=\"uagb-ifb-icon-wrap\"><\/div><div class=\"uagb-ifb-content\"><div class=\"uagb-ifb-title-wrap\"><\/div><p class=\"uagb-ifb-desc\">Kulturerna \u00e4r skyddade mot magsyror och gallsyror genom sin struktur best\u00e5ende av Inulin som inneh\u00e5ller frukto-polysackarider (FPS) och frukto-oligosackarider (FOS) samt genom skyddande slem-bildande Xanthan.<\/p><\/div><\/div>\n<\/div>\n<\/div><\/section>\n\n\n\n<section class=\"wp-block-uagb-columns uagb-columns__wrap uagb-columns__background-none uagb-columns__stack-mobile uagb-columns__valign- uagb-columns__gap-10 align uagb-block-f431c2c3 uagb-columns__columns-2 uagb-columns__max_width-theme\"><div class=\"uagb-columns__overlay\"><\/div><div class=\"uagb-columns__inner-wrap uagb-columns__columns-2\">\n<div class=\"wp-block-uagb-column uagb-column__wrap uagb-column__background-undefined uagb-block-bb9ae996\"><div class=\"uagb-column__overlay\"><\/div>\n<div class=\"wp-block-uagb-info-box uagb-block-a2a8470a uagb-infobox__content-wrap  uagb-infobox-icon-left uagb-infobox-left uagb-infobox-stacked-tablet uagb-infobox-image-valign-top uagb-infobox__outer-wrap\"><div class=\"uagb-ifb-icon-wrap\"><svg xmlns=\"https:\/\/www.w3.org\/2000\/svg\" viewbox=\"0 0 576 512\"><path d=\"M352.4 243.8l-49.83 99.5c-6.009 12-23.41 11.62-28.92-.625L216.7 216.3l-30.05 71.75L88.55 288l176.4 182.2c12.66 13.07 33.36 13.07 46.03 0l176.4-182.2l-112.1 .0052L352.4 243.8zM495.2 62.86c-54.36-46.98-137.5-38.5-187.5 13.06L288 96.25L268.3 75.92C218.3 24.36 135.2 15.88 80.81 62.86C23.37 112.5 16.84 197.6 60.18 256h105l35.93-86.25c5.508-12.88 23.66-13.12 29.54-.375l58.21 129.4l49.07-98c5.884-11.75 22.78-11.75 28.67 0l27.67 55.25h121.5C559.2 197.6 552.6 112.5 495.2 62.86z\"><\/path><\/svg><\/div><div class=\"uagb-ifb-content\"><div class=\"uagb-ifb-title-wrap\"><\/div><p class=\"uagb-ifb-desc\">Bakterierna \u00e4r inb\u00e4ddade i sm\u00e5 klusters och skyddas fr\u00e5n fukt och syre inne tabletten. Bakterierna exponeras undan f\u00f6r undan d\u00e5 tabletten l\u00f6ses upp under 3 timmar.<\/p><\/div><\/div>\n<\/div>\n\n\n\n<div class=\"wp-block-uagb-column uagb-column__wrap uagb-column__background-undefined uagb-block-532887ab\"><div class=\"uagb-column__overlay\"><\/div>\n<div class=\"wp-block-uagb-info-box uagb-block-58a2309f uagb-infobox__content-wrap  uagb-infobox-icon-left uagb-infobox-left uagb-infobox-stacked-tablet uagb-infobox-image-valign-top\"><div class=\"uagb-ifb-image-content\"><img decoding=\"async\" src=\"https:\/\/probion.com\/wp-content\/uploads\/2020\/05\/icon-probion-matrix2.svg\" alt=\"\" width=\"60\" height=\"53\" loading=\"lazy\"\/><\/div><div class=\"uagb-ifb-content\"><div class=\"uagb-ifb-title-wrap\"><\/div><p class=\"uagb-ifb-desc\">Bakterierna exponeras undan f\u00f6r undan d\u00e5 tabletten l\u00f6ses upp under 3 timmar. Detta ger optimal h\u00e5llbarhet och livskraft i tjocktarmen d\u00e4r de slutligen deponeras f\u00f6r att utf\u00f6ra sitt arbete under n\u00e4rmaste 2 veckorna. Kontinuerlig tillf\u00f6rsel ger b\u00e4sta effekt. ProBion levererar livskraftiga bakterier med kontrollerad uppl\u00f6sning 180 minuter, vilket ger 10 x \u00f6kad exponeringstid och aktivering av levande och livskraftiga kulturer j\u00e4mf\u00f6rt med konventionella probiotiska produkter.<\/p><\/div><\/div>\n<\/div>\n<\/div><\/section>\n\n\n\n<section class=\"wp-block-uagb-columns uagb-columns__wrap uagb-columns__background-none uagb-columns__stack-mobile uagb-columns__valign- uagb-columns__gap-10 align uagb-block-e676ed1b uagb-columns__columns-2 uagb-columns__max_width-theme\"><div class=\"uagb-columns__overlay\"><\/div><div class=\"uagb-columns__inner-wrap uagb-columns__columns-2\">\n<div class=\"wp-block-uagb-column uagb-column__wrap uagb-column__background-undefined uagb-block-83aab715\"><div class=\"uagb-column__overlay\"><\/div>\n<figure class=\"wp-block-image size-large is-style-default\"><img loading=\"lazy\" decoding=\"async\" width=\"1024\" height=\"675\" src=\"https:\/\/probion.com\/wp-content\/uploads\/2021\/11\/probion_48-1024x675.jpg\" alt=\"\" class=\"wp-image-6496\" srcset=\"https:\/\/probion.com\/wp-content\/uploads\/2021\/11\/probion_48-1024x675.jpg 1024w, https:\/\/probion.com\/wp-content\/uploads\/2021\/11\/probion_48-300x198.jpg 300w, https:\/\/probion.com\/wp-content\/uploads\/2021\/11\/probion_48-768x507.jpg 768w, https:\/\/probion.com\/wp-content\/uploads\/2021\/11\/probion_48-1536x1013.jpg 1536w, https:\/\/probion.com\/wp-content\/uploads\/2021\/11\/probion_48-250x165.jpg 250w, https:\/\/probion.com\/wp-content\/uploads\/2021\/11\/probion_48-325x214.jpg 325w, https:\/\/probion.com\/wp-content\/uploads\/2021\/11\/probion_48-91x60.jpg 91w, https:\/\/probion.com\/wp-content\/uploads\/2021\/11\/probion_48-136x90.jpg 136w, https:\/\/probion.com\/wp-content\/uploads\/2021\/11\/probion_48.jpg 1798w\" sizes=\"auto, (max-width: 1024px) 100vw, 1024px\" \/><\/figure>\n<\/div>\n\n\n\n<div class=\"wp-block-uagb-column uagb-column__wrap uagb-column__background-undefined uagb-block-33a28cd3\"><div class=\"uagb-column__overlay\"><\/div>\n<figure class=\"wp-block-image size-large\"><img loading=\"lazy\" decoding=\"async\" width=\"600\" height=\"397\" src=\"https:\/\/probion.com\/wp-content\/uploads\/2020\/07\/Diagram_1_20-2.png\" alt=\"\" class=\"wp-image-949\" srcset=\"https:\/\/probion.com\/wp-content\/uploads\/2020\/07\/Diagram_1_20-2.png 600w, https:\/\/probion.com\/wp-content\/uploads\/2020\/07\/Diagram_1_20-2-300x199.png 300w, https:\/\/probion.com\/wp-content\/uploads\/2020\/07\/Diagram_1_20-2-250x165.png 250w, https:\/\/probion.com\/wp-content\/uploads\/2020\/07\/Diagram_1_20-2-325x215.png 325w\" sizes=\"auto, (max-width: 600px) 100vw, 600px\" \/><\/figure>\n<\/div>\n<\/div><\/section>\n\n\n\n<section class=\"wp-block-uagb-columns uagb-columns__wrap uagb-columns__background-none uagb-columns__stack-mobile uagb-columns__valign- uagb-columns__gap-10 align uagb-block-943e7620 uagb-columns__columns-2 uagb-columns__max_width-theme\"><div class=\"uagb-columns__overlay\"><\/div><div class=\"uagb-columns__inner-wrap uagb-columns__columns-2\">\n<div class=\"wp-block-uagb-column uagb-column__wrap uagb-column__background-undefined uagb-block-2276ea91\"><div class=\"uagb-column__overlay\"><\/div>\n<h4 class=\"wp-block-heading\">\u2605 Tablettens unika matrix medf\u00f6r att bakterierna skyddas s\u00e5 att 80-90% av dessa fortfarande \u00e4r livskraftiga efter 4 \u00e5r f\u00f6rvarade i rumstemperatur. Detta skall j\u00e4mf\u00f6ras med vanlig probiotika i kapslar d\u00e4r mindre \u00e4n 5% \u00e4r livskraftiga efter 12 m\u00e5nader! Definitionen probiotika kr\u00e4ver att bakterierna skall vara levande annars skall dessa klassas som postbiotika! Bakterierna \u00e4r skyddade s\u00e5 att 80-90% fortfarande \u00e4r livskraftiga och of\u00f6rst\u00f6rda efter 4 \u00e5rs f\u00f6rvaring i rumstemperatur. Detta b\u00f6r j\u00e4mf\u00f6ras med vanliga probiotika i kapslar d\u00e4r mindre \u00e4n 5% \u00e4r livskraftiga ett \u00e5r! Definitionen av probiotika inneb\u00e4r att bakterierna ska vara levande, annars ska de klassificeras som postbiotika.<\/h4>\n<\/div>\n\n\n\n<div class=\"wp-block-uagb-column uagb-column__wrap uagb-column__background-undefined uagb-block-74e2ff7b\"><div class=\"uagb-column__overlay\"><\/div>\n<h4 class=\"wp-block-heading\">\u2605 Kontrollerad fris\u00e4ttningsprofil som g\u00f6r det m\u00f6jligt f\u00f6r livskraftiga bakterier att exponera mag-tarmkanalen under l\u00e5ng tid.<\/h4>\n<\/div>\n<\/div><\/section>\n\n\n\n<p><\/p>\n\n\n\n<section class=\"wp-block-uagb-columns uagb-columns__wrap uagb-columns__background-none uagb-columns__stack-mobile uagb-columns__valign- uagb-columns__gap-10 align uagb-block-72646f3f uagb-columns__columns-2 uagb-columns__max_width-theme\"><div class=\"uagb-columns__overlay\"><\/div><div class=\"uagb-columns__inner-wrap uagb-columns__columns-2\">\n<div class=\"wp-block-uagb-column uagb-column__wrap uagb-column__background-none uagb-block-322bc6f7\"><div class=\"uagb-column__overlay\"><\/div>\n<p><\/p>\n\n\n\n<h3 class=\"wp-block-heading\">ProBion Matrix Tabletten<\/h3>\n\n\n\n<p>Elektron-mikroskopiskt foto inuti tabletten som producerats med mjuk-kompressionsteknik. De metaboliska Inulin-fibrerna formar kaviteter med klusters, d\u00e4r de livskraftiga bakterierna skyddas hela v\u00e4gen ned till tarmen. Tabletten \u00e4r helt unik och den enda som kan leverera livskraftiga bakterier utan att skadas till sitt r\u00e4tta st\u00e4lle i tarmen.<\/p>\n<\/div>\n\n\n\n<div class=\"wp-block-uagb-column uagb-column__wrap uagb-column__background-undefined uagb-block-a0729667\"><div class=\"uagb-column__overlay\"><\/div>\n<figure class=\"wp-block-image size-large roundcorners\"><img loading=\"lazy\" decoding=\"async\" width=\"586\" height=\"370\" src=\"https:\/\/probion.com\/wp-content\/uploads\/2020\/05\/bacteria_36a.jpg\" alt=\"\" class=\"wp-image-40\" srcset=\"https:\/\/probion.com\/wp-content\/uploads\/2020\/05\/bacteria_36a.jpg 586w, https:\/\/probion.com\/wp-content\/uploads\/2020\/05\/bacteria_36a-300x189.jpg 300w, https:\/\/probion.com\/wp-content\/uploads\/2020\/05\/bacteria_36a-250x158.jpg 250w, https:\/\/probion.com\/wp-content\/uploads\/2020\/05\/bacteria_36a-325x205.jpg 325w\" sizes=\"auto, (max-width: 586px) 100vw, 586px\" \/><\/figure>\n<\/div>\n<\/div><\/section>\n\n\n\n<section class=\"wp-block-uagb-columns uagb-columns__wrap uagb-columns__background-none uagb-columns__stack-mobile uagb-columns__valign- uagb-columns__gap-10 align uagb-block-b401a0d5 uagb-columns__columns-2 uagb-columns__max_width-theme\"><div class=\"uagb-columns__overlay\"><\/div><div class=\"uagb-columns__inner-wrap uagb-columns__columns-2\">\n<div class=\"wp-block-uagb-column uagb-column__wrap uagb-column__background-undefined uagb-block-681555f7\"><div class=\"uagb-column__overlay\"><\/div>\n<figure class=\"wp-block-image size-large roundcorners\"><img loading=\"lazy\" decoding=\"async\" width=\"586\" height=\"370\" src=\"https:\/\/probion.com\/wp-content\/uploads\/2020\/05\/bacteria-13.jpg\" alt=\"\" class=\"wp-image-11\" srcset=\"https:\/\/probion.com\/wp-content\/uploads\/2020\/05\/bacteria-13.jpg 586w, https:\/\/probion.com\/wp-content\/uploads\/2020\/05\/bacteria-13-300x189.jpg 300w, https:\/\/probion.com\/wp-content\/uploads\/2020\/05\/bacteria-13-250x158.jpg 250w, https:\/\/probion.com\/wp-content\/uploads\/2020\/05\/bacteria-13-325x205.jpg 325w\" sizes=\"auto, (max-width: 586px) 100vw, 586px\" \/><\/figure>\n<\/div>\n\n\n\n<div class=\"wp-block-uagb-column uagb-column__wrap uagb-column__background-undefined uagb-block-1002db57\"><div class=\"uagb-column__overlay\"><\/div>\n<p><\/p>\n\n\n\n<h3 class=\"wp-block-heading\">ProBion Matrix Kokonger<\/h3>\n\n\n\n<p>The ProBion Matrix globules protect clusters of bacteria. Matrixen best\u00e5r av runda kaviteter i vilka de probiotiska bakterie-kulturerna \u00e4r skyddade hela v\u00e4gen ned till tarmen.<\/p>\n<\/div>\n<\/div><\/section>\n\n\n\n<section class=\"wp-block-uagb-columns uagb-columns__wrap uagb-columns__background-none uagb-columns__stack-mobile uagb-columns__valign- uagb-columns__gap-10 align uagb-block-3d84c582 uagb-columns__columns-2 uagb-columns__max_width-theme\"><div class=\"uagb-columns__overlay\"><\/div><div class=\"uagb-columns__inner-wrap uagb-columns__columns-2\">\n<div class=\"wp-block-uagb-column uagb-column__wrap uagb-column__background-undefined uagb-block-9a1e6e04\"><div class=\"uagb-column__overlay\"><\/div>\n<p><\/p>\n\n\n\n<h3 class=\"wp-block-heading\">Frystorkad och livskraftig<\/h3>\n\n\n\n<p>Foton som visar hur det ser ut inne i kaviteterna. Bakterierna \u00e4r livskraftiga och frystorkade som aktiveras n\u00e4r de n\u00e5r tarmslemhinnan. Tabletten uppl\u00f6ses l\u00e5ngsamt och sprider sig \u00f6ver ett stort omr\u00e5de. Tillsammans med Inulin b\u00f6rjar bakterierna balansera mikrofloran i tarmen.<\/p>\n<\/div>\n\n\n\n<div class=\"wp-block-uagb-column uagb-column__wrap uagb-column__background-undefined uagb-block-04478a32\"><div class=\"uagb-column__overlay\"><\/div>\n<figure class=\"wp-block-image size-large roundcorners\"><img loading=\"lazy\" decoding=\"async\" width=\"586\" height=\"370\" src=\"https:\/\/probion.com\/wp-content\/uploads\/2020\/05\/bacteria-12.jpg\" alt=\"\" class=\"wp-image-30\" srcset=\"https:\/\/probion.com\/wp-content\/uploads\/2020\/05\/bacteria-12.jpg 586w, https:\/\/probion.com\/wp-content\/uploads\/2020\/05\/bacteria-12-300x189.jpg 300w, https:\/\/probion.com\/wp-content\/uploads\/2020\/05\/bacteria-12-250x158.jpg 250w, https:\/\/probion.com\/wp-content\/uploads\/2020\/05\/bacteria-12-325x205.jpg 325w\" sizes=\"auto, (max-width: 586px) 100vw, 586px\" \/><\/figure>\n<\/div>\n<\/div><\/section>\n\n\n\n<section class=\"wp-block-uagb-columns uagb-columns__wrap uagb-columns__background-none uagb-columns__stack-mobile uagb-columns__valign- uagb-columns__gap-10 align uagb-block-f2653019 uagb-columns__columns-2 uagb-columns__max_width-theme\"><div class=\"uagb-columns__overlay\"><\/div><div class=\"uagb-columns__inner-wrap uagb-columns__columns-2\">\n<div class=\"wp-block-uagb-column uagb-column__wrap uagb-column__background-undefined uagb-block-b846a1bd\"><div class=\"uagb-column__overlay\"><\/div>\n<figure class=\"wp-block-image size-large roundcorners\"><img loading=\"lazy\" decoding=\"async\" width=\"586\" height=\"370\" src=\"https:\/\/probion.com\/wp-content\/uploads\/2020\/05\/bacteria-14.jpg\" alt=\"\" class=\"wp-image-31\" srcset=\"https:\/\/probion.com\/wp-content\/uploads\/2020\/05\/bacteria-14.jpg 586w, https:\/\/probion.com\/wp-content\/uploads\/2020\/05\/bacteria-14-300x189.jpg 300w, https:\/\/probion.com\/wp-content\/uploads\/2020\/05\/bacteria-14-250x158.jpg 250w, https:\/\/probion.com\/wp-content\/uploads\/2020\/05\/bacteria-14-325x205.jpg 325w\" sizes=\"auto, (max-width: 586px) 100vw, 586px\" \/><\/figure>\n\n\n\n<p><\/p>\n<\/div>\n\n\n\n<div class=\"wp-block-uagb-column uagb-column__wrap uagb-column__background-undefined uagb-block-31089f61\"><div class=\"uagb-column__overlay\"><\/div>\n<h3 class=\"wp-block-heading\">Tablett producerad med \u201dnormala\u201d kompressionskrafterna.<\/h3>\n\n\n\n<p>N\u00e4r normal kompressions-kraft appliceras vid konventionell tablett-tillverkning d\u00f6das merparten av alla frystorkade bakterier. Strukturen ovan visar cement-block d\u00e4r det inte finns utrymme f\u00f6r bakterier.<\/p>\n\n\n\n<h4 class=\"wp-block-heading\">KONKLUSION &#8211; ProBion Matrix tekniken \u00e4r avg\u00f6rande f\u00f6r att bevara livskraften hos de frystorkade bakterierna.<\/h4>\n<\/div>\n<\/div><\/section>\n\n\n\n<!-- <h4 class=\"has-text-align-center\"><a href=\"\/probion-blog\/infrastructure-of-probion-matrix\">Read our research Infrastructure of Probion - Distribution of microorganisms in tablets<\/a><\/h4> -->\n<\/div>\n<\/div><\/section>\n","protected":false},"excerpt":{"rendered":"<p>ProBion Matrix Innovativ produktions-teknik \u00bb Innovativ produktions-teknik levererar, matar och skyddar livskraftiga och oskadade mj\u00f6lksyra-bakterier i mage och tarm under f\u00f6rl\u00e4ngd tid. &#8221;Inulin och Xanthan reglerar uppl\u00f6sningen av tabletten genom ett skyddande kluster runt bakterierna. Tabletten l\u00f6ses upp l\u00e5ngsamt under passagen genom mage och tarm. Bakterierna blir p\u00e5 detta s\u00e4tt exponerade \u00f6ver ett stort omr\u00e5de [&hellip;]<\/p>\n","protected":false},"author":1,"featured_media":0,"parent":628,"menu_order":0,"comment_status":"closed","ping_status":"closed","template":"","meta":{"inline_featured_image":false,"_uag_custom_page_level_css":"","site-sidebar-layout":"default","site-content-layout":"default","ast-site-content-layout":"default","site-content-style":"default","site-sidebar-style":"default","ast-global-header-display":"","ast-banner-title-visibility":"","ast-main-header-display":"","ast-hfb-above-header-display":"","ast-hfb-below-header-display":"","ast-hfb-mobile-header-display":"","site-post-title":"disabled","ast-breadcrumbs-content":"","ast-featured-img":"","footer-sml-layout":"","ast-disable-related-posts":"","theme-transparent-header-meta":"default","adv-header-id-meta":"","stick-header-meta":"default","header-above-stick-meta":"","header-main-stick-meta":"","header-below-stick-meta":"","astra-migrate-meta-layouts":"set","ast-page-background-enabled":"default","ast-page-background-meta":{"desktop":{"background-color":"","background-image":"","background-repeat":"repeat","background-position":"center center","background-size":"auto","background-attachment":"scroll","background-type":"","background-media":"","overlay-type":"","overlay-color":"","overlay-opacity":"","overlay-gradient":""},"tablet":{"background-color":"","background-image":"","background-repeat":"repeat","background-position":"center center","background-size":"auto","background-attachment":"scroll","background-type":"","background-media":"","overlay-type":"","overlay-color":"","overlay-opacity":"","overlay-gradient":""},"mobile":{"background-color":"","background-image":"","background-repeat":"repeat","background-position":"center center","background-size":"auto","background-attachment":"scroll","background-type":"","background-media":"","overlay-type":"","overlay-color":"","overlay-opacity":"","overlay-gradient":""}},"ast-content-background-meta":{"desktop":{"background-color":"var(--ast-global-color-5)","background-image":"","background-repeat":"repeat","background-position":"center center","background-size":"auto","background-attachment":"scroll","background-type":"","background-media":"","overlay-type":"","overlay-color":"","overlay-opacity":"","overlay-gradient":""},"tablet":{"background-color":"var(--ast-global-color-5)","background-image":"","background-repeat":"repeat","background-position":"center center","background-size":"auto","background-attachment":"scroll","background-type":"","background-media":"","overlay-type":"","overlay-color":"","overlay-opacity":"","overlay-gradient":""},"mobile":{"background-color":"var(--ast-global-color-5)","background-image":"","background-repeat":"repeat","background-position":"center center","background-size":"auto","background-attachment":"scroll","background-type":"","background-media":"","overlay-type":"","overlay-color":"","overlay-opacity":"","overlay-gradient":""}},"footnotes":""},"class_list":["post-597","page","type-page","status-publish","hentry"],"uagb_featured_image_src":{"full":false,"thumbnail":false,"medium":false,"medium_large":false,"large":false,"1536x1536":false,"2048x2048":false,"woocommerce_thumbnail":false,"woocommerce_single":false,"woocommerce_gallery_thumbnail":false},"uagb_author_info":{"display_name":"Mad","author_link":"https:\/\/probion.com\/sv\/probion-blog\/author\/mad"},"uagb_comment_info":0,"uagb_excerpt":"ProBion Matrix Innovativ produktions-teknik \u00bb Innovativ produktions-teknik levererar, matar och skyddar livskraftiga och oskadade mj\u00f6lksyra-bakterier i mage och tarm under f\u00f6rl\u00e4ngd tid. &#8221;Inulin och Xanthan reglerar uppl\u00f6sningen av tabletten genom ett skyddande kluster runt bakterierna. Tabletten l\u00f6ses upp l\u00e5ngsamt under passagen genom mage och tarm. Bakterierna blir p\u00e5 detta s\u00e4tt exponerade \u00f6ver ett stort omr\u00e5de&hellip;","_links":{"self":[{"href":"https:\/\/probion.com\/sv\/wp-json\/wp\/v2\/pages\/597","targetHints":{"allow":["GET"]}}],"collection":[{"href":"https:\/\/probion.com\/sv\/wp-json\/wp\/v2\/pages"}],"about":[{"href":"https:\/\/probion.com\/sv\/wp-json\/wp\/v2\/types\/page"}],"author":[{"embeddable":true,"href":"https:\/\/probion.com\/sv\/wp-json\/wp\/v2\/users\/1"}],"replies":[{"embeddable":true,"href":"https:\/\/probion.com\/sv\/wp-json\/wp\/v2\/comments?post=597"}],"version-history":[{"count":14,"href":"https:\/\/probion.com\/sv\/wp-json\/wp\/v2\/pages\/597\/revisions"}],"predecessor-version":[{"id":7129,"href":"https:\/\/probion.com\/sv\/wp-json\/wp\/v2\/pages\/597\/revisions\/7129"}],"up":[{"embeddable":true,"href":"https:\/\/probion.com\/sv\/wp-json\/wp\/v2\/pages\/628"}],"wp:attachment":[{"href":"https:\/\/probion.com\/sv\/wp-json\/wp\/v2\/media?parent=597"}],"curies":[{"name":"wp","href":"https:\/\/api.w.org\/{rel}","templated":true}]}}