{"id":595,"date":"2020-07-05T16:46:21","date_gmt":"2020-07-05T14:46:21","guid":{"rendered":"https:\/\/probion.com\/probion-probiotika-stammar"},"modified":"2023-09-07T12:54:12","modified_gmt":"2023-09-07T10:54:12","slug":"probion-probiotika-stammar","status":"publish","type":"page","link":"https:\/\/probion.com\/sv\/probion-probiotika-forskning\/probion-probiotika-stammar","title":{"rendered":"ProBion Probiota Stammar"},"content":{"rendered":"\n<h1 class=\"has-text-align-center header_bar_h wp-block-heading\">ProBion Probiota Stammar<\/h1>\n\n\n\n<h2 class=\"has-text-align-center wp-block-heading\">Endast V\u00e4l Dokumenterade<\/h2>\n\n\n\n<section class=\"wp-block-uagb-columns uagb-columns__wrap uagb-columns__background-undefined uagb-columns__stack-mobile uagb-columns__valign-undefined uagb-columns__gap-10 alignundefined uagb-block-9537db4c\"><div class=\"uagb-columns__overlay\"><\/div><div class=\"uagb-columns__inner-wrap uagb-columns__columns-2\">\n<div class=\"wp-block-uagb-column uagb-column__wrap uagb-column__background-undefined uagb-block-74f24e7e\"><div class=\"uagb-column__overlay\"><\/div><div class=\"uagb-column__inner-wrap\">\n<div class=\"wp-block-image\"><figure class=\"aligncenter size-large is-resized\"><img loading=\"lazy\" decoding=\"async\" src=\"https:\/\/probion.com\/wp-content\/uploads\/2020\/05\/bacteria-strains.svg\" alt=\"\" class=\"wp-image-60\" width=\"260\" height=\"400\"\/><\/figure><\/div>\n\n\n\n<p><\/p>\n<\/div><\/div>\n\n\n\n<div class=\"wp-block-uagb-column uagb-column__wrap uagb-column__background-undefined uagb-block-f8d8f311\"><div class=\"uagb-column__overlay\"><\/div><div class=\"uagb-column__inner-wrap\">\n<p>ProBion st\u00e5r f\u00f6r exklusiv terapeutisk kvalitet med individuellt anpassade produkter f\u00f6r alla \u00e5ldrar inkluderande barn. V\u00e4l utvalda bakteriestammar f\u00f6r att harmonisera tillsammans och garantera terapeutisk kvalitet under l\u00e5ng tid. Vi v\u00e4ljer bakteriestammar med nyttiga egenskaper publicerade i kvalitetsgranskade studier. Vi kombinerar dem i en matrix med innovativ teknologi f\u00f6r att s\u00e4kerst\u00e4lla deras passage i tarmen, s\u00e5 att de kan g\u00f6ra mest nytta.<\/p>\n\n\n\n<h4 class=\"wp-block-heading\">\u00bb Produktion enligt HACCP<br>\u00bb Kvalitets-s\u00e4kring av oberoende laboratorier<\/h4>\n\n\n\n<p><\/p>\n<\/div><\/div>\n<\/div><\/section>\n\n\n\n<div style=\"height:30px\" aria-hidden=\"true\" class=\"wp-block-spacer\"><\/div>\n\n\n\n<h2 class=\"has-text-align-center wp-block-heading\">Inuti ProBion den Sinnrika Tabletten<\/h2>\n\n\n\n<section class=\"wp-block-uagb-columns uagb-columns__wrap uagb-columns__background-gradient uagb-columns__stack-mobile uagb-columns__valign-undefined uagb-columns__gap-10 alignundefined uagb-block-32fc6365\"><div class=\"uagb-columns__overlay\"><\/div><div class=\"uagb-columns__shape uagb-columns__shape-top\"><svg xmlns=\"http:\/\/www.w3.org\/2000\/svg\" viewbox=\"0 0 1000 20\" preserveaspectratio=\"none\"><path class=\"uagb-columns__shape-fill\" d=\"M0,0v3c0,0,393.8,0,483.4,0c9.2,0,16.6,7.4,16.6,16.6c0-9.1,7.4-16.6,16.6-16.6C606.2,3,1000,3,1000,3V0H0z\"><\/path><\/svg><\/div><div class=\"uagb-columns__inner-wrap uagb-columns__columns-1\">\n<div class=\"wp-block-uagb-column uagb-column__wrap uagb-column__background-undefined uagb-block-16aa2237\"><div class=\"uagb-column__overlay\"><\/div><div class=\"uagb-column__inner-wrap\">\n<section class=\"wp-block-uagb-columns uagb-columns__wrap uagb-columns__background-gradient uagb-columns__stack-mobile uagb-columns__valign-undefined uagb-columns__gap-10 alignundefined uagb-block-a771fbe7\"><div class=\"uagb-columns__overlay\"><\/div><div class=\"uagb-columns__inner-wrap uagb-columns__columns-4\">\n<div class=\"wp-block-uagb-column uagb-column__wrap uagb-column__background-undefined uagb-block-34ff6fd0\"><div class=\"uagb-column__overlay\"><\/div><div class=\"uagb-column__inner-wrap\">\n<h2 class=\"header_bar_h wp-block-heading\">ProBion Daily<\/h2>\n\n\n\n<h4 class=\"wp-block-heading\"><strong>F\u00f6r normal eller oregelbunden mage.<\/strong><\/h4>\n\n\n\n<figure class=\"wp-block-image size-large is-resized\"><img loading=\"lazy\" decoding=\"async\" src=\"https:\/\/probion.com\/wp-content\/uploads\/2020\/06\/grey-leaf-small.svg\" alt=\"\" class=\"wp-image-180\" width=\"28\" height=\"36\"\/><\/figure>\n\n\n\n<ul class=\"wp-block-list\"><li><span style=\"text-decoration: underline;\">6 miljarder<\/span> bakterier<\/li><\/ul>\n\n\n\n<hr class=\"wp-block-separator\"\/>\n\n\n\n<ul class=\"wp-block-list\"><li>Bifidobacterium lactis<\/li><li>Lactobacillus acidophilus<\/li><li>Lactobacillus plantarum<\/li><li>Lactobacillus paracasei<\/li><li>Lactobacillus bulgaricus<\/li><\/ul>\n<\/div><\/div>\n\n\n\n<div class=\"wp-block-uagb-column uagb-column__wrap uagb-column__background-undefined uagb-block-e6399134\"><div class=\"uagb-column__overlay\"><\/div><div class=\"uagb-column__inner-wrap\">\n<h2 class=\"header_bar_h has-vivid-red-color has-text-color wp-block-heading\">ProBion Clinica<\/h2>\n\n\n\n<h4 class=\"wp-block-heading\"><strong>F\u00f6r de flesta och som komplement till A\/B\/D<\/strong><\/h4>\n\n\n\n<figure class=\"wp-block-image size-large is-resized\"><img loading=\"lazy\" decoding=\"async\" src=\"https:\/\/probion.com\/wp-content\/uploads\/2020\/06\/red-leaf-small.svg\" alt=\"\" class=\"wp-image-181\" width=\"28\" height=\"36\"\/><\/figure>\n\n\n\n<ul class=\"wp-block-list\"><li><span style=\"text-decoration: underline;\">10 bakterier<\/span> per tablett, med f\u00f6ljande bakteriestammar<\/li><\/ul>\n\n\n\n<hr class=\"wp-block-separator\"\/>\n\n\n\n<ul class=\"wp-block-list\"><li>Bifidobacterium lactis<\/li><li>Lactobacillus acidophilus<\/li><\/ul>\n<\/div><\/div>\n\n\n\n<div class=\"wp-block-uagb-column uagb-column__wrap uagb-column__background-undefined uagb-block-c7125c68\"><div class=\"uagb-column__overlay\"><\/div><div class=\"uagb-column__inner-wrap\">\n<h2 class=\"header_bar_h has-text-color wp-block-heading\" style=\"color:#6fa300\">ProBion Basic<\/h2>\n\n\n\n<h4 class=\"wp-block-heading\"><strong>F\u00f6r den l\u00e5ngsamma och k\u00e4nsliga magen<\/strong><\/h4>\n\n\n\n<figure class=\"wp-block-image size-large is-resized\"><img loading=\"lazy\" decoding=\"async\" src=\"https:\/\/probion.com\/wp-content\/uploads\/2020\/06\/green-leaf-small-1.svg\" alt=\"\" class=\"wp-image-182\" width=\"28\" height=\"36\"\/><\/figure>\n\n\n\n<ul class=\"wp-block-list\"><li><span style=\"text-decoration: underline;\">4 miljarder<\/span> bakterier per tablett<\/li><\/ul>\n\n\n\n<hr class=\"wp-block-separator\"\/>\n\n\n\n<ul class=\"wp-block-list\"><li>Bifidobacterium lactis<\/li><li>Lactobacillus plantarum<\/li><li>Lactobacillus bulgaricus<\/li><\/ul>\n<\/div><\/div>\n\n\n\n<div class=\"wp-block-uagb-column uagb-column__wrap uagb-column__background-undefined uagb-block-800d2b67\"><div class=\"uagb-column__overlay\"><\/div><div class=\"uagb-column__inner-wrap\">\n<h2 class=\"header_bar_h has-text-color wp-block-heading\" style=\"color:#155196\">ProBion Active<\/h2>\n\n\n\n<h4 class=\"wp-block-heading\"><strong>F\u00f6r den snabba eller l\u00f6sa magen samt vid resa<\/strong><\/h4>\n\n\n\n<figure class=\"wp-block-image size-large is-resized\"><img loading=\"lazy\" decoding=\"async\" src=\"https:\/\/probion.com\/wp-content\/uploads\/2020\/06\/blue-leaf-small.svg\" alt=\"\" class=\"wp-image-183\" width=\"28\" height=\"36\"\/><\/figure>\n\n\n\n<ul class=\"wp-block-list\"><li>2 <span style=\"text-decoration: underline;\">miljarder<\/span> bakterier<\/li><\/ul>\n\n\n\n<hr class=\"wp-block-separator\"\/>\n\n\n\n<ul class=\"wp-block-list\"><li>Lactobacillus plantarum<\/li><li>Lactobacillus paracasei<\/li><li>Lactobacillus bulgaricus<\/li><\/ul>\n<\/div><\/div>\n<\/div><\/section>\n\n\n\n<section class=\"wp-block-uagb-columns uagb-columns__wrap uagb-columns__background-color uagb-columns__stack-mobile uagb-columns__valign-undefined uagb-columns__gap-10 alignundefined uagb-block-0e96cf7b\"><div class=\"uagb-columns__overlay\"><\/div><div class=\"uagb-columns__inner-wrap uagb-columns__columns-1\">\n<div class=\"wp-block-uagb-column uagb-column__wrap uagb-column__background-undefined uagb-block-45745cc2\"><div class=\"uagb-column__overlay\"><\/div><div class=\"uagb-column__inner-wrap\">\n<h4 class=\"has-text-align-center wp-block-heading\">\u00bb Rekommenderad Dos<\/h4>\n\n\n\n<div class=\"wp-block-uagb-info-box uagb-infobox__outer-wrap uagb-block-3cacc9ff\"><div class=\"uagb-infobox__content-wrap uagb-infobox uagb-infobox-has-icon uagb-infobox-icon-left uagb-infobox-left uagb-infobox-stacked-tablet uagb-infobox-image-valign-top uagb-infobox-enable-border-radius \"><div class=\"uagb-ifb-left-right-wrap\"><div class=\"uagb-ifb-image-icon-content uagb-ifb-imgicon-wrap\"><div class=\"uagb-ifb-icon-wrap\"><span class=\"uagb-ifb-icon\"><svg xmlns=\"http:\/\/www.w3.org\/2000\/svg\" viewbox=\"0 0 512 512\"><path d=\"M256 8C119.043 8 8 119.083 8 256c0 136.997 111.043 248 248 248s248-111.003 248-248C504 119.083 392.957 8 256 8zm0 110c23.196 0 42 18.804 42 42s-18.804 42-42 42-42-18.804-42-42 18.804-42 42-42zm56 254c0 6.627-5.373 12-12 12h-88c-6.627 0-12-5.373-12-12v-24c0-6.627 5.373-12 12-12h12v-64h-12c-6.627 0-12-5.373-12-12v-24c0-6.627 5.373-12 12-12h64c6.627 0 12 5.373 12 12v100h12c6.627 0 12 5.373 12 12v24z\"><\/path><\/svg><\/span><\/div><\/div><div class=\"uagb-ifb-content\"><div class=\"uagb-ifb-title-wrap\"><\/div><div class=\"uagb-ifb-text-wrap\"><p class=\"uagb-ifb-desc\">Vi rekommenderar att man doserar endast l\u00e5g dos som en tablett dagligen under 3 &#8211; 4 dagar och sedan gradvis \u00f6kar till trivsel-dos vilket varierar individuellt. Denna initieringsperiod brukar vara i h\u00f6gst 3 veckor Mindre barn kan ta \u00bd till \u00bc dos j\u00e4mf\u00f6rt med vuxna. Krossa eller mal tabletten med baksidan p\u00e5 en sked och blanda i dryck eller mat.<br>Probiotika bakterierna har producerats utan tillsats av GMO, mj\u00f6lk, soja eller gluten. Passar f\u00f6r alla inklusive veganer och gravida och barn.<\/p><\/div><\/div><\/div><\/div><\/div>\n<\/div><\/div>\n<\/div><\/section>\n\n\n\n<p><\/p>\n\n\n\n<h4 class=\"has-text-align-center wp-block-heading\">\u00bb Vad Finns i Tabletten?<\/h4>\n\n\n\n<ul class=\"wp-block-list\"><li><strong>Prebiotika<\/strong> (Inulin) &#8211; Inulin stimulerar v\u00e4xt och aktivitet f\u00f6r de nyttiga bakterierna i den redan befintliga mikrofloran. Vanligen extraherat fr\u00e5n Endive-r\u00f6tter<\/li><li><strong>Xanthan<\/strong> &#8211;<em> <\/em>Slemproducerande \u00e4mne som produceras genom fermentation av kolhydrater. Det skyddar mj\u00f6lksyrabakterierna i tarmen och kontrollerar uppl\u00f6sningen och optimerar exponeringen av de livskraftiga bakterierna.<\/li><li><strong>Magnesiumstearat<\/strong> &#8211; Magnesium-stearat \u00e4r ett salt best\u00e5ende av magnesium bundet till stearinsyra. B\u00e5da dessa f\u00f6rekommer ofta i vanlig mat i st\u00f6rre m\u00e4ngder. Den fungerar som fl\u00f6desagent. RSPO certifikat.<\/li><\/ul>\n\n\n\n<p><\/p>\n<\/div><\/div>\n<\/div><\/section>\n\n\n\n<section class=\"wp-block-uagb-columns uagb-columns__wrap uagb-columns__background-undefined uagb-columns__stack-mobile uagb-columns__valign-undefined uagb-columns__gap-10 alignundefined uagb-block-cbb5fceb\"><div class=\"uagb-columns__overlay\"><\/div><div class=\"uagb-columns__shape uagb-columns__shape-top\"><svg xmlns=\"http:\/\/www.w3.org\/2000\/svg\" viewbox=\"0 0 1000 20\" preserveaspectratio=\"none\"><path class=\"uagb-columns__shape-fill\" d=\"M0,0v3c0,0,393.8,0,483.4,0c9.2,0,16.6,7.4,16.6,16.6c0-9.1,7.4-16.6,16.6-16.6C606.2,3,1000,3,1000,3V0H0z\"><\/path><\/svg><\/div><div class=\"uagb-columns__inner-wrap uagb-columns__columns-1\">\n<div class=\"wp-block-uagb-column uagb-column__wrap uagb-column__background-undefined uagb-block-ca146b94\"><div class=\"uagb-column__overlay\"><\/div><div class=\"uagb-column__inner-wrap\">\n<p><\/p>\n<\/div><\/div>\n<\/div><\/section>\n\n\n\n<div class=\"woocommerce columns-4 \"><ul class=\"products columns-4\">\n<li class=\"desktop-align-center tablet-align-center mobile-align-center ast-product-gallery-layout-horizontal ast-product-gallery-with-no-image ast-magnify-disabled ast-product-tabs-layout-horizontal product type-product post-7072 status-publish first outofstock product_cat-probion-probiotika product_tag-probion-sv has-post-thumbnail taxable shipping-taxable purchasable product-type-simple\">\n\t<a href=\"https:\/\/probion.com\/sv\/produkt\/probion-active\" class=\"woocommerce-LoopProduct-link woocommerce-loop-product__link\"><img loading=\"lazy\" decoding=\"async\" width=\"250\" height=\"311\" src=\"https:\/\/probion.com\/wp-content\/uploads\/2020\/12\/probion_active_s-1-250x311.jpg\" class=\"attachment-woocommerce_thumbnail size-woocommerce_thumbnail\" alt=\"natural probiotics lactose free probiotics\" srcset=\"https:\/\/probion.com\/wp-content\/uploads\/2020\/12\/probion_active_s-1-250x311.jpg 250w, https:\/\/probion.com\/wp-content\/uploads\/2020\/12\/probion_active_s-1-241x300.jpg 241w, https:\/\/probion.com\/wp-content\/uploads\/2020\/12\/probion_active_s-1-325x404.jpg 325w, https:\/\/probion.com\/wp-content\/uploads\/2020\/12\/probion_active_s-1.jpg 618w\" sizes=\"auto, (max-width: 250px) 100vw, 250px\" \/><h2 class=\"woocommerce-loop-product__title\">ProBion Active<\/h2>\n\t<span class=\"price\"><span class=\"woocommerce-Price-amount amount\"><bdi><span class=\"woocommerce-Price-currencySymbol\">&#107;&#114;<\/span>&nbsp;305,97<\/bdi><\/span><\/span>\n<span data-content_category=\"Probiotika\"><\/span><\/a><a href=\"https:\/\/probion.com\/sv\/produkt\/probion-active\" aria-describedby=\"woocommerce_loop_add_to_cart_link_describedby_7072\" data-quantity=\"1\" class=\"button product_type_simple \" data-product_id=\"7072\" data-product_sku=\"7350092800013\" aria-label=\"L\u00e4s mer om \u201dProBion Active\u201d\" rel=\"nofollow\" data-success_message=\"\">L\u00e4s mer<\/a>\t<span id=\"woocommerce_loop_add_to_cart_link_describedby_7072\" class=\"screen-reader-text\">\n\t\t\t<\/span>\n<\/li>\n<li class=\"desktop-align-center tablet-align-center mobile-align-center ast-product-gallery-layout-horizontal ast-product-gallery-with-no-image ast-magnify-disabled ast-product-tabs-layout-horizontal product type-product post-7077 status-publish outofstock product_cat-probion-probiotika product_tag-probion-sv has-post-thumbnail taxable shipping-taxable purchasable product-type-simple\">\n\t<a href=\"https:\/\/probion.com\/sv\/produkt\/probion-basic\" class=\"woocommerce-LoopProduct-link woocommerce-loop-product__link\"><img loading=\"lazy\" decoding=\"async\" width=\"250\" height=\"310\" src=\"https:\/\/probion.com\/wp-content\/uploads\/2020\/07\/probion_basic_s-250x310.jpg\" class=\"attachment-woocommerce_thumbnail size-woocommerce_thumbnail\" alt=\"natural probiotics lactose free probiotics\" srcset=\"https:\/\/probion.com\/wp-content\/uploads\/2020\/07\/probion_basic_s-250x310.jpg 250w, https:\/\/probion.com\/wp-content\/uploads\/2020\/07\/probion_basic_s-242x300.jpg 242w, https:\/\/probion.com\/wp-content\/uploads\/2020\/07\/probion_basic_s-325x403.jpg 325w, https:\/\/probion.com\/wp-content\/uploads\/2020\/07\/probion_basic_s.jpg 620w\" sizes=\"auto, (max-width: 250px) 100vw, 250px\" \/><h2 class=\"woocommerce-loop-product__title\">ProBion Basic<\/h2>\n\t<span class=\"price\"><span class=\"woocommerce-Price-amount amount\"><bdi><span class=\"woocommerce-Price-currencySymbol\">&#107;&#114;<\/span>&nbsp;325,97<\/bdi><\/span><\/span>\n<span data-content_category=\"Probiotika\"><\/span><\/a><a href=\"https:\/\/probion.com\/sv\/produkt\/probion-basic\" aria-describedby=\"woocommerce_loop_add_to_cart_link_describedby_7077\" data-quantity=\"1\" class=\"button product_type_simple \" data-product_id=\"7077\" data-product_sku=\"7350092800020\" aria-label=\"L\u00e4s mer om \u201dProBion Basic\u201d\" rel=\"nofollow\" data-success_message=\"\">L\u00e4s mer<\/a>\t<span id=\"woocommerce_loop_add_to_cart_link_describedby_7077\" class=\"screen-reader-text\">\n\t\t\t<\/span>\n<\/li>\n<li class=\"desktop-align-center tablet-align-center mobile-align-center ast-product-gallery-layout-horizontal ast-product-gallery-with-no-image ast-magnify-disabled ast-product-tabs-layout-horizontal product type-product post-7076 status-publish outofstock product_cat-probion-probiotika product_tag-probion-sv has-post-thumbnail taxable shipping-taxable purchasable product-type-simple\">\n\t<a href=\"https:\/\/probion.com\/sv\/produkt\/probion-clinica\" class=\"woocommerce-LoopProduct-link woocommerce-loop-product__link\"><img loading=\"lazy\" decoding=\"async\" width=\"250\" height=\"310\" src=\"https:\/\/probion.com\/wp-content\/uploads\/2020\/12\/probion_clinica_s-250x310.jpg\" class=\"attachment-woocommerce_thumbnail size-woocommerce_thumbnail\" alt=\"ProBion Clinica\" srcset=\"https:\/\/probion.com\/wp-content\/uploads\/2020\/12\/probion_clinica_s-250x310.jpg 250w, https:\/\/probion.com\/wp-content\/uploads\/2020\/12\/probion_clinica_s-242x300.jpg 242w, https:\/\/probion.com\/wp-content\/uploads\/2020\/12\/probion_clinica_s-325x403.jpg 325w, https:\/\/probion.com\/wp-content\/uploads\/2020\/12\/probion_clinica_s.jpg 620w\" sizes=\"auto, (max-width: 250px) 100vw, 250px\" \/><h2 class=\"woocommerce-loop-product__title\">ProBion Clinica<\/h2>\n\t<span class=\"price\"><span class=\"woocommerce-Price-amount amount\"><bdi><span class=\"woocommerce-Price-currencySymbol\">&#107;&#114;<\/span>&nbsp;550,00<\/bdi><\/span><\/span>\n<span data-content_category=\"Probiotika\"><\/span><\/a><a href=\"https:\/\/probion.com\/sv\/produkt\/probion-clinica\" aria-describedby=\"woocommerce_loop_add_to_cart_link_describedby_7076\" data-quantity=\"1\" class=\"button product_type_simple \" data-product_id=\"7076\" data-product_sku=\"\" aria-label=\"L\u00e4s mer om \u201dProBion Clinica\u201d\" rel=\"nofollow\" data-success_message=\"\">L\u00e4s mer<\/a>\t<span id=\"woocommerce_loop_add_to_cart_link_describedby_7076\" class=\"screen-reader-text\">\n\t\t\t<\/span>\n<\/li>\n<li class=\"desktop-align-center tablet-align-center mobile-align-center ast-product-gallery-layout-horizontal ast-product-gallery-with-no-image ast-magnify-disabled ast-product-tabs-layout-horizontal product type-product post-7074 status-publish last outofstock product_cat-probion-probiotika product_tag-probion-sv has-post-thumbnail taxable shipping-taxable purchasable product-type-simple\">\n\t<a href=\"https:\/\/probion.com\/sv\/produkt\/probion-daily\" class=\"woocommerce-LoopProduct-link woocommerce-loop-product__link\"><img loading=\"lazy\" decoding=\"async\" width=\"250\" height=\"311\" src=\"https:\/\/probion.com\/wp-content\/uploads\/2020\/12\/probion_daily_s-250x311.jpg\" class=\"attachment-woocommerce_thumbnail size-woocommerce_thumbnail\" alt=\"natural probiotics lactose free probiotics\" srcset=\"https:\/\/probion.com\/wp-content\/uploads\/2020\/12\/probion_daily_s-250x311.jpg 250w, https:\/\/probion.com\/wp-content\/uploads\/2020\/12\/probion_daily_s-241x300.jpg 241w, https:\/\/probion.com\/wp-content\/uploads\/2020\/12\/probion_daily_s-325x404.jpg 325w, https:\/\/probion.com\/wp-content\/uploads\/2020\/12\/probion_daily_s.jpg 618w\" sizes=\"auto, (max-width: 250px) 100vw, 250px\" \/><h2 class=\"woocommerce-loop-product__title\">ProBion Daily<\/h2>\n\t<span class=\"price\"><span class=\"woocommerce-Price-amount amount\"><bdi><span class=\"woocommerce-Price-currencySymbol\">&#107;&#114;<\/span>&nbsp;365,97<\/bdi><\/span><\/span>\n<span data-content_category=\"Probiotika\"><\/span><\/a><a href=\"https:\/\/probion.com\/sv\/produkt\/probion-daily\" aria-describedby=\"woocommerce_loop_add_to_cart_link_describedby_7074\" data-quantity=\"1\" class=\"button product_type_simple \" data-product_id=\"7074\" data-product_sku=\"7350092800044\" aria-label=\"L\u00e4s mer om \u201dProBion Daily\u201d\" rel=\"nofollow\" data-success_message=\"\">L\u00e4s mer<\/a>\t<span id=\"woocommerce_loop_add_to_cart_link_describedby_7074\" class=\"screen-reader-text\">\n\t\t\t<\/span>\n<\/li>\n<\/ul>\n<\/div>\n\n\n\n<p class=\"has-text-align-center\">\u27a4 <a href=\"https:\/\/probion.com\/sv\/kontakt-probion\">Kontakta ProBion<\/a><\/p>\n\n\n\n<style><![CDATA[ .entry-title a, .entry-content h1 { color: #155196; } .entry-content h1 { margin-bottom: 0; } ]]]]><![CDATA[><\/style>\n","protected":false},"excerpt":{"rendered":"<p>ProBion Probiota Stammar Endast V\u00e4l Dokumenterade ProBion st\u00e5r f\u00f6r exklusiv terapeutisk kvalitet med individuellt anpassade produkter f\u00f6r alla \u00e5ldrar inkluderande barn. V\u00e4l utvalda bakteriestammar f\u00f6r att harmonisera tillsammans och garantera terapeutisk kvalitet under l\u00e5ng tid. Vi v\u00e4ljer bakteriestammar med nyttiga egenskaper publicerade i kvalitetsgranskade studier. Vi kombinerar dem i en matrix med innovativ teknologi f\u00f6r [&hellip;]<\/p>\n","protected":false},"author":1,"featured_media":0,"parent":628,"menu_order":0,"comment_status":"closed","ping_status":"closed","template":"","meta":{"inline_featured_image":false,"_uag_custom_page_level_css":"","site-sidebar-layout":"default","site-content-layout":"default","ast-site-content-layout":"default","site-content-style":"default","site-sidebar-style":"default","ast-global-header-display":"","ast-banner-title-visibility":"","ast-main-header-display":"","ast-hfb-above-header-display":"","ast-hfb-below-header-display":"","ast-hfb-mobile-header-display":"","site-post-title":"disabled","ast-breadcrumbs-content":"","ast-featured-img":"","footer-sml-layout":"","ast-disable-related-posts":"","theme-transparent-header-meta":"default","adv-header-id-meta":"","stick-header-meta":"default","header-above-stick-meta":"","header-main-stick-meta":"","header-below-stick-meta":"","astra-migrate-meta-layouts":"default","ast-page-background-enabled":"default","ast-page-background-meta":{"desktop":{"background-color":"","background-image":"","background-repeat":"repeat","background-position":"center center","background-size":"auto","background-attachment":"scroll","background-type":"","background-media":"","overlay-type":"","overlay-color":"","overlay-opacity":"","overlay-gradient":""},"tablet":{"background-color":"","background-image":"","background-repeat":"repeat","background-position":"center center","background-size":"auto","background-attachment":"scroll","background-type":"","background-media":"","overlay-type":"","overlay-color":"","overlay-opacity":"","overlay-gradient":""},"mobile":{"background-color":"","background-image":"","background-repeat":"repeat","background-position":"center center","background-size":"auto","background-attachment":"scroll","background-type":"","background-media":"","overlay-type":"","overlay-color":"","overlay-opacity":"","overlay-gradient":""}},"ast-content-background-meta":{"desktop":{"background-color":"var(--ast-global-color-5)","background-image":"","background-repeat":"repeat","background-position":"center center","background-size":"auto","background-attachment":"scroll","background-type":"","background-media":"","overlay-type":"","overlay-color":"","overlay-opacity":"","overlay-gradient":""},"tablet":{"background-color":"var(--ast-global-color-5)","background-image":"","background-repeat":"repeat","background-position":"center center","background-size":"auto","background-attachment":"scroll","background-type":"","background-media":"","overlay-type":"","overlay-color":"","overlay-opacity":"","overlay-gradient":""},"mobile":{"background-color":"var(--ast-global-color-5)","background-image":"","background-repeat":"repeat","background-position":"center center","background-size":"auto","background-attachment":"scroll","background-type":"","background-media":"","overlay-type":"","overlay-color":"","overlay-opacity":"","overlay-gradient":""}},"footnotes":""},"class_list":["post-595","page","type-page","status-publish","hentry"],"uagb_featured_image_src":{"full":false,"thumbnail":false,"medium":false,"medium_large":false,"large":false,"1536x1536":false,"2048x2048":false,"woocommerce_thumbnail":false,"woocommerce_single":false,"woocommerce_gallery_thumbnail":false},"uagb_author_info":{"display_name":"Mad","author_link":"https:\/\/probion.com\/sv\/probion-blog\/author\/mad"},"uagb_comment_info":0,"uagb_excerpt":"ProBion Probiota Stammar Endast V\u00e4l Dokumenterade ProBion st\u00e5r f\u00f6r exklusiv terapeutisk kvalitet med individuellt anpassade produkter f\u00f6r alla \u00e5ldrar inkluderande barn. V\u00e4l utvalda bakteriestammar f\u00f6r att harmonisera tillsammans och garantera terapeutisk kvalitet under l\u00e5ng tid. Vi v\u00e4ljer bakteriestammar med nyttiga egenskaper publicerade i kvalitetsgranskade studier. Vi kombinerar dem i en matrix med innovativ teknologi f\u00f6r&hellip;","_links":{"self":[{"href":"https:\/\/probion.com\/sv\/wp-json\/wp\/v2\/pages\/595","targetHints":{"allow":["GET"]}}],"collection":[{"href":"https:\/\/probion.com\/sv\/wp-json\/wp\/v2\/pages"}],"about":[{"href":"https:\/\/probion.com\/sv\/wp-json\/wp\/v2\/types\/page"}],"author":[{"embeddable":true,"href":"https:\/\/probion.com\/sv\/wp-json\/wp\/v2\/users\/1"}],"replies":[{"embeddable":true,"href":"https:\/\/probion.com\/sv\/wp-json\/wp\/v2\/comments?post=595"}],"version-history":[{"count":1,"href":"https:\/\/probion.com\/sv\/wp-json\/wp\/v2\/pages\/595\/revisions"}],"predecessor-version":[{"id":6979,"href":"https:\/\/probion.com\/sv\/wp-json\/wp\/v2\/pages\/595\/revisions\/6979"}],"up":[{"embeddable":true,"href":"https:\/\/probion.com\/sv\/wp-json\/wp\/v2\/pages\/628"}],"wp:attachment":[{"href":"https:\/\/probion.com\/sv\/wp-json\/wp\/v2\/media?parent=595"}],"curies":[{"name":"wp","href":"https:\/\/api.w.org\/{rel}","templated":true}]}}