{"id":5473,"date":"2020-11-23T17:29:22","date_gmt":"2020-11-23T16:29:22","guid":{"rendered":"https:\/\/probion.com\/?page_id=5473"},"modified":"2021-05-04T06:59:24","modified_gmt":"2021-05-04T04:59:24","slug":"testimonials","status":"publish","type":"page","link":"https:\/\/probion.com\/sv\/testimonials","title":{"rendered":"ProBion Testimonials &#038; Reviews"},"content":{"rendered":"\n<blockquote class=\"wp-block-quote is-layout-flow wp-block-quote-is-layout-flow\"><p>\u2705 <strong>Simon 27<\/strong><br><span class=\"has-inline-color has-luminous-vivid-amber-color\">\u2605\u2605\u2605\u2605\u2605<\/span><\/p><p>N\u00e4r jag v\u00e4xte upp hade jag aldrig n\u00e5gra magproblem och levde ett bra liv. Jag skadade mitt korsband under en fotbollsmatch vid ung \u00e5lder och fick operera mig 3 g\u00e5nger. Efter operationerna gav de mig antibiotika som ledde till akne-problem. P\u00e5 grund av detta fick jag \u00e4ta Roaccutan och Tetracyklin f\u00f6r att f\u00e5 bort aknen. Inte s\u00e5 l\u00e5ngt efter dessa behandlingar b\u00f6rjade mina magproblem att komma. Det b\u00f6rjade med sm\u00e4rta och oregelbundna avf\u00f6ringar, det v\u00e4xlade mellan diarr\u00e9 och f\u00f6rstoppning.&nbsp;<\/p><p>Under hela min uppv\u00e4xt hade jag aldrig n\u00e5gra matintoleranser men nu kunde jag inte l\u00e4ngre \u00e4ta \u00e4gg och massa andra livsmedel. Jag b\u00f6rjade g\u00e5 ner i vikt och tappade aptiten.&nbsp;<\/p><p>Jag har varit hos m\u00e5nga olika l\u00e4kare och sjukhus och har gjort coloskopier, gastroskopier och l\u00e4mnat tusen olika prover men jag fick som m\u00e5nga andra ingen riktig klar diagnos. De sa till mig att min tarm var inflammerad och att jag hade IBS.&nbsp;<\/p><p>\u00c5ren gick och jag hade bra och d\u00e5liga perioder. Jag m\u00e4rkte att det p\u00e5verkade mig otroligt mycket psykiskt, n\u00e4r magen m\u00e5dde bra s\u00e5 m\u00e5dde jag bra men det var s\u00e4llan jag kunde ha en vecka utan problem. Genom medicin och massa olika diet tester s\u00e5 l\u00e4rde jag mig att kontrollera symptomen n\u00e5gorlunda, jag fick \u00e4ta v\u00e4ldigt begr\u00e4nsat och det var sv\u00e5rt att g\u00e5 upp i vikt. Medicinen gjorde s\u00e5 att mina njurv\u00e4rden b\u00f6rjade bli s\u00e4mre och den var ingen rolig medicin att ta.&nbsp;<\/p><p>2019 var \u00e5ret d\u00e5 mina problem blev v\u00e4rre. Dieten som jag \u00e5t f\u00f6r att bara minska symptomen (l\u00e5g fiber och inte mycket frukt och gr\u00f6nsaker) ledde till att min mage b\u00f6rjade jobba s\u00e5 otroligt l\u00e5ngsamt. Varje g\u00e5ng jag \u00e5t s\u00e5 tog det otroligt l\u00e5ng tid att sm\u00e4lta maten och jag blev uppbl\u00e5st varje g\u00e5ng jag \u00e5t. Jag kunde nu bara \u00e4ta sm\u00e5 portioner och jag rasade ner i vikt. Detta ledde \u00e4ven till andningsproblem f\u00f6r att varje g\u00e5ng jag \u00e5t s\u00e5 k\u00e4ndes det som att hela mitt system stannade upp och jag blev torr \u00f6ver allt (n\u00e4sa, hals osv).&nbsp;<\/p><p>Aptiten var helt borta och jag hade s\u00f6mnproblem eftersom att min mage var uppbl\u00e5st hela tiden. \u00c5terigen \u00e5kte jag till olika sjukhus (Sahlgrenska och V\u00e4xj\u00f6 sjukhus) och det blev nya unders\u00f6kningar och nya starka mediciner. Det blev bara s\u00e4mre och jag b\u00f6rjade tappa hoppet.&nbsp;<\/p><p>Jag fick bli min egen l\u00e4kare och satt dygn efter dygn p\u00e5 Google f\u00f6r att l\u00e4ra mig om magproblem. Jag \u00e4ndrade om min diet totalt men det var sv\u00e5rt eftersom jag fortfarande hade s\u00e5 m\u00e5nga matintoleranser och samtidigt kunde jag inte g\u00e5 ner mer i vikt eftersom jag nu bara under 2019 hade g\u00e5tt ner n\u00e4stan 14 kilo. Trots att jag inte har m\u00e5tt bra i magen eller kunnat \u00e4ta s\u00e5 mycket s\u00e5 har jag alltid varit fysiskt aktiv d\u00e5 jag \u00e4lskar att tr\u00e4na och det var det enda som hj\u00e4lpte mig n\u00e5gorlunda.&nbsp;<\/p><p>Efter mina diet f\u00f6r\u00e4ndringar (h\u00f6gt fiber intag) b\u00f6rjade jag att m\u00e5 b\u00e4ttre, nu fick jag fart p\u00e5 magen och jag b\u00f6rjade bli mindre uppbl\u00e5st och jag kunde tolerera mat som tidigare inte kunde. Mina avf\u00f6ringar blev betydligt b\u00e4ttre, min Rosacea f\u00f6rsvann, jag kunde andas normalt igen och psykiskt m\u00e5dde jag betydligt b\u00e4ttre.<\/p><p>&nbsp;Jag var verkligen inte helt frisk och jag hade m\u00e5nga set-backs och jag blev s\u00e5 besviken varje g\u00e5ng n\u00e4r jag trodde att jag var &#8221;healed&#8221;.&nbsp; Jag reagerade fortfarande p\u00e5 m\u00e5nga livsmedel men livet var fortfarande b\u00e4ttre \u00e4n tidigare.&nbsp;<\/p><p>Jag b\u00f6rjade \u00e4ta \u00e4nnu mer fiber och h\u00e4r tror jag att jag hade s\u00e5 m\u00e5nga d\u00e5liga bakterier sedan tidigare i min kropp att jag \u00e4ven gav f\u00f6da till dem. Det ledde tillslut att min mage b\u00f6rjade jobba alldeles f\u00f6r snabbt och varje g\u00e5ng jag \u00e5t k\u00e4ndes det som det gick r\u00e4tt igenom mig och jag rasade ner i vikt.&nbsp;<\/p><p>\u00c5terigen nya unders\u00f6kningar och jag var \u00f6vertygad om att jag hade SIBO (\u00f6verv\u00e4xt av bakterier i tunntarmen).&nbsp;<\/p><p>Jag \u00f6vertygade Sahlgrenska att g\u00f6ra ett Sibo-test och jag testade positivt. De skrev ut 2 olika antibiotika till mig men jag v\u00e5gade inte ta dem pga tidigare erfarenheter.&nbsp;<\/p><p>Jag b\u00f6rjade googla runt och enligt m\u00e5nga s\u00e5 var Xifaxan den b\u00e4sta antibiotikan att ta d\u00e5 den bara skulle d\u00f6da bakterier i tunntarmen.&nbsp;<\/p><p>D\u00e5 jag inte l\u00e4ngre litade p\u00e5 v\u00e5rden och aldrig blivit riktigt hj\u00e4lpt s\u00e5 valde jag nu ist\u00e4llet att testa funktionsmedicin (FunMed i G\u00f6teborg).&nbsp;<\/p><p>Jag hade inga pengar till detta egentligen och lyckades l\u00e5na av en sl\u00e4kting.&nbsp;<\/p><p>De rekommenderade mig att f\u00f6rst testa en \u00f6rtkur ist\u00e4llet f\u00f6r Xifaxan. Detta var oreganoolja, Vitl\u00f6k (Allicin) och Berberine.<\/p><p>Jag m\u00e5dde s\u00e5 fruktansv\u00e4rt d\u00e5ligt under kuren, illam\u00e5ende dygnet runt, magont och spydde p\u00e5 n\u00e4tterna. Jag avslutade kuren f\u00f6r tidigt f\u00f6r att jag m\u00e5dde s\u00e5 otroligt d\u00e5ligt.<\/p><p>I efterhand har jag f\u00f6rst\u00e5tt att detta var Berberine som orsakade att jag m\u00e5dde s\u00e5 d\u00e5ligt under kuren.&nbsp; Trots det s\u00e5 gjorde kuren v\u00e4ldigt mycket bra f\u00f6r mig, det k\u00e4ndes som jag tog upp maten b\u00e4ttre men jag var fortfarande l\u00e5ngt ifr\u00e5n &#8221;normal&#8221;.&nbsp;<\/p><p>H\u00e4r gjorde jag nu det st\u00f6rsta misstaget jag gjort i mitt liv och det var att testa Xifaxan. 7 dagar in i kuren och alla problem som jag hade jobbat bort genom dieten i somras kom tillbaka. Jag fick torra \u00f6gon och mun, gula t\u00e4nde. Rosacea kom tillbaka, kunde inte andas, jag utvecklade en kl\u00e5da \u00f6ver hela kroppen, mitt hum\u00f6r blev d\u00e5ligt, jag blev tr\u00f6tt hela tiden, lustig k\u00e4nsla i halsen varje g\u00e5ng jag \u00e5t.&nbsp;<\/p><p>Det segade ner mitt system och alla mina problem med uppbl\u00e5sthet kom tillbaka, aptiten helt borta igen och de livsmedel som jag innan kuren t\u00e5lde kunde jag nu l\u00e4ngre inte \u00e4ta. Magsm\u00e4rtor och jag blev otroligt f\u00f6rstoppad. Jag trodde detta bara var tillf\u00e4lligt men 2 m\u00e5nader efter\u00e5t var det exakt samma.<\/p><p>Jag k\u00e4nde mig otroligt kn\u00e4ckt och uppgiven. Jag hade f\u00f6rv\u00e4ntningar att jag skulle f\u00e5 mitt liv tillbaka genom Xifaxan, jag ville bara jobba och kunna leva igen. Jag sj\u00e4lv \u00e4r helt \u00f6vertygad om att Xifaxan gav mig svamp(candida) och d\u00f6dade m\u00e5nga bra bakterier.&nbsp;<\/p><p>Jag best\u00e4mde mig f\u00f6r att k\u00f6ra en \u00f6rtkur igen med oreganoolja och vitl\u00f6k(Allicin), denna g\u00e5ngen m\u00e5dde jag inte alls d\u00e5ligt under kuren och den f\u00f6rb\u00e4ttrade m\u00e5nga saker men hj\u00e4lpte inte alls mot f\u00f6rstoppningen eller gav mig aptiten tillbaka.&nbsp;<\/p><p><em>Nu var jag desperat, p\u00e5 internet och \u00f6verallt man l\u00e4ser s\u00e5 s\u00e4ger de flesta att man inte ska ta probiotika om man har Sibo d\u00e5 det g\u00f6r det v\u00e4rre.&nbsp;<\/em><\/p><p>P\u00e5 grund av detta hade jag undvikit probiotika sedan de gav mig den diagnosen.&nbsp;<\/p><p>Jag testade 3 olika probiotika och ingen hj\u00e4lpte mot min sega mage, uppbl\u00e5sthet, sm\u00e4rtor och f\u00f6rstoppning.<\/p><p>Tillslut hittade jag <strong>ProBion basic<\/strong> d\u00e5 dem beskrev produkten att den skulle hj\u00e4lpa mot l\u00e5ngsam mage och f\u00f6rstoppning.&nbsp;<\/p><p>Om jag ska vara helt \u00e4rlig hade jag n\u00e4stan tappat hoppet och hade inte mycket f\u00f6rv\u00e4ntningar.&nbsp;<\/p><p>Jag \u00f6verdriver inte n\u00e4r jag s\u00e4ger det, det tog 1-2 timmar om ens det efter att jag tog den f\u00f6rsta tabletten s\u00e5 k\u00e4ndes det som min mage b\u00f6rjade jobba igen.&nbsp;<\/p><p>Aptiten kom tillbaka och mitt hum\u00f6r blev b\u00e4ttre. Jag fick huvudv\u00e4rk f\u00f6rsta kv\u00e4llen och jag ser det som utrensning, det var en huvudv\u00e4rk som g\u00e5r att t\u00e5la. Den gick \u00f6ver andra dagen och nu f\u00f6rsvann \u00e4ven all problem med uppbl\u00e5st mage, torra \u00f6gon och mun samt andnings-problem. Aptiten jag k\u00e4nner nu har jag inte k\u00e4nt p\u00e5 evigheter. Det k\u00e4nns som att min mage b\u00f6rjar jobba igen och att min kropp b\u00f6rjar fungera normalt igen.&nbsp;<\/p><p>Tredje dagen tog jag nog lite f\u00f6r stor dos d\u00e5 jag fick lite problem med gaser och lite sm\u00e4rta, jag ser det som utrensning. Anledningen till att jag stor lite stor dos var f\u00f6r att det k\u00e4ndes som ren magi varje g\u00e5ng jag tog tabletten dagen innan.<\/p><p>&nbsp;Varje dag b\u00f6rjar mina avf\u00f6ringsvanor bli b\u00e4ttre och b\u00e4ttre och jag har nu hoppet om livet igen. Psykiskt \u00e4r det en stor skillnad p\u00e5 mig och jag \u00e4r otroligt glad att jag hittade den h\u00e4r produkten.&nbsp;<\/p><p>Jag skriver fr\u00e5n mitt hj\u00e4rta och \u00e4r helt \u00e4rlig. Jag vill inte att n\u00e5gon annan m\u00e4nniska ska hamna i den sitsen d\u00e4r jag sitter, efter mina \u00e5r med magproblem s\u00e5 jag har skulder eftersom att jag inte har kunnat jobba och har testat tusentals kosttillskott, resor till l\u00e4kare, utgifter till mediciner mm. 2019 hade jag inte l\u00e4ngre r\u00e5d med mat och kunde bara handla mat online och anv\u00e4nda klarna. Som tur v\u00e4l \u00e4r har skulderna inte sprungit iv\u00e4g d\u00e4r det k\u00e4nns om\u00f6jligt att f\u00e5 bort dem. Lyckas jag bara f\u00e5 ett jobb s\u00e5 kan jag bli av med dem relativt fort och som jag k\u00e4nner mig nu med <strong>ProBion basic<\/strong> s\u00e5 k\u00e4nns det absolut som jag kan b\u00f6rja jobba igen.&nbsp;<\/p><p>Den har gett mig hoppet igen om att f\u00e5 tillbaka mitt liv.&nbsp;<\/p><p>Jag har lagt tusentals kronor p\u00e5 probiotika tidigare och vissa produkter har gjort n\u00e5gorlunda bra grejer f\u00f6r mig och har gjort m\u00e5nga saker v\u00e4rre. Jag \u00e4r \u00f6vertygad om att det \u00e4r viktigt att f\u00e5 i sig r\u00e4tt stammar som passar dig och tidigare har jag k\u00f6pt probiotika med m\u00e5nga stammar och m\u00e5nga miljarder bakterier men ingen har ens i n\u00e4rheten f\u00e5tt mig att m\u00e5 s\u00e5 bra som denna och p\u00e5 s\u00e5 kort tid. Tittar man p\u00e5 m\u00e5nga probiotika produkter online st\u00e5r det ofta att dem hj\u00e4lper mot b\u00e5de diarr\u00e9, f\u00f6rstoppning och sm\u00e4rta, men med denna produkt st\u00e5r det specifikt vad den \u00e4r till f\u00f6r och den g\u00f6r verkligen det som st\u00e5r.&nbsp;<\/p><p><strong>\u00c5terigen tusen tack f\u00f6r en fantastiskt produkt!&nbsp;<\/strong><\/p><\/blockquote>\n\n\n\n<p><em>Kommentar doktor Lennart Cedg\u00e5rd:<\/em><\/p>\n\n\n\n<p><em>En av m\u00e5nga som h\u00f6rt av sig under \u00e5ren och varit glada och n\u00f6jda med ProBion. Vi reagerar lite olika n\u00e4r vi exponeras f\u00f6r probiotika med terapeutisk kvalitet. Intressant \u00e4r den f\u00f6rsta reaktionen som kom inom 2 timmar. Troligen har olika hormoner som produceras i mags\u00e4cken reagerat och p\u00e5verkat peristaltiken och gjort att magen b\u00f6rjade fungera mer normalt. Antibiotikan orsakade kaos i magen. ProBion passerar mags\u00e4cken p\u00e5 30-60 minuter och d\u00e4refter 120-150 minuter i tunntarmen d\u00e4r immunsystemet exponeras f\u00f6r att sedan n\u00e5 tjocktarm<\/em>.<\/p>\n\n\n\n<p><\/p>\n\n\n\n<section class=\"wp-block-uagb-columns uagb-columns__wrap uagb-columns__background-color uagb-columns__stack-mobile uagb-columns__valign- uagb-columns__gap-10 align uagb-block-d1fecac6 uagb-columns__columns-1 uagb-columns__max_width-theme\"><div class=\"uagb-columns__overlay\"><\/div><div class=\"uagb-columns__inner-wrap uagb-columns__columns-1\">\n<div class=\"wp-block-uagb-column uagb-column__wrap uagb-column__background-undefined uagb-block-5602c627\"><div class=\"uagb-column__overlay\"><\/div>\n<h2 class=\"wp-block-heading\"><a href=\"http:\/\/www.reviews.co.uk\/company-reviews\/store\/probion-com\" target=\"_blank\" rel=\"noreferrer noopener\">ProBion What Our Customers Say?<\/a><\/h2>\n\n\n\n<p>[rio_shortcode]<\/p>\n<\/div>\n<\/div><\/section>\n\n\n\n<div class=\"woocommerce columns-4 \"><ul class=\"products columns-4\">\n<li class=\"desktop-align-center tablet-align-center mobile-align-center ast-product-gallery-layout-horizontal ast-product-gallery-with-no-image ast-magnify-disabled ast-product-tabs-layout-horizontal product type-product post-7072 status-publish first outofstock product_cat-probion-probiotika product_tag-probion-sv has-post-thumbnail taxable shipping-taxable purchasable product-type-simple\">\n\t<a href=\"https:\/\/probion.com\/sv\/produkt\/probion-active\" class=\"woocommerce-LoopProduct-link woocommerce-loop-product__link\"><img loading=\"lazy\" decoding=\"async\" width=\"250\" height=\"311\" src=\"https:\/\/probion.com\/wp-content\/uploads\/2020\/12\/probion_active_s-1-250x311.jpg\" class=\"attachment-woocommerce_thumbnail size-woocommerce_thumbnail\" alt=\"natural probiotics lactose free probiotics\" srcset=\"https:\/\/probion.com\/wp-content\/uploads\/2020\/12\/probion_active_s-1-250x311.jpg 250w, https:\/\/probion.com\/wp-content\/uploads\/2020\/12\/probion_active_s-1-241x300.jpg 241w, https:\/\/probion.com\/wp-content\/uploads\/2020\/12\/probion_active_s-1-325x404.jpg 325w, https:\/\/probion.com\/wp-content\/uploads\/2020\/12\/probion_active_s-1.jpg 618w\" sizes=\"auto, (max-width: 250px) 100vw, 250px\" \/><h2 class=\"woocommerce-loop-product__title\">ProBion Active<\/h2>\n\t<span class=\"price\"><span class=\"woocommerce-Price-amount amount\"><bdi><span class=\"woocommerce-Price-currencySymbol\">&#107;&#114;<\/span>&nbsp;305,97<\/bdi><\/span><\/span>\n<span data-content_category=\"Probiotika\"><\/span><\/a><a href=\"https:\/\/probion.com\/sv\/produkt\/probion-active\" aria-describedby=\"woocommerce_loop_add_to_cart_link_describedby_7072\" data-quantity=\"1\" class=\"button product_type_simple \" data-product_id=\"7072\" data-product_sku=\"7350092800013\" aria-label=\"L\u00e4s mer om \u201dProBion Active\u201d\" rel=\"nofollow\" data-success_message=\"\">L\u00e4s mer<\/a>\t<span id=\"woocommerce_loop_add_to_cart_link_describedby_7072\" class=\"screen-reader-text\">\n\t\t\t<\/span>\n<\/li>\n<li class=\"desktop-align-center tablet-align-center mobile-align-center ast-product-gallery-layout-horizontal ast-product-gallery-with-no-image ast-magnify-disabled ast-product-tabs-layout-horizontal product type-product post-7077 status-publish outofstock product_cat-probion-probiotika product_tag-probion-sv has-post-thumbnail taxable shipping-taxable purchasable product-type-simple\">\n\t<a href=\"https:\/\/probion.com\/sv\/produkt\/probion-basic\" class=\"woocommerce-LoopProduct-link woocommerce-loop-product__link\"><img loading=\"lazy\" decoding=\"async\" width=\"250\" height=\"310\" src=\"https:\/\/probion.com\/wp-content\/uploads\/2020\/07\/probion_basic_s-250x310.jpg\" class=\"attachment-woocommerce_thumbnail size-woocommerce_thumbnail\" alt=\"natural probiotics lactose free probiotics\" srcset=\"https:\/\/probion.com\/wp-content\/uploads\/2020\/07\/probion_basic_s-250x310.jpg 250w, https:\/\/probion.com\/wp-content\/uploads\/2020\/07\/probion_basic_s-242x300.jpg 242w, https:\/\/probion.com\/wp-content\/uploads\/2020\/07\/probion_basic_s-325x403.jpg 325w, https:\/\/probion.com\/wp-content\/uploads\/2020\/07\/probion_basic_s.jpg 620w\" sizes=\"auto, (max-width: 250px) 100vw, 250px\" \/><h2 class=\"woocommerce-loop-product__title\">ProBion Basic<\/h2>\n\t<span class=\"price\"><span class=\"woocommerce-Price-amount amount\"><bdi><span class=\"woocommerce-Price-currencySymbol\">&#107;&#114;<\/span>&nbsp;325,97<\/bdi><\/span><\/span>\n<span data-content_category=\"Probiotika\"><\/span><\/a><a href=\"https:\/\/probion.com\/sv\/produkt\/probion-basic\" aria-describedby=\"woocommerce_loop_add_to_cart_link_describedby_7077\" data-quantity=\"1\" class=\"button product_type_simple \" data-product_id=\"7077\" data-product_sku=\"7350092800020\" aria-label=\"L\u00e4s mer om \u201dProBion Basic\u201d\" rel=\"nofollow\" data-success_message=\"\">L\u00e4s mer<\/a>\t<span id=\"woocommerce_loop_add_to_cart_link_describedby_7077\" class=\"screen-reader-text\">\n\t\t\t<\/span>\n<\/li>\n<li class=\"desktop-align-center tablet-align-center mobile-align-center ast-product-gallery-layout-horizontal ast-product-gallery-with-no-image ast-magnify-disabled ast-product-tabs-layout-horizontal product type-product post-7076 status-publish outofstock product_cat-probion-probiotika product_tag-probion-sv has-post-thumbnail taxable shipping-taxable purchasable product-type-simple\">\n\t<a href=\"https:\/\/probion.com\/sv\/produkt\/probion-clinica\" class=\"woocommerce-LoopProduct-link woocommerce-loop-product__link\"><img loading=\"lazy\" decoding=\"async\" width=\"250\" height=\"310\" src=\"https:\/\/probion.com\/wp-content\/uploads\/2020\/12\/probion_clinica_s-250x310.jpg\" class=\"attachment-woocommerce_thumbnail size-woocommerce_thumbnail\" alt=\"ProBion Clinica\" srcset=\"https:\/\/probion.com\/wp-content\/uploads\/2020\/12\/probion_clinica_s-250x310.jpg 250w, https:\/\/probion.com\/wp-content\/uploads\/2020\/12\/probion_clinica_s-242x300.jpg 242w, https:\/\/probion.com\/wp-content\/uploads\/2020\/12\/probion_clinica_s-325x403.jpg 325w, https:\/\/probion.com\/wp-content\/uploads\/2020\/12\/probion_clinica_s.jpg 620w\" sizes=\"auto, (max-width: 250px) 100vw, 250px\" \/><h2 class=\"woocommerce-loop-product__title\">ProBion Clinica<\/h2>\n\t<span class=\"price\"><span class=\"woocommerce-Price-amount amount\"><bdi><span class=\"woocommerce-Price-currencySymbol\">&#107;&#114;<\/span>&nbsp;550,00<\/bdi><\/span><\/span>\n<span data-content_category=\"Probiotika\"><\/span><\/a><a href=\"https:\/\/probion.com\/sv\/produkt\/probion-clinica\" aria-describedby=\"woocommerce_loop_add_to_cart_link_describedby_7076\" data-quantity=\"1\" class=\"button product_type_simple \" data-product_id=\"7076\" data-product_sku=\"\" aria-label=\"L\u00e4s mer om \u201dProBion Clinica\u201d\" rel=\"nofollow\" data-success_message=\"\">L\u00e4s mer<\/a>\t<span id=\"woocommerce_loop_add_to_cart_link_describedby_7076\" class=\"screen-reader-text\">\n\t\t\t<\/span>\n<\/li>\n<li class=\"desktop-align-center tablet-align-center mobile-align-center ast-product-gallery-layout-horizontal ast-product-gallery-with-no-image ast-magnify-disabled ast-product-tabs-layout-horizontal product type-product post-7074 status-publish last outofstock product_cat-probion-probiotika product_tag-probion-sv has-post-thumbnail taxable shipping-taxable purchasable product-type-simple\">\n\t<a href=\"https:\/\/probion.com\/sv\/produkt\/probion-daily\" class=\"woocommerce-LoopProduct-link woocommerce-loop-product__link\"><img loading=\"lazy\" decoding=\"async\" width=\"250\" height=\"311\" src=\"https:\/\/probion.com\/wp-content\/uploads\/2020\/12\/probion_daily_s-250x311.jpg\" class=\"attachment-woocommerce_thumbnail size-woocommerce_thumbnail\" alt=\"natural probiotics lactose free probiotics\" srcset=\"https:\/\/probion.com\/wp-content\/uploads\/2020\/12\/probion_daily_s-250x311.jpg 250w, https:\/\/probion.com\/wp-content\/uploads\/2020\/12\/probion_daily_s-241x300.jpg 241w, https:\/\/probion.com\/wp-content\/uploads\/2020\/12\/probion_daily_s-325x404.jpg 325w, https:\/\/probion.com\/wp-content\/uploads\/2020\/12\/probion_daily_s.jpg 618w\" sizes=\"auto, (max-width: 250px) 100vw, 250px\" \/><h2 class=\"woocommerce-loop-product__title\">ProBion Daily<\/h2>\n\t<span class=\"price\"><span class=\"woocommerce-Price-amount amount\"><bdi><span class=\"woocommerce-Price-currencySymbol\">&#107;&#114;<\/span>&nbsp;365,97<\/bdi><\/span><\/span>\n<span data-content_category=\"Probiotika\"><\/span><\/a><a href=\"https:\/\/probion.com\/sv\/produkt\/probion-daily\" aria-describedby=\"woocommerce_loop_add_to_cart_link_describedby_7074\" data-quantity=\"1\" class=\"button product_type_simple \" data-product_id=\"7074\" data-product_sku=\"7350092800044\" aria-label=\"L\u00e4s mer om \u201dProBion Daily\u201d\" rel=\"nofollow\" data-success_message=\"\">L\u00e4s mer<\/a>\t<span id=\"woocommerce_loop_add_to_cart_link_describedby_7074\" class=\"screen-reader-text\">\n\t\t\t<\/span>\n<\/li>\n<\/ul>\n<\/div>\n","protected":false},"excerpt":{"rendered":"<p>\u2705 Simon 27\u2605\u2605\u2605\u2605\u2605 N\u00e4r jag v\u00e4xte upp hade jag aldrig n\u00e5gra magproblem och levde ett bra liv. Jag skadade mitt korsband under en fotbollsmatch vid ung \u00e5lder och fick operera mig 3 g\u00e5nger. Efter operationerna gav de mig antibiotika som ledde till akne-problem. P\u00e5 grund av detta fick jag \u00e4ta Roaccutan och Tetracyklin f\u00f6r att [&hellip;]<\/p>\n","protected":false},"author":1,"featured_media":0,"parent":0,"menu_order":0,"comment_status":"closed","ping_status":"closed","template":"","meta":{"inline_featured_image":false,"_uag_custom_page_level_css":"","site-sidebar-layout":"right-sidebar","site-content-layout":"default","ast-site-content-layout":"default","site-content-style":"default","site-sidebar-style":"default","ast-global-header-display":"","ast-banner-title-visibility":"","ast-main-header-display":"","ast-hfb-above-header-display":"","ast-hfb-below-header-display":"","ast-hfb-mobile-header-display":"","site-post-title":"","ast-breadcrumbs-content":"","ast-featured-img":"","footer-sml-layout":"","ast-disable-related-posts":"","theme-transparent-header-meta":"default","adv-header-id-meta":"","stick-header-meta":"default","header-above-stick-meta":"","header-main-stick-meta":"","header-below-stick-meta":"","astra-migrate-meta-layouts":"default","ast-page-background-enabled":"default","ast-page-background-meta":{"desktop":{"background-color":"","background-image":"","background-repeat":"repeat","background-position":"center center","background-size":"auto","background-attachment":"scroll","background-type":"","background-media":"","overlay-type":"","overlay-color":"","overlay-opacity":"","overlay-gradient":""},"tablet":{"background-color":"","background-image":"","background-repeat":"repeat","background-position":"center center","background-size":"auto","background-attachment":"scroll","background-type":"","background-media":"","overlay-type":"","overlay-color":"","overlay-opacity":"","overlay-gradient":""},"mobile":{"background-color":"","background-image":"","background-repeat":"repeat","background-position":"center center","background-size":"auto","background-attachment":"scroll","background-type":"","background-media":"","overlay-type":"","overlay-color":"","overlay-opacity":"","overlay-gradient":""}},"ast-content-background-meta":{"desktop":{"background-color":"var(--ast-global-color-5)","background-image":"","background-repeat":"repeat","background-position":"center center","background-size":"auto","background-attachment":"scroll","background-type":"","background-media":"","overlay-type":"","overlay-color":"","overlay-opacity":"","overlay-gradient":""},"tablet":{"background-color":"var(--ast-global-color-5)","background-image":"","background-repeat":"repeat","background-position":"center center","background-size":"auto","background-attachment":"scroll","background-type":"","background-media":"","overlay-type":"","overlay-color":"","overlay-opacity":"","overlay-gradient":""},"mobile":{"background-color":"var(--ast-global-color-5)","background-image":"","background-repeat":"repeat","background-position":"center center","background-size":"auto","background-attachment":"scroll","background-type":"","background-media":"","overlay-type":"","overlay-color":"","overlay-opacity":"","overlay-gradient":""}},"footnotes":""},"class_list":["post-5473","page","type-page","status-publish","hentry"],"uagb_featured_image_src":{"full":false,"thumbnail":false,"medium":false,"medium_large":false,"large":false,"1536x1536":false,"2048x2048":false,"woocommerce_thumbnail":false,"woocommerce_single":false,"woocommerce_gallery_thumbnail":false},"uagb_author_info":{"display_name":"Mad","author_link":"https:\/\/probion.com\/sv\/probion-blog\/author\/mad"},"uagb_comment_info":0,"uagb_excerpt":"\u2705 Simon 27\u2605\u2605\u2605\u2605\u2605 N\u00e4r jag v\u00e4xte upp hade jag aldrig n\u00e5gra magproblem och levde ett bra liv. Jag skadade mitt korsband under en fotbollsmatch vid ung \u00e5lder och fick operera mig 3 g\u00e5nger. Efter operationerna gav de mig antibiotika som ledde till akne-problem. P\u00e5 grund av detta fick jag \u00e4ta Roaccutan och Tetracyklin f\u00f6r att&hellip;","_links":{"self":[{"href":"https:\/\/probion.com\/sv\/wp-json\/wp\/v2\/pages\/5473","targetHints":{"allow":["GET"]}}],"collection":[{"href":"https:\/\/probion.com\/sv\/wp-json\/wp\/v2\/pages"}],"about":[{"href":"https:\/\/probion.com\/sv\/wp-json\/wp\/v2\/types\/page"}],"author":[{"embeddable":true,"href":"https:\/\/probion.com\/sv\/wp-json\/wp\/v2\/users\/1"}],"replies":[{"embeddable":true,"href":"https:\/\/probion.com\/sv\/wp-json\/wp\/v2\/comments?post=5473"}],"version-history":[{"count":0,"href":"https:\/\/probion.com\/sv\/wp-json\/wp\/v2\/pages\/5473\/revisions"}],"wp:attachment":[{"href":"https:\/\/probion.com\/sv\/wp-json\/wp\/v2\/media?parent=5473"}],"curies":[{"name":"wp","href":"https:\/\/api.w.org\/{rel}","templated":true}]}}